{"id":2061,"date":"2021-09-14T13:24:47","date_gmt":"2021-09-14T16:24:47","guid":{"rendered":"https:\/\/comprenowhats.com.br\/anacaprimacae\/produto\/pre-venda-tenis-brigadeiro-branco-leite-moca\/"},"modified":"2021-10-07T12:47:15","modified_gmt":"2021-10-07T15:47:15","slug":"pre-venda-tenis-brigadeiro-branco-leite-moca","status":"publish","type":"product","link":"https:\/\/comprenowhats.com.br\/anacaprimacae\/produto\/pre-venda-tenis-brigadeiro-branco-leite-moca\/","title":{"rendered":"[Pr\u00e9 Venda] T\u00eanis Brigadeiro Branco Leite Mo\u00e7a"},"content":{"rendered":"<div style='text-align: center'><img src='https:\/\/secure-static.anacapri.com.br\/medias\/sys_master\/anacapri\/anacapri\/ha9\/hf9\/h00\/h00\/10361780273182\/3027700240001U-02-BASEIMAGE-Midres.jpg' style='max-height: 400px' \/><img src='https:\/\/secure-static.anacapri.com.br\/medias\/sys_master\/anacapri\/anacapri\/hb4\/hee\/h00\/h00\/10361780600862\/3027700240001U-03-BASEIMAGE-Midres.jpg' style='max-height: 400px' \/><img src='https:\/\/secure-static.anacapri.com.br\/medias\/sys_master\/anacapri\/anacapri\/h58\/h33\/h00\/h00\/10361780928542\/3027700240001U-04-BASEIMAGE-Midres.jpg' style='max-height: 400px' \/><img src='https:\/\/secure-static.anacapri.com.br\/medias\/sys_master\/anacapri\/anacapri\/hfa\/h96\/h00\/h00\/10361781256222\/3027700240001U-05-BASEIMAGE-Midres.jpg' style='max-height: 400px' \/><img src='https:\/\/secure-static.anacapri.com.br\/medias\/sys_master\/anacapri\/anacapri\/hca\/h38\/h00\/h00\/10361781583902\/3027700240001U-06-BASEIMAGE-Midres.jpg' style='max-height: 400px' \/><img src='https:\/\/secure-static.anacapri.com.br\/medias\/sys_master\/anacapri\/anacapri\/hef\/h93\/h00\/h00\/10361781911582\/3027700240001U-07-BASEIMAGE-Midres.jpg' style='max-height: 400px' \/><img src='https:\/\/secure-static.anacapri.com.br\/medias\/sys_master\/anacapri\/anacapri\/h5f\/h13\/h00\/h00\/10361782239262\/3027700240001U-08-BASEIMAGE-Midres.jpg' style='max-height: 400px' \/><img src='https:\/\/secure-static.anacapri.com.br\/medias\/sys_master\/anacapri\/anacapri\/h9c\/h71\/h00\/h00\/10385562697758\/3027700240001U-10-BASEIMAGE-Midres.png' style='max-height: 400px' \/><img src='https:\/\/secure-static.anacapri.com.br\/medias\/sys_master\/anacapri\/anacapri\/heb\/hf8\/h00\/h00\/10385585143838\/3027700240001U-11-BASEIMAGE-Midres.jpg' style='max-height: 400px' \/><\/div>\n<p>* Entre em contato por WhatsApp para verificar a disponibilidade do produto. Ref.: C3027700240001<\/p>\n","protected":false},"excerpt":{"rendered":"<p>Estoque dispon\u00edvel nos tamanhos: 34, 35, 36, 37, 39.<br \/><small>atualizado em 07\/10\/2021.<\/p>\n","protected":false},"featured_media":2060,"template":"","meta":[],"product_cat":[50],"product_tag":[22,23,24,25,27],"_links":{"self":[{"href":"https:\/\/comprenowhats.com.br\/anacaprimacae\/wp-json\/wp\/v2\/product\/2061"}],"collection":[{"href":"https:\/\/comprenowhats.com.br\/anacaprimacae\/wp-json\/wp\/v2\/product"}],"about":[{"href":"https:\/\/comprenowhats.com.br\/anacaprimacae\/wp-json\/wp\/v2\/types\/product"}],"wp:featuredmedia":[{"embeddable":true,"href":"https:\/\/comprenowhats.com.br\/anacaprimacae\/wp-json\/wp\/v2\/media\/2060"}],"wp:attachment":[{"href":"https:\/\/comprenowhats.com.br\/anacaprimacae\/wp-json\/wp\/v2\/media?parent=2061"}],"wp:term":[{"taxonomy":"product_cat","embeddable":true,"href":"https:\/\/comprenowhats.com.br\/anacaprimacae\/wp-json\/wp\/v2\/product_cat?post=2061"},{"taxonomy":"product_tag","embeddable":true,"href":"https:\/\/comprenowhats.com.br\/anacaprimacae\/wp-json\/wp\/v2\/product_tag?post=2061"}],"curies":[{"name":"wp","href":"https:\/\/api.w.org\/{rel}","templated":true}]}}