{"id":1836,"date":"2021-04-14T13:09:23","date_gmt":"2021-04-14T16:09:23","guid":{"rendered":"https:\/\/comprenowhats.com.br\/anacaprimacae\/produto\/crossbody-preta-media-alca-gorgurao\/"},"modified":"2022-05-18T11:46:12","modified_gmt":"2022-05-18T14:46:12","slug":"crossbody-preta-media-alca-gorgurao","status":"publish","type":"product","link":"https:\/\/comprenowhats.com.br\/anacaprimacae\/produto\/crossbody-preta-media-alca-gorgurao\/","title":{"rendered":"Crossbody Preta M\u00e9dia Al\u00e7a Gorgur\u00e3o"},"content":{"rendered":"<div style='text-align: center'><img src='https:\/\/secure-static.anacapri.com.br\/medias\/sys_master\/anacapri\/anacapri\/hfe\/h56\/h00\/h00\/10120760688670\/5001203590001U-03-BASEIMAGE-Midres.jpg' style='max-height: 400px' \/><img src='https:\/\/secure-static.anacapri.com.br\/medias\/sys_master\/anacapri\/anacapri\/hdd\/h5f\/h00\/h00\/10120761016350\/5001203590001U-04-BASEIMAGE-Midres.jpg' style='max-height: 400px' \/><img src='https:\/\/secure-static.anacapri.com.br\/medias\/sys_master\/anacapri\/anacapri\/hd4\/hbe\/h00\/h00\/10120761475102\/5001203590001U-05-BASEIMAGE-Midres.jpg' style='max-height: 400px' \/><\/div>\n<p>* Entre em contato por WhatsApp para verificar a disponibilidade do produto. Ref.: C5001203590001<\/p>\n","protected":false},"excerpt":{"rendered":"<p>Estoque indispon\u00edvel.<br \/><small>atualizado em 18\/05\/2022.<\/p>\n","protected":false},"featured_media":1835,"template":"","meta":[],"product_cat":[32],"product_tag":[],"_links":{"self":[{"href":"https:\/\/comprenowhats.com.br\/anacaprimacae\/wp-json\/wp\/v2\/product\/1836"}],"collection":[{"href":"https:\/\/comprenowhats.com.br\/anacaprimacae\/wp-json\/wp\/v2\/product"}],"about":[{"href":"https:\/\/comprenowhats.com.br\/anacaprimacae\/wp-json\/wp\/v2\/types\/product"}],"wp:featuredmedia":[{"embeddable":true,"href":"https:\/\/comprenowhats.com.br\/anacaprimacae\/wp-json\/wp\/v2\/media\/1835"}],"wp:attachment":[{"href":"https:\/\/comprenowhats.com.br\/anacaprimacae\/wp-json\/wp\/v2\/media?parent=1836"}],"wp:term":[{"taxonomy":"product_cat","embeddable":true,"href":"https:\/\/comprenowhats.com.br\/anacaprimacae\/wp-json\/wp\/v2\/product_cat?post=1836"},{"taxonomy":"product_tag","embeddable":true,"href":"https:\/\/comprenowhats.com.br\/anacaprimacae\/wp-json\/wp\/v2\/product_tag?post=1836"}],"curies":[{"name":"wp","href":"https:\/\/api.w.org\/{rel}","templated":true}]}}