{"id":1302,"date":"2020-12-11T14:44:42","date_gmt":"2020-12-11T17:44:42","guid":{"rendered":"https:\/\/comprenowhats.com.br\/anacaprimacae\/produto\/kit-rasteira-dourada-splash-cristais-e-bag-transparente\/"},"modified":"2021-09-27T18:38:48","modified_gmt":"2021-09-27T21:38:48","slug":"kit-rasteira-dourada-splash-cristais-e-bag-transparente","status":"publish","type":"product","link":"https:\/\/comprenowhats.com.br\/anacaprimacae\/produto\/kit-rasteira-dourada-splash-cristais-e-bag-transparente\/","title":{"rendered":"Kit Rasteira Dourada Splash Cristais e Bag Transparente"},"content":{"rendered":"<p>Chinelo de dedo dourado em Splash injetado. O modelo tem sola rasteira emborrachada e palmilha texturizada com nome da marca. De bico redondo, traz tiras finas injetadas lisas, entre os dedos, e cobertas por cristais hotfix dourados. Aberto, o chinelo de dedo exibe todo o p\u00e9. Acompanha bolsa em vinil transparente com contorno dourado e inscri\u00e7\u00e3o do nome da marca. A bolsa tem fecho superior em z\u00edper e al\u00e7a lateral mini.<\/p>\n<p><b>Porque Apostar<\/b><\/br><\/br>Tudo fica mais glam com brilhos! O cl\u00e1ssico chinelo de dedo ganhou um upgrade &#8211; mas quem vai brilhar \u00e9 voc\u00ea, mana! Garantia de muito conforto, vai ser seu queridinho para looks despojados e com aquele toque glow! O modelo acompanha uma bag transparente super charmosa, pensada para acomodar o chinelo e que tamb\u00e9m pode ser usada como necessaire e bolsa de m\u00e3o. O kit perfeito para presentear quem a gente ama &#8211; eu ouvi eu mesma&#8221;? \ud83d\ude09<\/p>\n<div style='text-align: center'><img src='https:\/\/secure-static.anacapri.com.br\/medias\/sys_master\/anacapri\/anacapri\/hf9\/h8f\/h00\/h00\/9996900925470\/3025300020002U-04-BASEIMAGE-Midres.jpg' style='max-height: 400px' \/><img src='https:\/\/secure-static.anacapri.com.br\/medias\/sys_master\/anacapri\/anacapri\/h9b\/hf3\/h00\/h00\/9996901253150\/3025300020002U-05-BASEIMAGE-Midres.jpg' style='max-height: 400px' \/><img src='https:\/\/secure-static.anacapri.com.br\/medias\/sys_master\/anacapri\/anacapri\/h6b\/h95\/h00\/h00\/9996901580830\/3025300020002U-06-BASEIMAGE-Midres.jpg' style='max-height: 400px' \/><img src='https:\/\/secure-static.anacapri.com.br\/medias\/sys_master\/anacapri\/anacapri\/h4a\/h2d\/h00\/h00\/9996901908510\/3025300020002U-07-BASEIMAGE-Midres.jpg' style='max-height: 400px' \/><img src='https:\/\/secure-static.anacapri.com.br\/medias\/sys_master\/anacapri\/anacapri\/h41\/h49\/h00\/h00\/9996902236190\/3025300020002U-08-BASEIMAGE-Midres.jpg' style='max-height: 400px' \/><img src='https:\/\/secure-static.anacapri.com.br\/medias\/sys_master\/anacapri\/anacapri\/hdc\/h87\/h00\/h00\/10000553672734\/3025300020002U-09-BASEIMAGE-Midres.jpg' style='max-height: 400px' \/><img src='https:\/\/secure-static.anacapri.com.br\/medias\/sys_master\/anacapri\/anacapri\/ha6\/h3a\/h00\/h00\/9996902891550\/3025300020002U-10-BASEIMAGE-Midres.jpg' style='max-height: 400px' \/><img src='https:\/\/secure-static.anacapri.com.br\/medias\/sys_master\/anacapri\/anacapri\/h6d\/h19\/h00\/h00\/9996903219230\/3025300020002U-11-BASEIMAGE-Midres.jpg' style='max-height: 400px' \/><\/div>\n<p>* Entre em contato por WhatsApp para verificar a disponibilidade do produto. Ref.: C3025300020002&#8243;<\/p>\n","protected":false},"excerpt":{"rendered":"<p>Estoque indispon\u00edvel.<br \/><small>atualizado em 27\/09\/2021.<\/p>\n","protected":false},"featured_media":1301,"template":"","meta":[],"product_cat":[49],"product_tag":[23,25,26],"_links":{"self":[{"href":"https:\/\/comprenowhats.com.br\/anacaprimacae\/wp-json\/wp\/v2\/product\/1302"}],"collection":[{"href":"https:\/\/comprenowhats.com.br\/anacaprimacae\/wp-json\/wp\/v2\/product"}],"about":[{"href":"https:\/\/comprenowhats.com.br\/anacaprimacae\/wp-json\/wp\/v2\/types\/product"}],"wp:featuredmedia":[{"embeddable":true,"href":"https:\/\/comprenowhats.com.br\/anacaprimacae\/wp-json\/wp\/v2\/media\/1301"}],"wp:attachment":[{"href":"https:\/\/comprenowhats.com.br\/anacaprimacae\/wp-json\/wp\/v2\/media?parent=1302"}],"wp:term":[{"taxonomy":"product_cat","embeddable":true,"href":"https:\/\/comprenowhats.com.br\/anacaprimacae\/wp-json\/wp\/v2\/product_cat?post=1302"},{"taxonomy":"product_tag","embeddable":true,"href":"https:\/\/comprenowhats.com.br\/anacaprimacae\/wp-json\/wp\/v2\/product_tag?post=1302"}],"curies":[{"name":"wp","href":"https:\/\/api.w.org\/{rel}","templated":true}]}}