{"id":1300,"date":"2020-12-11T14:44:41","date_gmt":"2020-12-11T17:44:41","guid":{"rendered":"https:\/\/comprenowhats.com.br\/anacaprimacae\/produto\/rasteira-animal-print-splash-tiras-cruzadas\/"},"modified":"2022-05-18T11:34:24","modified_gmt":"2022-05-18T14:34:24","slug":"rasteira-animal-print-splash-tiras-cruzadas","status":"publish","type":"product","link":"https:\/\/comprenowhats.com.br\/anacaprimacae\/produto\/rasteira-animal-print-splash-tiras-cruzadas\/","title":{"rendered":"Rasteira Animal Print Splash Tiras Cruzadas"},"content":{"rendered":"<p>Rasteira em Splash injetado glossy. O modelo tem solado flat preto e bico redondo. Traz duas tiras largas em estampa animal print de on\u00e7a cruzadas sobre o peito do p\u00e9. Aberta, a sand\u00e1lia deixa dedos e calcanhar \u00e0 mostra.<\/p>\n<p><b>Porque Apostar<\/b><\/br><\/br>Alerta trend: a rasteira traz um mix de estampa de oncinha + Splash injetado que \u00e9 a cara da esta\u00e7\u00e3o! Perfeita para quem curte um cl\u00e1ssico atualizado! Vai do office ao passeio e garante que voc\u00ea vai arrasar no matter what! Nesse modelo, aconselhamos a compra de um tamanho maior do que sua numera\u00e7\u00e3o convencional.<\/p>\n<div style='text-align: center'><img src='https:\/\/secure-static.anacapri.com.br\/medias\/sys_master\/anacapri\/anacapri\/h29\/hdb\/h00\/h00\/9996872712222\/3025500010001U-03-BASEIMAGE-Midres.jpg' style='max-height: 400px' \/><img src='https:\/\/secure-static.anacapri.com.br\/medias\/sys_master\/anacapri\/anacapri\/h3e\/h30\/h00\/h00\/9996873039902\/3025500010001U-04-BASEIMAGE-Midres.jpg' style='max-height: 400px' \/><img src='https:\/\/secure-static.anacapri.com.br\/medias\/sys_master\/anacapri\/anacapri\/h54\/h28\/h00\/h00\/9996873367582\/3025500010001U-05-BASEIMAGE-Midres.jpg' style='max-height: 400px' \/><img src='https:\/\/secure-static.anacapri.com.br\/medias\/sys_master\/anacapri\/anacapri\/h41\/h27\/h00\/h00\/9996873695262\/3025500010001U-06-BASEIMAGE-Midres.jpg' style='max-height: 400px' \/><img src='https:\/\/secure-static.anacapri.com.br\/medias\/sys_master\/anacapri\/anacapri\/hfc\/h03\/h00\/h00\/9996874088478\/3025500010001U-07-BASEIMAGE-Midres.jpg' style='max-height: 400px' \/><img src='https:\/\/secure-static.anacapri.com.br\/medias\/sys_master\/anacapri\/anacapri\/hfa\/hc9\/h00\/h00\/9996874481694\/3025500010001U-08-BASEIMAGE-Midres.jpg' style='max-height: 400px' \/><\/div>\n<p>* Entre em contato por WhatsApp para verificar a disponibilidade do produto. Ref.: C3025500010001<\/p>\n","protected":false},"excerpt":{"rendered":"<p>Estoque indispon\u00edvel.<br \/><small>atualizado em 18\/05\/2022.<\/p>\n","protected":false},"featured_media":1299,"template":"","meta":[],"product_cat":[49],"product_tag":[36],"_links":{"self":[{"href":"https:\/\/comprenowhats.com.br\/anacaprimacae\/wp-json\/wp\/v2\/product\/1300"}],"collection":[{"href":"https:\/\/comprenowhats.com.br\/anacaprimacae\/wp-json\/wp\/v2\/product"}],"about":[{"href":"https:\/\/comprenowhats.com.br\/anacaprimacae\/wp-json\/wp\/v2\/types\/product"}],"wp:featuredmedia":[{"embeddable":true,"href":"https:\/\/comprenowhats.com.br\/anacaprimacae\/wp-json\/wp\/v2\/media\/1299"}],"wp:attachment":[{"href":"https:\/\/comprenowhats.com.br\/anacaprimacae\/wp-json\/wp\/v2\/media?parent=1300"}],"wp:term":[{"taxonomy":"product_cat","embeddable":true,"href":"https:\/\/comprenowhats.com.br\/anacaprimacae\/wp-json\/wp\/v2\/product_cat?post=1300"},{"taxonomy":"product_tag","embeddable":true,"href":"https:\/\/comprenowhats.com.br\/anacaprimacae\/wp-json\/wp\/v2\/product_tag?post=1300"}],"curies":[{"name":"wp","href":"https:\/\/api.w.org\/{rel}","templated":true}]}}