{"id":1298,"date":"2020-12-11T14:44:37","date_gmt":"2020-12-11T17:44:37","guid":{"rendered":"https:\/\/comprenowhats.com.br\/anacaprimacae\/produto\/rasteira-amarela-splash-tiras-cruzadas\/"},"modified":"2022-05-18T11:33:50","modified_gmt":"2022-05-18T14:33:50","slug":"rasteira-amarela-splash-tiras-cruzadas","status":"publish","type":"product","link":"https:\/\/comprenowhats.com.br\/anacaprimacae\/produto\/rasteira-amarela-splash-tiras-cruzadas\/","title":{"rendered":"Rasteira Amarela Splash Tiras Cruzadas"},"content":{"rendered":"<p>Rasteira amarela em Splash injetado glossy. O modelo tem solado flat e bico redondo. Traz duas tiras largas cruzadas sobre o peito do p\u00e9. Aberta, a sand\u00e1lia deixa dedos e calcanhar \u00e0 mostra.<\/p>\n<p><b>Porque Apostar<\/b><\/br><\/br>Minimal, a rasteira de tiras cruzadas \u00e9 hit real oficial e agora vem atualizada na tend\u00eancia color &amp; fun da temporada! Pr\u00e1tica de cal\u00e7ar e mega comfy, vai ser sua melhor amiga nos dias quentes de ver\u00e3o! Nesse modelo, aconselhamos a compra de um tamanho maior do que sua numera\u00e7\u00e3o convencional.<\/p>\n<div style='text-align: center'><img src='https:\/\/secure-static.anacapri.com.br\/medias\/sys_master\/anacapri\/anacapri\/hb3\/hf1\/h00\/h00\/9997002768414\/3025500020001U-03-BASEIMAGE-Midres.jpg' style='max-height: 400px' \/><img src='https:\/\/secure-static.anacapri.com.br\/medias\/sys_master\/anacapri\/anacapri\/hb0\/h0f\/h00\/h00\/9997003161630\/3025500020001U-04-BASEIMAGE-Midres.jpg' style='max-height: 400px' \/><img src='https:\/\/secure-static.anacapri.com.br\/medias\/sys_master\/anacapri\/anacapri\/h0b\/hcb\/h00\/h00\/9997003489310\/3025500020001U-05-BASEIMAGE-Midres.jpg' style='max-height: 400px' \/><img src='https:\/\/secure-static.anacapri.com.br\/medias\/sys_master\/anacapri\/anacapri\/h52\/he2\/h00\/h00\/9997003816990\/3025500020001U-06-BASEIMAGE-Midres.jpg' style='max-height: 400px' \/><img src='https:\/\/secure-static.anacapri.com.br\/medias\/sys_master\/anacapri\/anacapri\/h77\/hb7\/h00\/h00\/9997004210206\/3025500020001U-07-BASEIMAGE-Midres.jpg' style='max-height: 400px' \/><img src='https:\/\/secure-static.anacapri.com.br\/medias\/sys_master\/anacapri\/anacapri\/h7c\/h7a\/h00\/h00\/9997004603422\/3025500020001U-08-BASEIMAGE-Midres.jpg' style='max-height: 400px' \/><\/div>\n<p>* Entre em contato por WhatsApp para verificar a disponibilidade do produto. Ref.: C3025500020001<\/p>\n","protected":false},"excerpt":{"rendered":"<p>Estoque indispon\u00edvel.<br \/><small>atualizado em 18\/05\/2022.<\/p>\n","protected":false},"featured_media":1297,"template":"","meta":[],"product_cat":[49],"product_tag":[36],"_links":{"self":[{"href":"https:\/\/comprenowhats.com.br\/anacaprimacae\/wp-json\/wp\/v2\/product\/1298"}],"collection":[{"href":"https:\/\/comprenowhats.com.br\/anacaprimacae\/wp-json\/wp\/v2\/product"}],"about":[{"href":"https:\/\/comprenowhats.com.br\/anacaprimacae\/wp-json\/wp\/v2\/types\/product"}],"wp:featuredmedia":[{"embeddable":true,"href":"https:\/\/comprenowhats.com.br\/anacaprimacae\/wp-json\/wp\/v2\/media\/1297"}],"wp:attachment":[{"href":"https:\/\/comprenowhats.com.br\/anacaprimacae\/wp-json\/wp\/v2\/media?parent=1298"}],"wp:term":[{"taxonomy":"product_cat","embeddable":true,"href":"https:\/\/comprenowhats.com.br\/anacaprimacae\/wp-json\/wp\/v2\/product_cat?post=1298"},{"taxonomy":"product_tag","embeddable":true,"href":"https:\/\/comprenowhats.com.br\/anacaprimacae\/wp-json\/wp\/v2\/product_tag?post=1298"}],"curies":[{"name":"wp","href":"https:\/\/api.w.org\/{rel}","templated":true}]}}