{"id":1294,"date":"2020-12-11T14:44:22","date_gmt":"2020-12-11T17:44:22","guid":{"rendered":"https:\/\/comprenowhats.com.br\/anacaprimacae\/produto\/rasteira-laranja-splash-tiras-cruzadas\/"},"modified":"2022-05-18T11:33:32","modified_gmt":"2022-05-18T14:33:32","slug":"rasteira-laranja-splash-tiras-cruzadas","status":"publish","type":"product","link":"https:\/\/comprenowhats.com.br\/anacaprimacae\/produto\/rasteira-laranja-splash-tiras-cruzadas\/","title":{"rendered":"Rasteira Laranja Splash Tiras Cruzadas"},"content":{"rendered":"<p>Rasteira laranja em Splash injetado glossy. O modelo tem solado flat e bico redondo. Traz duas tiras largas cruzadas sobre o peito do p\u00e9. Aberta, a sand\u00e1lia deixa dedos e calcanhar \u00e0 mostra.<\/p>\n<p><b>Porque Apostar<\/b><\/br><\/br>Minimal, a rasteira de tiras cruzadas \u00e9 hit real oficial e agora vem atualizada na tend\u00eancia color &amp; fun da temporada! Pr\u00e1tica de cal\u00e7ar e mega comfy, vai ser sua melhor amiga nos dias quentes de ver\u00e3o! Nesse modelo, aconselhamos a compra de um tamanho maior do que sua numera\u00e7\u00e3o convencional.<\/p>\n<div style='text-align: center'><img src='https:\/\/secure-static.anacapri.com.br\/medias\/sys_master\/anacapri\/anacapri\/he6\/hf7\/h00\/h00\/9997000540190\/3025500020003U-03-BASEIMAGE-Midres.jpg' style='max-height: 400px' \/><img src='https:\/\/secure-static.anacapri.com.br\/medias\/sys_master\/anacapri\/anacapri\/hd5\/h83\/h00\/h00\/9997000146974\/3025500020003U-04-BASEIMAGE-Midres.jpg' style='max-height: 400px' \/><img src='https:\/\/secure-static.anacapri.com.br\/medias\/sys_master\/anacapri\/anacapri\/h3a\/h71\/h00\/h00\/9997000867870\/3025500020003U-05-BASEIMAGE-Midres.jpg' style='max-height: 400px' \/><img src='https:\/\/secure-static.anacapri.com.br\/medias\/sys_master\/anacapri\/anacapri\/h59\/hd7\/h00\/h00\/9997001326622\/3025500020003U-06-BASEIMAGE-Midres.jpg' style='max-height: 400px' \/><img src='https:\/\/secure-static.anacapri.com.br\/medias\/sys_master\/anacapri\/anacapri\/h10\/hd9\/h00\/h00\/9997001654302\/3025500020003U-07-BASEIMAGE-Midres.jpg' style='max-height: 400px' \/><img src='https:\/\/secure-static.anacapri.com.br\/medias\/sys_master\/anacapri\/anacapri\/h13\/h81\/h00\/h00\/9997001981982\/3025500020003U-08-BASEIMAGE-Midres.jpg' style='max-height: 400px' \/><\/div>\n<p>* Entre em contato por WhatsApp para verificar a disponibilidade do produto. Ref.: C3025500020003<\/p>\n","protected":false},"excerpt":{"rendered":"<p>Estoque indispon\u00edvel.<br \/><small>atualizado em 18\/05\/2022.<\/p>\n","protected":false},"featured_media":1293,"template":"","meta":[],"product_cat":[49],"product_tag":[36],"_links":{"self":[{"href":"https:\/\/comprenowhats.com.br\/anacaprimacae\/wp-json\/wp\/v2\/product\/1294"}],"collection":[{"href":"https:\/\/comprenowhats.com.br\/anacaprimacae\/wp-json\/wp\/v2\/product"}],"about":[{"href":"https:\/\/comprenowhats.com.br\/anacaprimacae\/wp-json\/wp\/v2\/types\/product"}],"wp:featuredmedia":[{"embeddable":true,"href":"https:\/\/comprenowhats.com.br\/anacaprimacae\/wp-json\/wp\/v2\/media\/1293"}],"wp:attachment":[{"href":"https:\/\/comprenowhats.com.br\/anacaprimacae\/wp-json\/wp\/v2\/media?parent=1294"}],"wp:term":[{"taxonomy":"product_cat","embeddable":true,"href":"https:\/\/comprenowhats.com.br\/anacaprimacae\/wp-json\/wp\/v2\/product_cat?post=1294"},{"taxonomy":"product_tag","embeddable":true,"href":"https:\/\/comprenowhats.com.br\/anacaprimacae\/wp-json\/wp\/v2\/product_tag?post=1294"}],"curies":[{"name":"wp","href":"https:\/\/api.w.org\/{rel}","templated":true}]}}