{"id":1292,"date":"2020-12-11T14:44:19","date_gmt":"2020-12-11T17:44:19","guid":{"rendered":"https:\/\/comprenowhats.com.br\/anacaprimacae\/produto\/kit-rasteira-prata-velho-splash-cristais-e-bag-transparente\/"},"modified":"2023-11-28T16:39:35","modified_gmt":"2023-11-28T19:39:35","slug":"kit-rasteira-prata-velho-splash-cristais-e-bag-transparente","status":"publish","type":"product","link":"https:\/\/comprenowhats.com.br\/anacaprimacae\/produto\/kit-rasteira-prata-velho-splash-cristais-e-bag-transparente\/","title":{"rendered":"Kit Rasteira Prata Velho Splash Cristais e Bag Transparente"},"content":{"rendered":"<p>Chinelo de dedo prateado em Splash injetado. O modelo tem sola rasteira emborrachada e palmilha texturizada com nome da marca. De bico redondo, traz tiras finas injetadas lisas, entre os dedos, e cobertas por cristais hotfix prateados. Aberto, o chinelo de dedo exibe todo o p\u00e9. Acompanha bolsa em vinil transparente com contorno prata velho e inscri\u00e7\u00e3o do nome da marca. A bolsa tem fecho superior em z\u00edper e al\u00e7a lateral mini.<\/p>\n<p><b>Porque Apostar<\/b><\/br><\/br>Tudo fica mais glam com brilhos! O cl\u00e1ssico chinelo de dedo ganhou um upgrade &#8211; mas quem vai brilhar \u00e9 voc\u00ea, mana! Garantia de muito conforto, vai ser seu queridinho para looks despojados e com aquele toque glow! O modelo acompanha uma bag transparente super charmosa, pensada para acomodar o chinelo e que tamb\u00e9m pode ser usada como necessaire e bolsa de m\u00e3o. O kit perfeito para presentear quem a gente ama &#8211; eu ouvi eu mesma&#8221;? \ud83d\ude09<\/p>\n<div style='text-align: center'><img src='https:\/\/secure-static.anacapri.com.br\/medias\/sys_master\/anacapri\/anacapri\/hf9\/ha3\/h00\/h00\/9996894371870\/3025300020003U-04-BASEIMAGE-Midres.jpg' style='max-height: 400px' \/><img src='https:\/\/secure-static.anacapri.com.br\/medias\/sys_master\/anacapri\/anacapri\/h61\/h17\/h00\/h00\/9996894699550\/3025300020003U-05-BASEIMAGE-Midres.jpg' style='max-height: 400px' \/><img src='https:\/\/secure-static.anacapri.com.br\/medias\/sys_master\/anacapri\/anacapri\/h7a\/h9f\/h00\/h00\/9996895027230\/3025300020003U-06-BASEIMAGE-Midres.jpg' style='max-height: 400px' \/><img src='https:\/\/secure-static.anacapri.com.br\/medias\/sys_master\/anacapri\/anacapri\/h4a\/h41\/h00\/h00\/9996895354910\/3025300020003U-07-BASEIMAGE-Midres.jpg' style='max-height: 400px' \/><img src='https:\/\/secure-static.anacapri.com.br\/medias\/sys_master\/anacapri\/anacapri\/h35\/h49\/h00\/h00\/9996895682590\/3025300020003U-08-BASEIMAGE-Midres.jpg' style='max-height: 400px' \/><img src='https:\/\/secure-static.anacapri.com.br\/medias\/sys_master\/anacapri\/anacapri\/h76\/h96\/h00\/h00\/10000553017374\/3025300020003U-09-BASEIMAGE-Midres.jpg' style='max-height: 400px' \/><img src='https:\/\/secure-static.anacapri.com.br\/medias\/sys_master\/anacapri\/anacapri\/h0f\/h69\/h00\/h00\/9996896337950\/3025300020003U-10-BASEIMAGE-Midres.jpg' style='max-height: 400px' \/><img src='https:\/\/secure-static.anacapri.com.br\/medias\/sys_master\/anacapri\/anacapri\/h79\/h19\/h00\/h00\/9996896665630\/3025300020003U-11-BASEIMAGE-Midres.jpg' style='max-height: 400px' \/><\/div>\n<p>* Entre em contato por WhatsApp para verificar a disponibilidade do produto. Ref.: C3025300020003&#8243;<\/p>\n","protected":false},"excerpt":{"rendered":"<p>Estoque dispon\u00edvel nos tamanhos: ULTIMA_ESTACAO, 33\/4.<br \/><small>atualizado em 28\/11\/2023.<\/p>\n","protected":false},"featured_media":1291,"template":"","meta":[],"product_cat":[49],"product_tag":[36,103],"_links":{"self":[{"href":"https:\/\/comprenowhats.com.br\/anacaprimacae\/wp-json\/wp\/v2\/product\/1292"}],"collection":[{"href":"https:\/\/comprenowhats.com.br\/anacaprimacae\/wp-json\/wp\/v2\/product"}],"about":[{"href":"https:\/\/comprenowhats.com.br\/anacaprimacae\/wp-json\/wp\/v2\/types\/product"}],"wp:featuredmedia":[{"embeddable":true,"href":"https:\/\/comprenowhats.com.br\/anacaprimacae\/wp-json\/wp\/v2\/media\/1291"}],"wp:attachment":[{"href":"https:\/\/comprenowhats.com.br\/anacaprimacae\/wp-json\/wp\/v2\/media?parent=1292"}],"wp:term":[{"taxonomy":"product_cat","embeddable":true,"href":"https:\/\/comprenowhats.com.br\/anacaprimacae\/wp-json\/wp\/v2\/product_cat?post=1292"},{"taxonomy":"product_tag","embeddable":true,"href":"https:\/\/comprenowhats.com.br\/anacaprimacae\/wp-json\/wp\/v2\/product_tag?post=1292"}],"curies":[{"name":"wp","href":"https:\/\/api.w.org\/{rel}","templated":true}]}}