{"id":1290,"date":"2020-12-11T14:44:13","date_gmt":"2020-12-11T17:44:13","guid":{"rendered":"https:\/\/comprenowhats.com.br\/anacaprimacae\/produto\/tenis-slip-on-verde-ana-de-acucar\/"},"modified":"2022-05-18T11:33:42","modified_gmt":"2022-05-18T14:33:42","slug":"tenis-slip-on-verde-ana-de-acucar","status":"publish","type":"product","link":"https:\/\/comprenowhats.com.br\/anacaprimacae\/produto\/tenis-slip-on-verde-ana-de-acucar\/","title":{"rendered":"T\u00eanis Slip On Verde Ana de A\u00e7ucar"},"content":{"rendered":"<p>Ana de a\u00e7\u00facar \u00e9 o primeiro cal\u00e7ado produzido no Brasil que \u00e9 todo feito de uma resina produzida a partir da cana-de-a\u00e7\u00facar, de origem 100% renov\u00e1vel. Essa resina leva o nome de EVA Verde e apresenta caracter\u00edsticas como flexibilidade, leveza e resist\u00eancia. Ana de a\u00e7\u00facar, gentil com voc\u00ea, gentil com o planeta.<\/p>\n<div style='text-align: center'><img src='https:\/\/secure-static.anacapri.com.br\/medias\/sys_master\/anacapri\/anacapri\/h5a\/hb1\/h00\/h00\/9920579797022\/3023100010007U-03-BASEIMAGE-Midres.jpg' style='max-height: 400px' \/><img src='https:\/\/secure-static.anacapri.com.br\/medias\/sys_master\/anacapri\/anacapri\/h9f\/hb6\/h00\/h00\/9920579960862\/3023100010007U-04-BASEIMAGE-Midres.jpg' style='max-height: 400px' \/><img src='https:\/\/secure-static.anacapri.com.br\/medias\/sys_master\/anacapri\/anacapri\/h09\/hd8\/h00\/h00\/9920580124702\/3023100010007U-05-BASEIMAGE-Midres.jpg' style='max-height: 400px' \/><img src='https:\/\/secure-static.anacapri.com.br\/medias\/sys_master\/anacapri\/anacapri\/hd5\/h7c\/h00\/h00\/9920580288542\/3023100010007U-06-BASEIMAGE-Midres.jpg' style='max-height: 400px' \/><img src='https:\/\/secure-static.anacapri.com.br\/medias\/sys_master\/anacapri\/anacapri\/h1f\/hd0\/h00\/h00\/9920580452382\/3023100010007U-07-BASEIMAGE-Midres.jpg' style='max-height: 400px' \/><img src='https:\/\/secure-static.anacapri.com.br\/medias\/sys_master\/anacapri\/anacapri\/h5a\/he0\/h00\/h00\/9920580616222\/3023100010007U-08-BASEIMAGE-Midres.jpg' style='max-height: 400px' \/><img src='https:\/\/secure-static.anacapri.com.br\/medias\/sys_master\/anacapri\/anacapri\/hae\/h48\/h00\/h00\/9918150410270\/3023100010007U-10-BASEIMAGE-Midres.png' style='max-height: 400px' \/><img src='https:\/\/secure-static.anacapri.com.br\/medias\/sys_master\/anacapri\/anacapri\/h8c\/hdf\/h00\/h00\/9918150737950\/3023100010007U-11-BASEIMAGE-Midres.png' style='max-height: 400px' \/><img src='https:\/\/secure-static.anacapri.com.br\/medias\/sys_master\/anacapri\/anacapri\/hd0\/hbc\/h00\/h00\/9918151065630\/3023100010007U-12-BASEIMAGE-Midres.png' style='max-height: 400px' \/><img src='https:\/\/secure-static.anacapri.com.br\/medias\/sys_master\/anacapri\/anacapri\/h3b\/h6d\/h00\/h00\/9918151393310\/3023100010007U-13-BASEIMAGE-Midres.png' style='max-height: 400px' \/><img src='https:\/\/secure-static.anacapri.com.br\/medias\/sys_master\/anacapri\/anacapri\/hdc\/hbf\/h00\/h00\/9918151720990\/3023100010007U-14-BASEIMAGE-Midres.png' style='max-height: 400px' \/><\/div>\n<p>* Entre em contato por WhatsApp para verificar a disponibilidade do produto. Ref.: C3023100010007<\/p>\n","protected":false},"excerpt":{"rendered":"<p>Estoque dispon\u00edvel no tamanho: 35.<br \/><small>atualizado em 18\/05\/2022.<\/p>\n","protected":false},"featured_media":1289,"template":"","meta":[],"product_cat":[50],"product_tag":[23],"_links":{"self":[{"href":"https:\/\/comprenowhats.com.br\/anacaprimacae\/wp-json\/wp\/v2\/product\/1290"}],"collection":[{"href":"https:\/\/comprenowhats.com.br\/anacaprimacae\/wp-json\/wp\/v2\/product"}],"about":[{"href":"https:\/\/comprenowhats.com.br\/anacaprimacae\/wp-json\/wp\/v2\/types\/product"}],"wp:featuredmedia":[{"embeddable":true,"href":"https:\/\/comprenowhats.com.br\/anacaprimacae\/wp-json\/wp\/v2\/media\/1289"}],"wp:attachment":[{"href":"https:\/\/comprenowhats.com.br\/anacaprimacae\/wp-json\/wp\/v2\/media?parent=1290"}],"wp:term":[{"taxonomy":"product_cat","embeddable":true,"href":"https:\/\/comprenowhats.com.br\/anacaprimacae\/wp-json\/wp\/v2\/product_cat?post=1290"},{"taxonomy":"product_tag","embeddable":true,"href":"https:\/\/comprenowhats.com.br\/anacaprimacae\/wp-json\/wp\/v2\/product_tag?post=1290"}],"curies":[{"name":"wp","href":"https:\/\/api.w.org\/{rel}","templated":true}]}}