{"id":1288,"date":"2020-12-11T14:44:12","date_gmt":"2020-12-11T17:44:12","guid":{"rendered":"https:\/\/comprenowhats.com.br\/anacaprimacae\/produto\/tenis-slip-on-branco-ana-de-acucar\/"},"modified":"2022-05-18T11:45:51","modified_gmt":"2022-05-18T14:45:51","slug":"tenis-slip-on-branco-ana-de-acucar","status":"publish","type":"product","link":"https:\/\/comprenowhats.com.br\/anacaprimacae\/produto\/tenis-slip-on-branco-ana-de-acucar\/","title":{"rendered":"T\u00eanis Slip On Branco Ana de A\u00e7ucar"},"content":{"rendered":"<p>Ana de a\u00e7\u00facar \u00e9 o primeiro cal\u00e7ado produzido no Brasil que \u00e9 todo feito de uma resina produzida a partir da cana-de-a\u00e7\u00facar, de origem 100% renov\u00e1vel. Essa resina leva o nome de EVA Verde e apresenta caracter\u00edsticas como flexibilidade, leveza e resist\u00eancia. Ana de a\u00e7\u00facar, gentil com voc\u00ea, gentil com o planeta.<\/p>\n<div style='text-align: center'><img src='https:\/\/secure-static.anacapri.com.br\/medias\/sys_master\/anacapri\/anacapri\/h6b\/h90\/h00\/h00\/9920578322462\/3023100010008U-03-BASEIMAGE-Midres.jpg' style='max-height: 400px' \/><img src='https:\/\/secure-static.anacapri.com.br\/medias\/sys_master\/anacapri\/anacapri\/he0\/hf3\/h00\/h00\/9920578486302\/3023100010008U-04-BASEIMAGE-Midres.jpg' style='max-height: 400px' \/><img src='https:\/\/secure-static.anacapri.com.br\/medias\/sys_master\/anacapri\/anacapri\/hd5\/h40\/h00\/h00\/9920578650142\/3023100010008U-05-BASEIMAGE-Midres.jpg' style='max-height: 400px' \/><img src='https:\/\/secure-static.anacapri.com.br\/medias\/sys_master\/anacapri\/anacapri\/h7d\/hb9\/h00\/h00\/9920578813982\/3023100010008U-06-BASEIMAGE-Midres.jpg' style='max-height: 400px' \/><img src='https:\/\/secure-static.anacapri.com.br\/medias\/sys_master\/anacapri\/anacapri\/h08\/h56\/h00\/h00\/9920578977822\/3023100010008U-07-BASEIMAGE-Midres.jpg' style='max-height: 400px' \/><img src='https:\/\/secure-static.anacapri.com.br\/medias\/sys_master\/anacapri\/anacapri\/hdf\/he2\/h00\/h00\/9920579141662\/3023100010008U-08-BASEIMAGE-Midres.jpg' style='max-height: 400px' \/><img src='https:\/\/secure-static.anacapri.com.br\/medias\/sys_master\/anacapri\/anacapri\/h84\/h1c\/h00\/h00\/9918149394462\/3023100010008U-10-BASEIMAGE-Midres.png' style='max-height: 400px' \/><img src='https:\/\/secure-static.anacapri.com.br\/medias\/sys_master\/anacapri\/anacapri\/h11\/h33\/h00\/h00\/9918149066782\/3023100010008U-11-BASEIMAGE-Midres.png' style='max-height: 400px' \/><img src='https:\/\/secure-static.anacapri.com.br\/medias\/sys_master\/anacapri\/anacapri\/h7b\/hc4\/h00\/h00\/9918149918750\/3023100010008U-12-BASEIMAGE-Midres.png' style='max-height: 400px' \/><\/div>\n<p>* Entre em contato por WhatsApp para verificar a disponibilidade do produto. Ref.: C3023100010008<\/p>\n","protected":false},"excerpt":{"rendered":"<p>Estoque indispon\u00edvel.<br \/><small>atualizado em 18\/05\/2022.<\/p>\n","protected":false},"featured_media":1287,"template":"","meta":[],"product_cat":[50],"product_tag":[23],"_links":{"self":[{"href":"https:\/\/comprenowhats.com.br\/anacaprimacae\/wp-json\/wp\/v2\/product\/1288"}],"collection":[{"href":"https:\/\/comprenowhats.com.br\/anacaprimacae\/wp-json\/wp\/v2\/product"}],"about":[{"href":"https:\/\/comprenowhats.com.br\/anacaprimacae\/wp-json\/wp\/v2\/types\/product"}],"wp:featuredmedia":[{"embeddable":true,"href":"https:\/\/comprenowhats.com.br\/anacaprimacae\/wp-json\/wp\/v2\/media\/1287"}],"wp:attachment":[{"href":"https:\/\/comprenowhats.com.br\/anacaprimacae\/wp-json\/wp\/v2\/media?parent=1288"}],"wp:term":[{"taxonomy":"product_cat","embeddable":true,"href":"https:\/\/comprenowhats.com.br\/anacaprimacae\/wp-json\/wp\/v2\/product_cat?post=1288"},{"taxonomy":"product_tag","embeddable":true,"href":"https:\/\/comprenowhats.com.br\/anacaprimacae\/wp-json\/wp\/v2\/product_tag?post=1288"}],"curies":[{"name":"wp","href":"https:\/\/api.w.org\/{rel}","templated":true}]}}