{"id":1282,"date":"2020-12-11T14:44:08","date_gmt":"2020-12-11T17:44:08","guid":{"rendered":"https:\/\/comprenowhats.com.br\/anacaprimacae\/produto\/tenis-slip-on-rosa-knit\/"},"modified":"2022-05-18T11:45:44","modified_gmt":"2022-05-18T14:45:44","slug":"tenis-slip-on-rosa-knit","status":"publish","type":"product","link":"https:\/\/comprenowhats.com.br\/anacaprimacae\/produto\/tenis-slip-on-rosa-knit\/","title":{"rendered":"T\u00eanis Slip On Rosa Knit"},"content":{"rendered":"<p>T\u00eanis slip on rosa em tecido knit. O modelo tem solado esportivo emborrachado branco, com base tratorada. De bico redondo, traz cano estilo meia, que facilita o calce, al\u00e9m de tag marrom discreta com o nome da marca na lateral traseira. <\/p>\n<p><b>Porque Apostar<\/b><\/br><\/br>Com mood esportivo, o t\u00eanis slip on em knit \u00e9 mega confort\u00e1vel e pr\u00e1tico de cal\u00e7ar, perfeito para descomplicar os looks do dia a dia! Combine com jeans para um visual basiquinho e com saia para uma produ\u00e7\u00e3o com toque urbano. Aquele modelo que a gente n\u00e3o quer mais tirar do p\u00e9! Pode apostar, mana!<\/p>\n<div style='text-align: center'><img src='https:\/\/secure-static.anacapri.com.br\/medias\/sys_master\/anacapri\/anacapri\/hef\/h3d\/h00\/h00\/9969927225374\/3024200010002U-03-BASEIMAGE-Midres.jpg' style='max-height: 400px' \/><img src='https:\/\/secure-static.anacapri.com.br\/medias\/sys_master\/anacapri\/anacapri\/h85\/h25\/h00\/h00\/9969927389214\/3024200010002U-04-BASEIMAGE-Midres.jpg' style='max-height: 400px' \/><img src='https:\/\/secure-static.anacapri.com.br\/medias\/sys_master\/anacapri\/anacapri\/h85\/h8d\/h00\/h00\/9969927553054\/3024200010002U-05-BASEIMAGE-Midres.jpg' style='max-height: 400px' \/><img src='https:\/\/secure-static.anacapri.com.br\/medias\/sys_master\/anacapri\/anacapri\/h26\/h78\/h00\/h00\/9969927716894\/3024200010002U-06-BASEIMAGE-Midres.jpg' style='max-height: 400px' \/><img src='https:\/\/secure-static.anacapri.com.br\/medias\/sys_master\/anacapri\/anacapri\/h55\/h2f\/h00\/h00\/9969927880734\/3024200010002U-07-BASEIMAGE-Midres.jpg' style='max-height: 400px' \/><img src='https:\/\/secure-static.anacapri.com.br\/medias\/sys_master\/anacapri\/anacapri\/h84\/h14\/h00\/h00\/9969928044574\/3024200010002U-08-BASEIMAGE-Midres.jpg' style='max-height: 400px' \/><\/div>\n<p>* Entre em contato por WhatsApp para verificar a disponibilidade do produto. Ref.: C3024200010002<\/p>\n","protected":false},"excerpt":{"rendered":"<p>Estoque indispon\u00edvel.<br \/><small>atualizado em 18\/05\/2022.<\/p>\n","protected":false},"featured_media":1281,"template":"","meta":[],"product_cat":[50],"product_tag":[22,25],"_links":{"self":[{"href":"https:\/\/comprenowhats.com.br\/anacaprimacae\/wp-json\/wp\/v2\/product\/1282"}],"collection":[{"href":"https:\/\/comprenowhats.com.br\/anacaprimacae\/wp-json\/wp\/v2\/product"}],"about":[{"href":"https:\/\/comprenowhats.com.br\/anacaprimacae\/wp-json\/wp\/v2\/types\/product"}],"wp:featuredmedia":[{"embeddable":true,"href":"https:\/\/comprenowhats.com.br\/anacaprimacae\/wp-json\/wp\/v2\/media\/1281"}],"wp:attachment":[{"href":"https:\/\/comprenowhats.com.br\/anacaprimacae\/wp-json\/wp\/v2\/media?parent=1282"}],"wp:term":[{"taxonomy":"product_cat","embeddable":true,"href":"https:\/\/comprenowhats.com.br\/anacaprimacae\/wp-json\/wp\/v2\/product_cat?post=1282"},{"taxonomy":"product_tag","embeddable":true,"href":"https:\/\/comprenowhats.com.br\/anacaprimacae\/wp-json\/wp\/v2\/product_tag?post=1282"}],"curies":[{"name":"wp","href":"https:\/\/api.w.org\/{rel}","templated":true}]}}