{"id":1280,"date":"2020-12-11T14:44:07","date_gmt":"2020-12-11T17:44:07","guid":{"rendered":"https:\/\/comprenowhats.com.br\/anacaprimacae\/produto\/tenis-slip-on-azul-navy-ana-de-acucar\/"},"modified":"2022-05-18T11:34:02","modified_gmt":"2022-05-18T14:34:02","slug":"tenis-slip-on-azul-navy-ana-de-acucar","status":"publish","type":"product","link":"https:\/\/comprenowhats.com.br\/anacaprimacae\/produto\/tenis-slip-on-azul-navy-ana-de-acucar\/","title":{"rendered":"T\u00eanis Slip On Azul Navy Ana de A\u00e7ucar"},"content":{"rendered":"<p>Ana de a\u00e7\u00facar \u00e9 o primeiro cal\u00e7ado produzido no Brasil que \u00e9 todo feito de uma resina produzida a partir da cana-de-a\u00e7\u00facar, de origem 100% renov\u00e1vel. Essa resina leva o nome de EVA Verde e apresenta caracter\u00edsticas como flexibilidade, leveza e resist\u00eancia. Ana de a\u00e7\u00facar, gentil com voc\u00ea, gentil com o planeta.<\/p>\n<div style='text-align: center'><img src='https:\/\/secure-static.anacapri.com.br\/medias\/sys_master\/anacapri\/anacapri\/h6c\/hdd\/h00\/h00\/9920581271582\/3023100010006U-03-BASEIMAGE-Midres.jpg' style='max-height: 400px' \/><img src='https:\/\/secure-static.anacapri.com.br\/medias\/sys_master\/anacapri\/anacapri\/h31\/hcd\/h00\/h00\/9920581435422\/3023100010006U-04-BASEIMAGE-Midres.jpg' style='max-height: 400px' \/><img src='https:\/\/secure-static.anacapri.com.br\/medias\/sys_master\/anacapri\/anacapri\/h11\/h22\/h00\/h00\/9920581599262\/3023100010006U-05-BASEIMAGE-Midres.jpg' style='max-height: 400px' \/><img src='https:\/\/secure-static.anacapri.com.br\/medias\/sys_master\/anacapri\/anacapri\/h38\/he3\/h00\/h00\/9920581763102\/3023100010006U-06-BASEIMAGE-Midres.jpg' style='max-height: 400px' \/><img src='https:\/\/secure-static.anacapri.com.br\/medias\/sys_master\/anacapri\/anacapri\/h1b\/h17\/h00\/h00\/9920581926942\/3023100010006U-07-BASEIMAGE-Midres.jpg' style='max-height: 400px' \/><img src='https:\/\/secure-static.anacapri.com.br\/medias\/sys_master\/anacapri\/anacapri\/hf8\/h8a\/h00\/h00\/9920582090782\/3023100010006U-08-BASEIMAGE-Midres.jpg' style='max-height: 400px' \/><img src='https:\/\/secure-static.anacapri.com.br\/medias\/sys_master\/anacapri\/anacapri\/h74\/h6c\/h00\/h00\/9918152212510\/3023100010006U-10-BASEIMAGE-Midres.png' style='max-height: 400px' \/><img src='https:\/\/secure-static.anacapri.com.br\/medias\/sys_master\/anacapri\/anacapri\/hbf\/hab\/h00\/h00\/9918152605726\/3023100010006U-11-BASEIMAGE-Midres.png' style='max-height: 400px' \/><img src='https:\/\/secure-static.anacapri.com.br\/medias\/sys_master\/anacapri\/anacapri\/h29\/h5c\/h00\/h00\/9918152933406\/3023100010006U-12-BASEIMAGE-Midres.png' style='max-height: 400px' \/><\/div>\n<p>* Entre em contato por WhatsApp para verificar a disponibilidade do produto. Ref.: C3023100010006<\/p>\n","protected":false},"excerpt":{"rendered":"<p>Estoque dispon\u00edvel no tamanho: 35.<br \/><small>atualizado em 18\/05\/2022.<\/p>\n","protected":false},"featured_media":1279,"template":"","meta":[],"product_cat":[50],"product_tag":[23],"_links":{"self":[{"href":"https:\/\/comprenowhats.com.br\/anacaprimacae\/wp-json\/wp\/v2\/product\/1280"}],"collection":[{"href":"https:\/\/comprenowhats.com.br\/anacaprimacae\/wp-json\/wp\/v2\/product"}],"about":[{"href":"https:\/\/comprenowhats.com.br\/anacaprimacae\/wp-json\/wp\/v2\/types\/product"}],"wp:featuredmedia":[{"embeddable":true,"href":"https:\/\/comprenowhats.com.br\/anacaprimacae\/wp-json\/wp\/v2\/media\/1279"}],"wp:attachment":[{"href":"https:\/\/comprenowhats.com.br\/anacaprimacae\/wp-json\/wp\/v2\/media?parent=1280"}],"wp:term":[{"taxonomy":"product_cat","embeddable":true,"href":"https:\/\/comprenowhats.com.br\/anacaprimacae\/wp-json\/wp\/v2\/product_cat?post=1280"},{"taxonomy":"product_tag","embeddable":true,"href":"https:\/\/comprenowhats.com.br\/anacaprimacae\/wp-json\/wp\/v2\/product_tag?post=1280"}],"curies":[{"name":"wp","href":"https:\/\/api.w.org\/{rel}","templated":true}]}}