{"id":1278,"date":"2020-12-11T14:44:06","date_gmt":"2020-12-11T17:44:06","guid":{"rendered":"https:\/\/comprenowhats.com.br\/anacaprimacae\/produto\/crossbody-preta-slim\/"},"modified":"2022-05-18T11:34:43","modified_gmt":"2022-05-18T14:34:43","slug":"crossbody-preta-slim","status":"publish","type":"product","link":"https:\/\/comprenowhats.com.br\/anacaprimacae\/produto\/crossbody-preta-slim\/","title":{"rendered":"Crossbody Preta Slim"},"content":{"rendered":"<p>Bolsa tiracolo pequena preta. O modelo tem formato quadrado e acabamento texturizado. Traz al\u00e7a lateral em tira fina, fecho superior em z\u00edper e puxador em tira. Com tag met\u00e1lica do nome da marca na capa.<\/p>\n<p><b>Porque Apostar<\/b><\/br><\/br>Pequena e minimal, a crossbody era tudo que faltava para completar seus looks! Perfeita para um passeio, combina com todo o seu closet e tem o tamanho ideal para carregar s\u00f3 o essencial por a\u00ed! A dica \u00e9 usar na transversal e apostar no combo vestido + rasteira, no mood da esta\u00e7\u00e3o!<\/p>\n<div style='text-align: center'><img src='https:\/\/secure-static.anacapri.com.br\/medias\/sys_master\/anacapri\/anacapri\/hbb\/hb0\/h00\/h00\/9956703141918\/5001600290163U-03-BASEIMAGE-Midres.jpg' style='max-height: 400px' \/><img src='https:\/\/secure-static.anacapri.com.br\/medias\/sys_master\/anacapri\/anacapri\/h3d\/h4c\/h00\/h00\/9956703469598\/5001600290163U-04-BASEIMAGE-Midres.jpg' style='max-height: 400px' \/><img src='https:\/\/secure-static.anacapri.com.br\/medias\/sys_master\/anacapri\/anacapri\/h1f\/h9e\/h00\/h00\/9956703862814\/5001600290163U-05-BASEIMAGE-Midres.jpg' style='max-height: 400px' \/><img src='https:\/\/secure-static.anacapri.com.br\/medias\/sys_master\/anacapri\/anacapri\/h29\/h82\/h00\/h00\/9956704190494\/5001600290163U-07-BASEIMAGE-Midres.jpg' style='max-height: 400px' \/><img src='https:\/\/secure-static.anacapri.com.br\/medias\/sys_master\/anacapri\/anacapri\/h4a\/hea\/h00\/h00\/9956704518174\/5001600290163U-08-BASEIMAGE-Midres.jpg' style='max-height: 400px' \/><\/div>\n<p>* Entre em contato por WhatsApp para verificar a disponibilidade do produto. Ref.: C5001600290163<\/p>\n","protected":false},"excerpt":{"rendered":"<p>Estoque indispon\u00edvel.<br \/><small>atualizado em 18\/05\/2022.<\/p>\n","protected":false},"featured_media":1277,"template":"","meta":[],"product_cat":[64],"product_tag":[],"_links":{"self":[{"href":"https:\/\/comprenowhats.com.br\/anacaprimacae\/wp-json\/wp\/v2\/product\/1278"}],"collection":[{"href":"https:\/\/comprenowhats.com.br\/anacaprimacae\/wp-json\/wp\/v2\/product"}],"about":[{"href":"https:\/\/comprenowhats.com.br\/anacaprimacae\/wp-json\/wp\/v2\/types\/product"}],"wp:featuredmedia":[{"embeddable":true,"href":"https:\/\/comprenowhats.com.br\/anacaprimacae\/wp-json\/wp\/v2\/media\/1277"}],"wp:attachment":[{"href":"https:\/\/comprenowhats.com.br\/anacaprimacae\/wp-json\/wp\/v2\/media?parent=1278"}],"wp:term":[{"taxonomy":"product_cat","embeddable":true,"href":"https:\/\/comprenowhats.com.br\/anacaprimacae\/wp-json\/wp\/v2\/product_cat?post=1278"},{"taxonomy":"product_tag","embeddable":true,"href":"https:\/\/comprenowhats.com.br\/anacaprimacae\/wp-json\/wp\/v2\/product_tag?post=1278"}],"curies":[{"name":"wp","href":"https:\/\/api.w.org\/{rel}","templated":true}]}}