{"id":1272,"date":"2020-12-11T14:44:00","date_gmt":"2020-12-11T17:44:00","guid":{"rendered":"https:\/\/comprenowhats.com.br\/anacaprimacae\/produto\/crossbody-marrom-pequena-corrente-tartaruga\/"},"modified":"2022-05-18T11:34:41","modified_gmt":"2022-05-18T14:34:41","slug":"crossbody-marrom-pequena-corrente-tartaruga","status":"publish","type":"product","link":"https:\/\/comprenowhats.com.br\/anacaprimacae\/produto\/crossbody-marrom-pequena-corrente-tartaruga\/","title":{"rendered":"Crossbody Marrom Pequena Corrente Tartaruga"},"content":{"rendered":"<p>Bolsa tiracolo pequena marrom. O modelo tem formato quadrado e estruturado, al\u00e9m de al\u00e7a lateral em tira fina e corrente grande resinada com estampa tartaruga. Traz fecho em sobrecapa frontal e bot\u00e3o de press\u00e3o e inscri\u00e7\u00e3o discreta do nome da marca.<\/p>\n<p><b>Porque Apostar<\/b><\/br><\/br>Elegante, a tiracolo vem com corrente maxi e estampa tortoise, a queridinha da temporada e que vai ganhar seus looks &#8211; e seu cora\u00e7\u00e3o, pode acreditar, mana! A trend, diretamente dos anos 1970, d\u00e1 todo o charme \u00e0 bolsa. Combine jeans mom + cropped com babado + mule para uma produ\u00e7\u00e3o fashion tu-do!<\/p>\n<div style='text-align: center'><img src='https:\/\/secure-static.anacapri.com.br\/medias\/sys_master\/anacapri\/anacapri\/h73\/hd0\/h00\/h00\/9945158287390\/5001601870001U-03-BASEIMAGE-Midres.jpg' style='max-height: 400px' \/><img src='https:\/\/secure-static.anacapri.com.br\/medias\/sys_master\/anacapri\/anacapri\/hbc\/h8c\/h00\/h00\/9945158615070\/5001601870001U-04-BASEIMAGE-Midres.jpg' style='max-height: 400px' \/><img src='https:\/\/secure-static.anacapri.com.br\/medias\/sys_master\/anacapri\/anacapri\/hec\/hea\/h00\/h00\/9945158942750\/5001601870001U-05-BASEIMAGE-Midres.jpg' style='max-height: 400px' \/><img src='https:\/\/secure-static.anacapri.com.br\/medias\/sys_master\/anacapri\/anacapri\/h4a\/h87\/h00\/h00\/9945159270430\/5001601870001U-07-BASEIMAGE-Midres.jpg' style='max-height: 400px' \/><img src='https:\/\/secure-static.anacapri.com.br\/medias\/sys_master\/anacapri\/anacapri\/h5a\/hbd\/h00\/h00\/9945159598110\/5001601870001U-08-BASEIMAGE-Midres.jpg' style='max-height: 400px' \/><\/div>\n<p>* Entre em contato por WhatsApp para verificar a disponibilidade do produto. Ref.: C5001601870001<\/p>\n","protected":false},"excerpt":{"rendered":"<p>Estoque indispon\u00edvel.<br \/><small>atualizado em 18\/05\/2022.<\/p>\n","protected":false},"featured_media":1271,"template":"","meta":[],"product_cat":[32],"product_tag":[],"_links":{"self":[{"href":"https:\/\/comprenowhats.com.br\/anacaprimacae\/wp-json\/wp\/v2\/product\/1272"}],"collection":[{"href":"https:\/\/comprenowhats.com.br\/anacaprimacae\/wp-json\/wp\/v2\/product"}],"about":[{"href":"https:\/\/comprenowhats.com.br\/anacaprimacae\/wp-json\/wp\/v2\/types\/product"}],"wp:featuredmedia":[{"embeddable":true,"href":"https:\/\/comprenowhats.com.br\/anacaprimacae\/wp-json\/wp\/v2\/media\/1271"}],"wp:attachment":[{"href":"https:\/\/comprenowhats.com.br\/anacaprimacae\/wp-json\/wp\/v2\/media?parent=1272"}],"wp:term":[{"taxonomy":"product_cat","embeddable":true,"href":"https:\/\/comprenowhats.com.br\/anacaprimacae\/wp-json\/wp\/v2\/product_cat?post=1272"},{"taxonomy":"product_tag","embeddable":true,"href":"https:\/\/comprenowhats.com.br\/anacaprimacae\/wp-json\/wp\/v2\/product_tag?post=1272"}],"curies":[{"name":"wp","href":"https:\/\/api.w.org\/{rel}","templated":true}]}}