{"id":1270,"date":"2020-12-11T14:43:59","date_gmt":"2020-12-11T17:43:59","guid":{"rendered":"https:\/\/comprenowhats.com.br\/anacaprimacae\/produto\/crossbody-dourada-tecido-brilhoso-slim\/"},"modified":"2022-05-18T11:34:38","modified_gmt":"2022-05-18T14:34:38","slug":"crossbody-dourada-tecido-brilhoso-slim","status":"publish","type":"product","link":"https:\/\/comprenowhats.com.br\/anacaprimacae\/produto\/crossbody-dourada-tecido-brilhoso-slim\/","title":{"rendered":"Crossbody Dourada Tecido Brilhoso Slim"},"content":{"rendered":"<p>Bolsa tiracolo pequena em tecido com fios met\u00e1licos e glitter dourada. O modelo tem formato quadrado e compacto. Traz al\u00e7a lateral em tira fina de material liso metalizado, fecho superior em z\u00edper e puxador em tira. Com inscri\u00e7\u00e3o met\u00e1lica do nome da marca na capa.<\/p>\n<p><b>Porque Apostar<\/b><\/br><\/br>Glow, baby, glow! No melhor estilo ?b\u00e1sica, mas nada boring?, a crossbody com fios em glitter d\u00e1 aquele toque cool e shiny que os seus looks do dia a dia precisavam! Seu shape compacto \u00e9 perfeito para carregar s\u00f3 o essencial e sair por a\u00ed lindona como sempre! T\u00e1 esperando o que para ter uma tiracolo Anacapri para chamar de sua?<\/p>\n<div style='text-align: center'><img src='https:\/\/secure-static.anacapri.com.br\/medias\/sys_master\/anacapri\/anacapri\/hae\/hab\/h00\/h00\/9956642062366\/5001602020001U-03-BASEIMAGE-Midres.jpg' style='max-height: 400px' \/><img src='https:\/\/secure-static.anacapri.com.br\/medias\/sys_master\/anacapri\/anacapri\/h19\/h5c\/h00\/h00\/9956642390046\/5001602020001U-04-BASEIMAGE-Midres.jpg' style='max-height: 400px' \/><img src='https:\/\/secure-static.anacapri.com.br\/medias\/sys_master\/anacapri\/anacapri\/hff\/h8d\/h00\/h00\/9956642717726\/5001602020001U-05-BASEIMAGE-Midres.jpg' style='max-height: 400px' \/><img src='https:\/\/secure-static.anacapri.com.br\/medias\/sys_master\/anacapri\/anacapri\/ha2\/hf1\/h00\/h00\/9956643045406\/5001602020001U-07-BASEIMAGE-Midres.jpg' style='max-height: 400px' \/><img src='https:\/\/secure-static.anacapri.com.br\/medias\/sys_master\/anacapri\/anacapri\/h8c\/hf9\/h00\/h00\/9956643373086\/5001602020001U-08-BASEIMAGE-Midres.jpg' style='max-height: 400px' \/><\/div>\n<p>* Entre em contato por WhatsApp para verificar a disponibilidade do produto. Ref.: C5001602020001<\/p>\n","protected":false},"excerpt":{"rendered":"<p>Estoque indispon\u00edvel.<br \/><small>atualizado em 18\/05\/2022.<\/p>\n","protected":false},"featured_media":1269,"template":"","meta":[],"product_cat":[63],"product_tag":[],"_links":{"self":[{"href":"https:\/\/comprenowhats.com.br\/anacaprimacae\/wp-json\/wp\/v2\/product\/1270"}],"collection":[{"href":"https:\/\/comprenowhats.com.br\/anacaprimacae\/wp-json\/wp\/v2\/product"}],"about":[{"href":"https:\/\/comprenowhats.com.br\/anacaprimacae\/wp-json\/wp\/v2\/types\/product"}],"wp:featuredmedia":[{"embeddable":true,"href":"https:\/\/comprenowhats.com.br\/anacaprimacae\/wp-json\/wp\/v2\/media\/1269"}],"wp:attachment":[{"href":"https:\/\/comprenowhats.com.br\/anacaprimacae\/wp-json\/wp\/v2\/media?parent=1270"}],"wp:term":[{"taxonomy":"product_cat","embeddable":true,"href":"https:\/\/comprenowhats.com.br\/anacaprimacae\/wp-json\/wp\/v2\/product_cat?post=1270"},{"taxonomy":"product_tag","embeddable":true,"href":"https:\/\/comprenowhats.com.br\/anacaprimacae\/wp-json\/wp\/v2\/product_tag?post=1270"}],"curies":[{"name":"wp","href":"https:\/\/api.w.org\/{rel}","templated":true}]}}