{"id":1268,"date":"2020-12-11T14:43:57","date_gmt":"2020-12-11T17:43:57","guid":{"rendered":"https:\/\/comprenowhats.com.br\/anacaprimacae\/produto\/crossbody-animal-print-tecido-onca\/"},"modified":"2022-05-18T11:34:48","modified_gmt":"2022-05-18T14:34:48","slug":"crossbody-animal-print-tecido-onca","status":"publish","type":"product","link":"https:\/\/comprenowhats.com.br\/anacaprimacae\/produto\/crossbody-animal-print-tecido-onca\/","title":{"rendered":"Crossbody Animal Print Tecido On\u00e7a"},"content":{"rendered":"<p>Bolsa tiracolo pequena em tecido animal print de on\u00e7a. O modelo tem formato compacto e quadrado e al\u00e7a lateral em tira fina marrom. Traz fecho superior em z\u00edper com puxador em tira e ilh\u00f3s met\u00e1lico de argola, al\u00e9m de tag met\u00e1lica discreta com inscri\u00e7\u00e3o do nome da marca.<\/p>\n<p><b>Porque Apostar<\/b><\/br><\/br>Mega fofa, a tiracolo vem com estampa trendy e \u00e9 aquele toque extra de estilo que faltava nos looks, mana! Perfeita para carregar s\u00f3 o necess\u00e1rio, a bolsa traz o mood fresco e charmoso da esta\u00e7\u00e3o e fica linda com v\u00e1rias pe\u00e7as, do vestido midi ao jeans b\u00e1sico! A dica \u00e9 fazer aquele mix de estampas divertido, com padronagens que conversam entre si. Se joga, garota!<\/p>\n<div style='text-align: center'><img src='https:\/\/secure-static.anacapri.com.br\/medias\/sys_master\/anacapri\/anacapri\/hee\/hde\/h00\/h00\/9945311510558\/5001600290152U-03-BASEIMAGE-Midres.jpg' style='max-height: 400px' \/><img src='https:\/\/secure-static.anacapri.com.br\/medias\/sys_master\/anacapri\/anacapri\/h92\/h23\/h00\/h00\/9945311838238\/5001600290152U-04-BASEIMAGE-Midres.jpg' style='max-height: 400px' \/><img src='https:\/\/secure-static.anacapri.com.br\/medias\/sys_master\/anacapri\/anacapri\/h90\/h26\/h00\/h00\/9945312165918\/5001600290152U-05-BASEIMAGE-Midres.jpg' style='max-height: 400px' \/><img src='https:\/\/secure-static.anacapri.com.br\/medias\/sys_master\/anacapri\/anacapri\/ha6\/h1e\/h00\/h00\/9945312493598\/5001600290152U-07-BASEIMAGE-Midres.jpg' style='max-height: 400px' \/><img src='https:\/\/secure-static.anacapri.com.br\/medias\/sys_master\/anacapri\/anacapri\/h29\/h84\/h00\/h00\/9945312821278\/5001600290152U-08-BASEIMAGE-Midres.jpg' style='max-height: 400px' \/><\/div>\n<p>* Entre em contato por WhatsApp para verificar a disponibilidade do produto. Ref.: C5001600290152<\/p>\n","protected":false},"excerpt":{"rendered":"<p>Estoque indispon\u00edvel.<br \/><small>atualizado em 18\/05\/2022.<\/p>\n","protected":false},"featured_media":1267,"template":"","meta":[],"product_cat":[32],"product_tag":[],"_links":{"self":[{"href":"https:\/\/comprenowhats.com.br\/anacaprimacae\/wp-json\/wp\/v2\/product\/1268"}],"collection":[{"href":"https:\/\/comprenowhats.com.br\/anacaprimacae\/wp-json\/wp\/v2\/product"}],"about":[{"href":"https:\/\/comprenowhats.com.br\/anacaprimacae\/wp-json\/wp\/v2\/types\/product"}],"wp:featuredmedia":[{"embeddable":true,"href":"https:\/\/comprenowhats.com.br\/anacaprimacae\/wp-json\/wp\/v2\/media\/1267"}],"wp:attachment":[{"href":"https:\/\/comprenowhats.com.br\/anacaprimacae\/wp-json\/wp\/v2\/media?parent=1268"}],"wp:term":[{"taxonomy":"product_cat","embeddable":true,"href":"https:\/\/comprenowhats.com.br\/anacaprimacae\/wp-json\/wp\/v2\/product_cat?post=1268"},{"taxonomy":"product_tag","embeddable":true,"href":"https:\/\/comprenowhats.com.br\/anacaprimacae\/wp-json\/wp\/v2\/product_tag?post=1268"}],"curies":[{"name":"wp","href":"https:\/\/api.w.org\/{rel}","templated":true}]}}