{"id":1266,"date":"2020-12-11T14:43:56","date_gmt":"2020-12-11T17:43:56","guid":{"rendered":"https:\/\/comprenowhats.com.br\/anacaprimacae\/produto\/bolsa-shopping-palha-grande-marrom\/"},"modified":"2022-05-18T11:34:20","modified_gmt":"2022-05-18T14:34:20","slug":"bolsa-shopping-palha-grande-marrom","status":"publish","type":"product","link":"https:\/\/comprenowhats.com.br\/anacaprimacae\/produto\/bolsa-shopping-palha-grande-marrom\/","title":{"rendered":"Bolsa Shopping Palha Grande Marrom"},"content":{"rendered":"<p>Bolsa shopping grande em palha. O modelo tem formato estruturado e quadrado e duas al\u00e7as de ombro marrons. Com fecho superior em bot\u00e3o de press\u00e3o, traz bolso interno pequeno. Com tag marrom do nome da marca na capa frontal.<\/p>\n<p><b>Porque Apostar<\/b><\/br><\/br>A cara da temporada, a bolsa aposta na palha e traz uma pegada natural e bem descontra\u00edda. Fica linda com vestido longo, macac\u00e3o, bata soltinha e pe\u00e7as bem fluidas. Complete com rasteirinha e bora arrasar, mana!<\/p>\n<div style='text-align: center'><img src='https:\/\/secure-static.anacapri.com.br\/medias\/sys_master\/anacapri\/anacapri\/hd3\/h1a\/h00\/h00\/9931882889246\/5001203110001U-03-BASEIMAGE-Midres.jpg' style='max-height: 400px' \/><img src='https:\/\/secure-static.anacapri.com.br\/medias\/sys_master\/anacapri\/anacapri\/hbc\/h11\/h00\/h00\/9931883216926\/5001203110001U-04-BASEIMAGE-Midres.jpg' style='max-height: 400px' \/><img src='https:\/\/secure-static.anacapri.com.br\/medias\/sys_master\/anacapri\/anacapri\/hd8\/h3d\/h00\/h00\/9931883544606\/5001203110001U-05-BASEIMAGE-Midres.jpg' style='max-height: 400px' \/><img src='https:\/\/secure-static.anacapri.com.br\/medias\/sys_master\/anacapri\/anacapri\/hc3\/h45\/h00\/h00\/9931883872286\/5001203110001U-07-BASEIMAGE-Midres.jpg' style='max-height: 400px' \/><img src='https:\/\/secure-static.anacapri.com.br\/medias\/sys_master\/anacapri\/anacapri\/hae\/hf0\/h00\/h00\/9931884199966\/5001203110001U-08-BASEIMAGE-Midres.jpg' style='max-height: 400px' \/><\/div>\n<p>* Entre em contato por WhatsApp para verificar a disponibilidade do produto. Ref.: C5001203110001<\/p>\n","protected":false},"excerpt":{"rendered":"<p>Estoque indispon\u00edvel.<br \/><small>atualizado em 18\/05\/2022.<\/p>\n","protected":false},"featured_media":1265,"template":"","meta":[],"product_cat":[56],"product_tag":[],"_links":{"self":[{"href":"https:\/\/comprenowhats.com.br\/anacaprimacae\/wp-json\/wp\/v2\/product\/1266"}],"collection":[{"href":"https:\/\/comprenowhats.com.br\/anacaprimacae\/wp-json\/wp\/v2\/product"}],"about":[{"href":"https:\/\/comprenowhats.com.br\/anacaprimacae\/wp-json\/wp\/v2\/types\/product"}],"wp:featuredmedia":[{"embeddable":true,"href":"https:\/\/comprenowhats.com.br\/anacaprimacae\/wp-json\/wp\/v2\/media\/1265"}],"wp:attachment":[{"href":"https:\/\/comprenowhats.com.br\/anacaprimacae\/wp-json\/wp\/v2\/media?parent=1266"}],"wp:term":[{"taxonomy":"product_cat","embeddable":true,"href":"https:\/\/comprenowhats.com.br\/anacaprimacae\/wp-json\/wp\/v2\/product_cat?post=1266"},{"taxonomy":"product_tag","embeddable":true,"href":"https:\/\/comprenowhats.com.br\/anacaprimacae\/wp-json\/wp\/v2\/product_tag?post=1266"}],"curies":[{"name":"wp","href":"https:\/\/api.w.org\/{rel}","templated":true}]}}