{"id":1264,"date":"2020-12-11T14:43:56","date_gmt":"2020-12-11T17:43:56","guid":{"rendered":"https:\/\/comprenowhats.com.br\/anacaprimacae\/produto\/crossbody-vermelha-media-minimal\/"},"modified":"2022-05-18T11:33:48","modified_gmt":"2022-05-18T14:33:48","slug":"crossbody-vermelha-media-minimal","status":"publish","type":"product","link":"https:\/\/comprenowhats.com.br\/anacaprimacae\/produto\/crossbody-vermelha-media-minimal\/","title":{"rendered":"Crossbody Vermelha M\u00e9dia Minimal"},"content":{"rendered":"<p>Bolsa tiracolo m\u00e9dia vermelha. O modelo tem formato compacto e al\u00e7a lateral em tira fina. Traz fecho superior em z\u00edper e puxador em tira e bolso externo frontal, al\u00e9m de inscri\u00e7\u00e3o met\u00e1lica em alto-relevo do nome da marca na capa frontal.<\/p>\n<p><b>Porque Apostar<\/b><\/br><\/br>Basiquinha e compacta, a crossbody \u00e9 tamb\u00e9m mega vers\u00e1til, perfeita para tantas ocasi\u00f5es que voc\u00ea n\u00e3o vai mais querer largar, mana! Em tom neutro, combina com tudo e tem alcinha para uso atravessado sobre o tronco, do jeito que a gente gosta! Uma de cada cor, please!<\/p>\n<div style='text-align: center'><img src='https:\/\/secure-static.anacapri.com.br\/medias\/sys_master\/anacapri\/anacapri\/h4f\/h43\/h00\/h00\/9945123487774\/5001203190003U-03-BASEIMAGE-Midres.jpg' style='max-height: 400px' \/><img src='https:\/\/secure-static.anacapri.com.br\/medias\/sys_master\/anacapri\/anacapri\/h1f\/he6\/h00\/h00\/9945123815454\/5001203190003U-04-BASEIMAGE-Midres.jpg' style='max-height: 400px' \/><img src='https:\/\/secure-static.anacapri.com.br\/medias\/sys_master\/anacapri\/anacapri\/h3e\/hb6\/h00\/h00\/9945124143134\/5001203190003U-05-BASEIMAGE-Midres.jpg' style='max-height: 400px' \/><img src='https:\/\/secure-static.anacapri.com.br\/medias\/sys_master\/anacapri\/anacapri\/h91\/heb\/h00\/h00\/9945124470814\/5001203190003U-07-BASEIMAGE-Midres.jpg' style='max-height: 400px' \/><img src='https:\/\/secure-static.anacapri.com.br\/medias\/sys_master\/anacapri\/anacapri\/h75\/h17\/h00\/h00\/9945124798494\/5001203190003U-08-BASEIMAGE-Midres.jpg' style='max-height: 400px' \/><\/div>\n<p>* Entre em contato por WhatsApp para verificar a disponibilidade do produto. Ref.: C5001203190003<\/p>\n","protected":false},"excerpt":{"rendered":"<p>Estoque indispon\u00edvel.<br \/><small>atualizado em 18\/05\/2022.<\/p>\n","protected":false},"featured_media":1263,"template":"","meta":[],"product_cat":[32],"product_tag":[],"_links":{"self":[{"href":"https:\/\/comprenowhats.com.br\/anacaprimacae\/wp-json\/wp\/v2\/product\/1264"}],"collection":[{"href":"https:\/\/comprenowhats.com.br\/anacaprimacae\/wp-json\/wp\/v2\/product"}],"about":[{"href":"https:\/\/comprenowhats.com.br\/anacaprimacae\/wp-json\/wp\/v2\/types\/product"}],"wp:featuredmedia":[{"embeddable":true,"href":"https:\/\/comprenowhats.com.br\/anacaprimacae\/wp-json\/wp\/v2\/media\/1263"}],"wp:attachment":[{"href":"https:\/\/comprenowhats.com.br\/anacaprimacae\/wp-json\/wp\/v2\/media?parent=1264"}],"wp:term":[{"taxonomy":"product_cat","embeddable":true,"href":"https:\/\/comprenowhats.com.br\/anacaprimacae\/wp-json\/wp\/v2\/product_cat?post=1264"},{"taxonomy":"product_tag","embeddable":true,"href":"https:\/\/comprenowhats.com.br\/anacaprimacae\/wp-json\/wp\/v2\/product_tag?post=1264"}],"curies":[{"name":"wp","href":"https:\/\/api.w.org\/{rel}","templated":true}]}}