{"id":1262,"date":"2020-12-11T14:43:53","date_gmt":"2020-12-11T17:43:53","guid":{"rendered":"https:\/\/comprenowhats.com.br\/anacaprimacae\/produto\/mochila-preta-grande-descomplicada\/"},"modified":"2022-05-18T11:33:37","modified_gmt":"2022-05-18T14:33:37","slug":"mochila-preta-grande-descomplicada","status":"publish","type":"product","link":"https:\/\/comprenowhats.com.br\/anacaprimacae\/produto\/mochila-preta-grande-descomplicada\/","title":{"rendered":"Mochila Preta Grande Descomplicada"},"content":{"rendered":"<p>Mochila grande preta. O modelo tem bolso grande interno com fecho em enforcador e sobrecapa frontal com bot\u00f5es de press\u00e3o. Traz duas al\u00e7as ajust\u00e1veis na parte de tr\u00e1s e al\u00e7a de m\u00e3o superior pequena. Com inscri\u00e7\u00e3o met\u00e1lica em alto-relevo do nome da marca na capa frontal.<\/p>\n<p><b>Porque Apostar<\/b><\/br><\/br>Minimal, a mochila tem um estilo basiquinho, mas \u00e9 capaz de transformar o seu look do dia a dia! Insere um mood jovem e divertido e fica linda com jeans e t\u00eanis! Mega espa\u00e7osa, perfeita para carregar tudo o que voc\u00ea precisa por a\u00ed!<\/p>\n<div style='text-align: center'><img src='https:\/\/secure-static.anacapri.com.br\/medias\/sys_master\/anacapri\/anacapri\/h58\/h47\/h00\/h00\/9932113707038\/5001203090001U-04-BASEIMAGE-Midres.jpg' style='max-height: 400px' \/><img src='https:\/\/secure-static.anacapri.com.br\/medias\/sys_master\/anacapri\/anacapri\/h7c\/h91\/h00\/h00\/9932114034718\/5001203090001U-05-BASEIMAGE-Midres.jpg' style='max-height: 400px' \/><img src='https:\/\/secure-static.anacapri.com.br\/medias\/sys_master\/anacapri\/anacapri\/h92\/h89\/h00\/h00\/9932114362398\/5001203090001U-07-BASEIMAGE-Midres.jpg' style='max-height: 400px' \/><img src='https:\/\/secure-static.anacapri.com.br\/medias\/sys_master\/anacapri\/anacapri\/hfc\/h39\/h00\/h00\/9932114690078\/5001203090001U-08-BASEIMAGE-Midres.jpg' style='max-height: 400px' \/><\/div>\n<p>* Entre em contato por WhatsApp para verificar a disponibilidade do produto. Ref.: C5001203090001<\/p>\n","protected":false},"excerpt":{"rendered":"<p>Estoque indispon\u00edvel.<br \/><small>atualizado em 18\/05\/2022.<\/p>\n","protected":false},"featured_media":1261,"template":"","meta":[],"product_cat":[40],"product_tag":[],"_links":{"self":[{"href":"https:\/\/comprenowhats.com.br\/anacaprimacae\/wp-json\/wp\/v2\/product\/1262"}],"collection":[{"href":"https:\/\/comprenowhats.com.br\/anacaprimacae\/wp-json\/wp\/v2\/product"}],"about":[{"href":"https:\/\/comprenowhats.com.br\/anacaprimacae\/wp-json\/wp\/v2\/types\/product"}],"wp:featuredmedia":[{"embeddable":true,"href":"https:\/\/comprenowhats.com.br\/anacaprimacae\/wp-json\/wp\/v2\/media\/1261"}],"wp:attachment":[{"href":"https:\/\/comprenowhats.com.br\/anacaprimacae\/wp-json\/wp\/v2\/media?parent=1262"}],"wp:term":[{"taxonomy":"product_cat","embeddable":true,"href":"https:\/\/comprenowhats.com.br\/anacaprimacae\/wp-json\/wp\/v2\/product_cat?post=1262"},{"taxonomy":"product_tag","embeddable":true,"href":"https:\/\/comprenowhats.com.br\/anacaprimacae\/wp-json\/wp\/v2\/product_tag?post=1262"}],"curies":[{"name":"wp","href":"https:\/\/api.w.org\/{rel}","templated":true}]}}