{"id":1254,"date":"2020-12-11T14:43:48","date_gmt":"2020-12-11T17:43:48","guid":{"rendered":"https:\/\/comprenowhats.com.br\/anacaprimacae\/produto\/rasteira-amarela-eva\/"},"modified":"2022-05-18T11:33:45","modified_gmt":"2022-05-18T14:33:45","slug":"rasteira-amarela-eva","status":"publish","type":"product","link":"https:\/\/comprenowhats.com.br\/anacaprimacae\/produto\/rasteira-amarela-eva\/","title":{"rendered":"Rasteira Amarela Eva"},"content":{"rendered":"<p>Sand\u00e1lia slide estilo biken em pl\u00e1stico injetado fosco amarelo. O modelo tem solado com formato anat\u00f4mico, que afina na altura dos dedos. Traz duas tiras largas ajust\u00e1veis sobre o peito do p\u00e9, com fivelas grandes quadradas e nome da marca. Deixa dedos, laterais do p\u00e9 e calcanhar \u00e0 mostra e apresenta ainda inscri\u00e7\u00e3o Anacapri na palmilha.<\/p>\n<p><b>Porque Apostar<\/b><\/br><\/br>Descomplicada e mega confort\u00e1vel, a slide \u00e9 tudo que voc\u00ea queria para os dias mais quentes, mana! Traz aquele mood despojado mara que a gente ama e fica linda com v\u00e1rios looks! Vestido soltinho, jeans, alfaiataria e muitas outras op\u00e7\u00f5es para voc\u00ea sair estilosa por a\u00ed!<\/p>\n<div style='text-align: center'><img src='https:\/\/secure-static.anacapri.com.br\/medias\/sys_master\/anacapri\/anacapri\/h3b\/h39\/h00\/h00\/9944877137950\/3017300010027U-03-BASEIMAGE-Midres.jpg' style='max-height: 400px' \/><img src='https:\/\/secure-static.anacapri.com.br\/medias\/sys_master\/anacapri\/anacapri\/h59\/h16\/h00\/h00\/9944877465630\/3017300010027U-04-BASEIMAGE-Midres.jpg' style='max-height: 400px' \/><img src='https:\/\/secure-static.anacapri.com.br\/medias\/sys_master\/anacapri\/anacapri\/hef\/h65\/h00\/h00\/9944877793310\/3017300010027U-05-BASEIMAGE-Midres.jpg' style='max-height: 400px' \/><img src='https:\/\/secure-static.anacapri.com.br\/medias\/sys_master\/anacapri\/anacapri\/h5b\/h27\/h00\/h00\/9944878120990\/3017300010027U-06-BASEIMAGE-Midres.jpg' style='max-height: 400px' \/><img src='https:\/\/secure-static.anacapri.com.br\/medias\/sys_master\/anacapri\/anacapri\/h00\/h94\/h00\/h00\/9944878448670\/3017300010027U-07-BASEIMAGE-Midres.jpg' style='max-height: 400px' \/><img src='https:\/\/secure-static.anacapri.com.br\/medias\/sys_master\/anacapri\/anacapri\/h6a\/h44\/h00\/h00\/9944878776350\/3017300010027U-08-BASEIMAGE-Midres.jpg' style='max-height: 400px' \/><\/div>\n<p>* Entre em contato por WhatsApp para verificar a disponibilidade do produto. Ref.: C3017300010027<\/p>\n","protected":false},"excerpt":{"rendered":"<p>Estoque indispon\u00edvel.<br \/><small>atualizado em 18\/05\/2022.<\/p>\n","protected":false},"featured_media":1253,"template":"","meta":[],"product_cat":[49],"product_tag":[23,24,25],"_links":{"self":[{"href":"https:\/\/comprenowhats.com.br\/anacaprimacae\/wp-json\/wp\/v2\/product\/1254"}],"collection":[{"href":"https:\/\/comprenowhats.com.br\/anacaprimacae\/wp-json\/wp\/v2\/product"}],"about":[{"href":"https:\/\/comprenowhats.com.br\/anacaprimacae\/wp-json\/wp\/v2\/types\/product"}],"wp:featuredmedia":[{"embeddable":true,"href":"https:\/\/comprenowhats.com.br\/anacaprimacae\/wp-json\/wp\/v2\/media\/1253"}],"wp:attachment":[{"href":"https:\/\/comprenowhats.com.br\/anacaprimacae\/wp-json\/wp\/v2\/media?parent=1254"}],"wp:term":[{"taxonomy":"product_cat","embeddable":true,"href":"https:\/\/comprenowhats.com.br\/anacaprimacae\/wp-json\/wp\/v2\/product_cat?post=1254"},{"taxonomy":"product_tag","embeddable":true,"href":"https:\/\/comprenowhats.com.br\/anacaprimacae\/wp-json\/wp\/v2\/product_tag?post=1254"}],"curies":[{"name":"wp","href":"https:\/\/api.w.org\/{rel}","templated":true}]}}