{"id":1252,"date":"2020-12-11T14:43:47","date_gmt":"2020-12-11T17:43:47","guid":{"rendered":"https:\/\/comprenowhats.com.br\/anacaprimacae\/produto\/rasteira-laranja-eva\/"},"modified":"2023-11-28T16:29:57","modified_gmt":"2023-11-28T19:29:57","slug":"rasteira-laranja-eva","status":"publish","type":"product","link":"https:\/\/comprenowhats.com.br\/anacaprimacae\/produto\/rasteira-laranja-eva\/","title":{"rendered":"Rasteira Laranja Eva"},"content":{"rendered":"<p>Sand\u00e1lia slide  estilo biken em pl\u00e1stico injetado fosco laranja. O modelo tem solado flatform, com formato anat\u00f4mico, que afina na altura dos dedos. Traz duas tiras largas ajust\u00e1veis sobre o peito do p\u00e9, com fivelas grandes quadradas e nome da marca. Deixa dedos, laterais do p\u00e9 e calcanhar \u00e0 mostra e apresenta ainda inscri\u00e7\u00e3o Anacapri na palmilha.<\/p>\n<p><b>Porque Apostar<\/b><\/br><\/br>Descomplicada e mega confort\u00e1vel, a slide \u00e9 tudo que voc\u00ea queria para os dias mais quentes, mana! Traz aquele mood despojado mara que a gente ama e fica linda com v\u00e1rios looks! Vestido soltinho, jeans, alfaiataria e muitas outras op\u00e7\u00f5es para voc\u00ea sair estilosa por a\u00ed!<\/p>\n<div style='text-align: center'><img src='https:\/\/secure-static.anacapri.com.br\/medias\/sys_master\/anacapri\/anacapri\/h9b\/h55\/h00\/h00\/9944891293726\/3017300010029U-03-BASEIMAGE-Midres.jpg' style='max-height: 400px' \/><img src='https:\/\/secure-static.anacapri.com.br\/medias\/sys_master\/anacapri\/anacapri\/h34\/h4d\/h00\/h00\/9944891621406\/3017300010029U-04-BASEIMAGE-Midres.jpg' style='max-height: 400px' \/><img src='https:\/\/secure-static.anacapri.com.br\/medias\/sys_master\/anacapri\/anacapri\/hd2\/hb5\/h00\/h00\/9944891949086\/3017300010029U-05-BASEIMAGE-Midres.jpg' style='max-height: 400px' \/><img src='https:\/\/secure-static.anacapri.com.br\/medias\/sys_master\/anacapri\/anacapri\/hf6\/hff\/h00\/h00\/9944892276766\/3017300010029U-06-BASEIMAGE-Midres.jpg' style='max-height: 400px' \/><img src='https:\/\/secure-static.anacapri.com.br\/medias\/sys_master\/anacapri\/anacapri\/h26\/h5d\/h00\/h00\/9944892604446\/3017300010029U-07-BASEIMAGE-Midres.jpg' style='max-height: 400px' \/><img src='https:\/\/secure-static.anacapri.com.br\/medias\/sys_master\/anacapri\/anacapri\/h90\/h0d\/h00\/h00\/9944892932126\/3017300010029U-08-BASEIMAGE-Midres.jpg' style='max-height: 400px' \/><\/div>\n<p>* Entre em contato por WhatsApp para verificar a disponibilidade do produto. Ref.: C3017300010029<\/p>\n","protected":false},"excerpt":{"rendered":"<p>Estoque dispon\u00edvel nos tamanhos: ULTIMA_ESTACAO, 39.<br \/><small>atualizado em 28\/11\/2023.<\/p>\n","protected":false},"featured_media":1251,"template":"","meta":[],"product_cat":[49],"product_tag":[27,103],"_links":{"self":[{"href":"https:\/\/comprenowhats.com.br\/anacaprimacae\/wp-json\/wp\/v2\/product\/1252"}],"collection":[{"href":"https:\/\/comprenowhats.com.br\/anacaprimacae\/wp-json\/wp\/v2\/product"}],"about":[{"href":"https:\/\/comprenowhats.com.br\/anacaprimacae\/wp-json\/wp\/v2\/types\/product"}],"wp:featuredmedia":[{"embeddable":true,"href":"https:\/\/comprenowhats.com.br\/anacaprimacae\/wp-json\/wp\/v2\/media\/1251"}],"wp:attachment":[{"href":"https:\/\/comprenowhats.com.br\/anacaprimacae\/wp-json\/wp\/v2\/media?parent=1252"}],"wp:term":[{"taxonomy":"product_cat","embeddable":true,"href":"https:\/\/comprenowhats.com.br\/anacaprimacae\/wp-json\/wp\/v2\/product_cat?post=1252"},{"taxonomy":"product_tag","embeddable":true,"href":"https:\/\/comprenowhats.com.br\/anacaprimacae\/wp-json\/wp\/v2\/product_tag?post=1252"}],"curies":[{"name":"wp","href":"https:\/\/api.w.org\/{rel}","templated":true}]}}