{"id":1248,"date":"2020-12-11T14:43:43","date_gmt":"2020-12-11T17:43:43","guid":{"rendered":"https:\/\/comprenowhats.com.br\/anacaprimacae\/produto\/sandalia-rasteira-rosa-blush-splash-cristais\/"},"modified":"2022-06-06T14:41:04","modified_gmt":"2022-06-06T17:41:04","slug":"sandalia-rasteira-rosa-blush-splash-cristais","status":"publish","type":"product","link":"https:\/\/comprenowhats.com.br\/anacaprimacae\/produto\/sandalia-rasteira-rosa-blush-splash-cristais\/","title":{"rendered":"Sand\u00e1lia Rasteira Rosa Blush Splash Cristais"},"content":{"rendered":"<p>Sand\u00e1lia rasteira rosa blush em Splash injetado. O modelo slim tem sola flat e bico redondo. Traz tiras finas nas laterais e entre os dedos, sobre o peito do p\u00e9, essa \u00faltima com aplica\u00e7\u00e3o de cristais em hotfix. Na parte traseira, tira fina afivelada em torno do calcanhar. Aberta, a sand\u00e1lia exibe todo o p\u00e9.<\/p>\n<p><b>Porque Apostar<\/b><\/br><\/br>Super delicada, a rasteira traz um mix de tiras fininhas e cristais que \u00e9 tu-do! O modelo d\u00e1 um toque glam at\u00e9 no look mais basiquinho! Perfeita para usar com jeans branco, blusa metalizada e clutch, bem ao estilo chique, mas despojada &#8211; porque a gente quer brilhar, mas com conforto, n\u00e9?<\/p>\n<div style='text-align: center'><img src='https:\/\/secure-static.anacapri.com.br\/medias\/sys_master\/anacapri\/anacapri\/h01\/h32\/h00\/h00\/9996650086430\/3017900040008U-03-BASEIMAGE-Midres.jpg' style='max-height: 400px' \/><img src='https:\/\/secure-static.anacapri.com.br\/medias\/sys_master\/anacapri\/anacapri\/h09\/h81\/h00\/h00\/9996650250270\/3017900040008U-04-BASEIMAGE-Midres.jpg' style='max-height: 400px' \/><img src='https:\/\/secure-static.anacapri.com.br\/medias\/sys_master\/anacapri\/anacapri\/hce\/h70\/h00\/h00\/9996650414110\/3017900040008U-05-BASEIMAGE-Midres.jpg' style='max-height: 400px' \/><img src='https:\/\/secure-static.anacapri.com.br\/medias\/sys_master\/anacapri\/anacapri\/h17\/he8\/h00\/h00\/9996650577950\/3017900040008U-06-BASEIMAGE-Midres.jpg' style='max-height: 400px' \/><img src='https:\/\/secure-static.anacapri.com.br\/medias\/sys_master\/anacapri\/anacapri\/h0d\/h35\/h00\/h00\/9996650741790\/3017900040008U-07-BASEIMAGE-Midres.jpg' style='max-height: 400px' \/><img src='https:\/\/secure-static.anacapri.com.br\/medias\/sys_master\/anacapri\/anacapri\/h47\/h45\/h00\/h00\/9996650905630\/3017900040008U-08-BASEIMAGE-Midres.jpg' style='max-height: 400px' \/><\/div>\n<p>* Entre em contato por WhatsApp para verificar a disponibilidade do produto. Ref.: C3017900040008<\/p>\n","protected":false},"excerpt":{"rendered":"<p>Estoque dispon\u00edvel no tamanho: 38.<br \/><small>atualizado em 06\/06\/2022.<\/p>\n","protected":false},"featured_media":1247,"template":"","meta":[],"product_cat":[49],"product_tag":[26],"_links":{"self":[{"href":"https:\/\/comprenowhats.com.br\/anacaprimacae\/wp-json\/wp\/v2\/product\/1248"}],"collection":[{"href":"https:\/\/comprenowhats.com.br\/anacaprimacae\/wp-json\/wp\/v2\/product"}],"about":[{"href":"https:\/\/comprenowhats.com.br\/anacaprimacae\/wp-json\/wp\/v2\/types\/product"}],"wp:featuredmedia":[{"embeddable":true,"href":"https:\/\/comprenowhats.com.br\/anacaprimacae\/wp-json\/wp\/v2\/media\/1247"}],"wp:attachment":[{"href":"https:\/\/comprenowhats.com.br\/anacaprimacae\/wp-json\/wp\/v2\/media?parent=1248"}],"wp:term":[{"taxonomy":"product_cat","embeddable":true,"href":"https:\/\/comprenowhats.com.br\/anacaprimacae\/wp-json\/wp\/v2\/product_cat?post=1248"},{"taxonomy":"product_tag","embeddable":true,"href":"https:\/\/comprenowhats.com.br\/anacaprimacae\/wp-json\/wp\/v2\/product_tag?post=1248"}],"curies":[{"name":"wp","href":"https:\/\/api.w.org\/{rel}","templated":true}]}}