{"id":1246,"date":"2020-12-11T14:43:42","date_gmt":"2020-12-11T17:43:42","guid":{"rendered":"https:\/\/comprenowhats.com.br\/anacaprimacae\/produto\/sandalia-rasteira-preta-splash-cristais\/"},"modified":"2022-05-18T12:07:35","modified_gmt":"2022-05-18T15:07:35","slug":"sandalia-rasteira-preta-splash-cristais","status":"publish","type":"product","link":"https:\/\/comprenowhats.com.br\/anacaprimacae\/produto\/sandalia-rasteira-preta-splash-cristais\/","title":{"rendered":"Sand\u00e1lia Rasteira Preta Splash Cristais"},"content":{"rendered":"<p>Sand\u00e1lia rasteira preta em Splash injetado. O modelo slim tem sola flat e bico redondo. Traz tiras finas nas laterais e entre os dedos, sobre o peito do p\u00e9, essa \u00faltima com aplica\u00e7\u00e3o de cristais em hotfix. Na parte traseira, tira fina afivelada em torno do calcanhar. Aberta, a sand\u00e1lia exibe todo o p\u00e9.<\/p>\n<p><b>Porque Apostar<\/b><\/br><\/br>Super delicada, a rasteira traz um mix de tiras fininhas e cristais que \u00e9 tu-do! O modelo d\u00e1 um toque glam at\u00e9 no look mais basiquinho! Perfeita para usar com jeans branco, blusa metalizada e clutch, bem ao estilo chique, mas despojada &#8211; porque a gente quer brilhar, mas com conforto, n\u00e9?<\/p>\n<div style='text-align: center'><img src='https:\/\/secure-static.anacapri.com.br\/medias\/sys_master\/anacapri\/anacapri\/hd1\/h90\/h00\/h00\/9996875038750\/3017900040010U-03-BASEIMAGE-Midres.jpg' style='max-height: 400px' \/><img src='https:\/\/secure-static.anacapri.com.br\/medias\/sys_master\/anacapri\/anacapri\/hcd\/ha8\/h00\/h00\/9996875268126\/3017900040010U-04-BASEIMAGE-Midres.jpg' style='max-height: 400px' \/><img src='https:\/\/secure-static.anacapri.com.br\/medias\/sys_master\/anacapri\/anacapri\/he1\/h8d\/h00\/h00\/9996875497502\/3017900040010U-05-BASEIMAGE-Midres.jpg' style='max-height: 400px' \/><img src='https:\/\/secure-static.anacapri.com.br\/medias\/sys_master\/anacapri\/anacapri\/he1\/hb6\/h00\/h00\/9996875792414\/3017900040010U-06-BASEIMAGE-Midres.jpg' style='max-height: 400px' \/><img src='https:\/\/secure-static.anacapri.com.br\/medias\/sys_master\/anacapri\/anacapri\/h41\/hfb\/h00\/h00\/9996876087326\/3017900040010U-07-BASEIMAGE-Midres.jpg' style='max-height: 400px' \/><img src='https:\/\/secure-static.anacapri.com.br\/medias\/sys_master\/anacapri\/anacapri\/h1b\/h8d\/h00\/h00\/9996876316702\/3017900040010U-08-BASEIMAGE-Midres.jpg' style='max-height: 400px' \/><\/div>\n<p>* Entre em contato por WhatsApp para verificar a disponibilidade do produto. Ref.: C3017900040010<\/p>\n","protected":false},"excerpt":{"rendered":"<p>Estoque indispon\u00edvel.<br \/><small>atualizado em 18\/05\/2022.<\/p>\n","protected":false},"featured_media":1245,"template":"","meta":[],"product_cat":[49],"product_tag":[26],"_links":{"self":[{"href":"https:\/\/comprenowhats.com.br\/anacaprimacae\/wp-json\/wp\/v2\/product\/1246"}],"collection":[{"href":"https:\/\/comprenowhats.com.br\/anacaprimacae\/wp-json\/wp\/v2\/product"}],"about":[{"href":"https:\/\/comprenowhats.com.br\/anacaprimacae\/wp-json\/wp\/v2\/types\/product"}],"wp:featuredmedia":[{"embeddable":true,"href":"https:\/\/comprenowhats.com.br\/anacaprimacae\/wp-json\/wp\/v2\/media\/1245"}],"wp:attachment":[{"href":"https:\/\/comprenowhats.com.br\/anacaprimacae\/wp-json\/wp\/v2\/media?parent=1246"}],"wp:term":[{"taxonomy":"product_cat","embeddable":true,"href":"https:\/\/comprenowhats.com.br\/anacaprimacae\/wp-json\/wp\/v2\/product_cat?post=1246"},{"taxonomy":"product_tag","embeddable":true,"href":"https:\/\/comprenowhats.com.br\/anacaprimacae\/wp-json\/wp\/v2\/product_tag?post=1246"}],"curies":[{"name":"wp","href":"https:\/\/api.w.org\/{rel}","templated":true}]}}