{"id":1244,"date":"2020-12-11T14:43:41","date_gmt":"2020-12-11T17:43:41","guid":{"rendered":"https:\/\/comprenowhats.com.br\/anacaprimacae\/produto\/rasteira-preta-tiras-manta-brilhosa\/"},"modified":"2022-05-18T12:07:27","modified_gmt":"2022-05-18T15:07:27","slug":"rasteira-preta-tiras-manta-brilhosa","status":"publish","type":"product","link":"https:\/\/comprenowhats.com.br\/anacaprimacae\/produto\/rasteira-preta-tiras-manta-brilhosa\/","title":{"rendered":"Rasteira Preta Tiras Manta Brilhosa"},"content":{"rendered":"<p>BRILHOSA! A rasteira com shape geom\u00e9trico e tiras transpassadas com aplica\u00e7\u00e3o de mini manta vem com palmilha luminosa, ou seja: BRILHOS+BRILHOS. Super glam, ela combina com looks despojados e tamb\u00e9m com aquele look poderoso pra noite &#8211; porque a gente sabe que n\u00e3o existe nada mais chic do que estar confort\u00e1vel! Bora brilhar ainda mais?<\/p>\n<div style='text-align: center'><img src='https:\/\/secure-static.anacapri.com.br\/medias\/sys_master\/anacapri\/anacapri\/h76\/h1f\/h00\/h00\/9868615254046\/3015700290002U-03-BASEIMAGE-Midres.jpg' style='max-height: 400px' \/><img src='https:\/\/secure-static.anacapri.com.br\/medias\/sys_master\/anacapri\/anacapri\/hb9\/h3e\/h00\/h00\/9868615581726\/3015700290002U-04-BASEIMAGE-Midres.jpg' style='max-height: 400px' \/><img src='https:\/\/secure-static.anacapri.com.br\/medias\/sys_master\/anacapri\/anacapri\/hb4\/h7b\/h00\/h00\/9868615974942\/3015700290002U-05-BASEIMAGE-Midres.jpg' style='max-height: 400px' \/><img src='https:\/\/secure-static.anacapri.com.br\/medias\/sys_master\/anacapri\/anacapri\/h28\/h3b\/h00\/h00\/9868616302622\/3015700290002U-06-BASEIMAGE-Midres.jpg' style='max-height: 400px' \/><img src='https:\/\/secure-static.anacapri.com.br\/medias\/sys_master\/anacapri\/anacapri\/hbe\/h8a\/h00\/h00\/9868616630302\/3015700290002U-07-BASEIMAGE-Midres.jpg' style='max-height: 400px' \/><img src='https:\/\/secure-static.anacapri.com.br\/medias\/sys_master\/anacapri\/anacapri\/hf1\/hd9\/h00\/h00\/9868616957982\/3015700290002U-08-BASEIMAGE-Midres.jpg' style='max-height: 400px' \/><\/div>\n<p>* Entre em contato por WhatsApp para verificar a disponibilidade do produto. Ref.: C3015700290002<\/p>\n","protected":false},"excerpt":{"rendered":"<p>Estoque indispon\u00edvel.<br \/><small>atualizado em 18\/05\/2022.<\/p>\n","protected":false},"featured_media":1243,"template":"","meta":[],"product_cat":[49],"product_tag":[25,27],"_links":{"self":[{"href":"https:\/\/comprenowhats.com.br\/anacaprimacae\/wp-json\/wp\/v2\/product\/1244"}],"collection":[{"href":"https:\/\/comprenowhats.com.br\/anacaprimacae\/wp-json\/wp\/v2\/product"}],"about":[{"href":"https:\/\/comprenowhats.com.br\/anacaprimacae\/wp-json\/wp\/v2\/types\/product"}],"wp:featuredmedia":[{"embeddable":true,"href":"https:\/\/comprenowhats.com.br\/anacaprimacae\/wp-json\/wp\/v2\/media\/1243"}],"wp:attachment":[{"href":"https:\/\/comprenowhats.com.br\/anacaprimacae\/wp-json\/wp\/v2\/media?parent=1244"}],"wp:term":[{"taxonomy":"product_cat","embeddable":true,"href":"https:\/\/comprenowhats.com.br\/anacaprimacae\/wp-json\/wp\/v2\/product_cat?post=1244"},{"taxonomy":"product_tag","embeddable":true,"href":"https:\/\/comprenowhats.com.br\/anacaprimacae\/wp-json\/wp\/v2\/product_tag?post=1244"}],"curies":[{"name":"wp","href":"https:\/\/api.w.org\/{rel}","templated":true}]}}