{"id":1242,"date":"2020-12-11T14:43:40","date_gmt":"2020-12-11T17:43:40","guid":{"rendered":"https:\/\/comprenowhats.com.br\/anacaprimacae\/produto\/sandalia-rasteira-laranja-splash-azul\/"},"modified":"2022-05-18T11:33:50","modified_gmt":"2022-05-18T14:33:50","slug":"sandalia-rasteira-laranja-splash-azul","status":"publish","type":"product","link":"https:\/\/comprenowhats.com.br\/anacaprimacae\/produto\/sandalia-rasteira-laranja-splash-azul\/","title":{"rendered":"Sand\u00e1lia Rasteira Laranja Splash Azul"},"content":{"rendered":"<p>Sand\u00e1lia rasteira colorida em Splash injetado glossy. O modelo slim tem sola flat azul e bico redondo. Traz tira \u00fanica laranja que passa em torno do calcanhar, sobre o peito do p\u00e9 e entre os dedos, fechando em fivela lateral. Aberta, a sand\u00e1lia exibe todo o p\u00e9.<\/p>\n<p><b>Porque Apostar<\/b><\/br><\/br>Toda coloridinha e com acabamento glossy, a rasteira traz o mood alegre da temporada! Perfeita para inserir um toque fun nos looks do dia a dia! Te garanto que vai arrasar &#8211; e que nenhuma produ\u00e7\u00e3o passa mais despercebida com essa sand\u00e1lia. T\u00e1 esperando o que para levar, garota?<\/p>\n<div style='text-align: center'><img src='https:\/\/secure-static.anacapri.com.br\/medias\/sys_master\/anacapri\/anacapri\/h10\/hc3\/h00\/h00\/9996803375134\/3017900110001U-04-BASEIMAGE-Midres.jpg' style='max-height: 400px' \/><img src='https:\/\/secure-static.anacapri.com.br\/medias\/sys_master\/anacapri\/anacapri\/h06\/hce\/h00\/h00\/9996803702814\/3017900110001U-05-BASEIMAGE-Midres.jpg' style='max-height: 400px' \/><img src='https:\/\/secure-static.anacapri.com.br\/medias\/sys_master\/anacapri\/anacapri\/h0f\/hb2\/h00\/h00\/9996804030494\/3017900110001U-06-BASEIMAGE-Midres.jpg' style='max-height: 400px' \/><img src='https:\/\/secure-static.anacapri.com.br\/medias\/sys_master\/anacapri\/anacapri\/h94\/h92\/h00\/h00\/9996804358174\/3017900110001U-07-BASEIMAGE-Midres.jpg' style='max-height: 400px' \/><img src='https:\/\/secure-static.anacapri.com.br\/medias\/sys_master\/anacapri\/anacapri\/h64\/h34\/h00\/h00\/9996804685854\/3017900110001U-08-BASEIMAGE-Midres.jpg' style='max-height: 400px' \/><\/div>\n<p>* Entre em contato por WhatsApp para verificar a disponibilidade do produto. Ref.: C3017900110001<\/p>\n","protected":false},"excerpt":{"rendered":"<p>Estoque dispon\u00edvel no tamanho: 38.<br \/><small>atualizado em 18\/05\/2022.<\/p>\n","protected":false},"featured_media":1241,"template":"","meta":[],"product_cat":[49],"product_tag":[26],"_links":{"self":[{"href":"https:\/\/comprenowhats.com.br\/anacaprimacae\/wp-json\/wp\/v2\/product\/1242"}],"collection":[{"href":"https:\/\/comprenowhats.com.br\/anacaprimacae\/wp-json\/wp\/v2\/product"}],"about":[{"href":"https:\/\/comprenowhats.com.br\/anacaprimacae\/wp-json\/wp\/v2\/types\/product"}],"wp:featuredmedia":[{"embeddable":true,"href":"https:\/\/comprenowhats.com.br\/anacaprimacae\/wp-json\/wp\/v2\/media\/1241"}],"wp:attachment":[{"href":"https:\/\/comprenowhats.com.br\/anacaprimacae\/wp-json\/wp\/v2\/media?parent=1242"}],"wp:term":[{"taxonomy":"product_cat","embeddable":true,"href":"https:\/\/comprenowhats.com.br\/anacaprimacae\/wp-json\/wp\/v2\/product_cat?post=1242"},{"taxonomy":"product_tag","embeddable":true,"href":"https:\/\/comprenowhats.com.br\/anacaprimacae\/wp-json\/wp\/v2\/product_tag?post=1242"}],"curies":[{"name":"wp","href":"https:\/\/api.w.org\/{rel}","templated":true}]}}