{"id":1240,"date":"2020-12-11T14:43:38","date_gmt":"2020-12-11T17:43:38","guid":{"rendered":"https:\/\/comprenowhats.com.br\/anacaprimacae\/produto\/sandalia-verde-flatform-palha\/"},"modified":"2022-05-18T11:34:48","modified_gmt":"2022-05-18T14:34:48","slug":"sandalia-verde-flatform-palha","status":"publish","type":"product","link":"https:\/\/comprenowhats.com.br\/anacaprimacae\/produto\/sandalia-verde-flatform-palha\/","title":{"rendered":"Sand\u00e1lia Verde Flatform Palha"},"content":{"rendered":"<p>Sand\u00e1lia verde. O modelo tem bico redondo e salto baixo flatform emborrachado verde, com risca branca e detalhe em palha. Traz cabedal em tiras finas bombadas sobre os dedos e o peito do p\u00e9, conectadas por n\u00f3s. Com fecho em tira fina afivelada no calcanhar e palmilha na mesma cor da sand\u00e1lia. Aberta, deixa todo o p\u00e9 \u00e0 mostra.<\/p>\n<p><b>Porque Apostar<\/b><\/br><\/br>Sabe aquele dia que tudo que a gente quer \u00e9 um look mara sem esfor\u00e7o? Ent\u00e3o, se joga nessa sand\u00e1lia, mana! Confort\u00e1vel e charmosa, fica linda com jeans ou vestido estampado e vai ser sua nova bff! Bolsa bucket estampada completa o mood fresco e alegre da esta\u00e7\u00e3o!<\/p>\n<div style='text-align: center'><img src='https:\/\/secure-static.anacapri.com.br\/medias\/sys_master\/anacapri\/anacapri\/ha2\/h7d\/h00\/h00\/9945398607902\/3012200130008U-03-BASEIMAGE-Midres.jpg' style='max-height: 400px' \/><img src='https:\/\/secure-static.anacapri.com.br\/medias\/sys_master\/anacapri\/anacapri\/hb8\/h75\/h00\/h00\/9945398935582\/3012200130008U-04-BASEIMAGE-Midres.jpg' style='max-height: 400px' \/><img src='https:\/\/secure-static.anacapri.com.br\/medias\/sys_master\/anacapri\/anacapri\/h16\/h12\/h00\/h00\/9945399263262\/3012200130008U-05-BASEIMAGE-Midres.jpg' style='max-height: 400px' \/><img src='https:\/\/secure-static.anacapri.com.br\/medias\/sys_master\/anacapri\/anacapri\/h46\/h70\/h00\/h00\/9945399590942\/3012200130008U-06-BASEIMAGE-Midres.jpg' style='max-height: 400px' \/><img src='https:\/\/secure-static.anacapri.com.br\/medias\/sys_master\/anacapri\/anacapri\/h67\/hd8\/h00\/h00\/9945399918622\/3012200130008U-07-BASEIMAGE-Midres.jpg' style='max-height: 400px' \/><img src='https:\/\/secure-static.anacapri.com.br\/medias\/sys_master\/anacapri\/anacapri\/h1a\/hc4\/h00\/h00\/9945400246302\/3012200130008U-08-BASEIMAGE-Midres.jpg' style='max-height: 400px' \/><\/div>\n<p>* Entre em contato por WhatsApp para verificar a disponibilidade do produto. Ref.: C3012200130008<\/p>\n","protected":false},"excerpt":{"rendered":"<p>Estoque indispon\u00edvel.<br \/><small>atualizado em 18\/05\/2022.<\/p>\n","protected":false},"featured_media":1239,"template":"","meta":[],"product_cat":[57],"product_tag":[25,26,27],"_links":{"self":[{"href":"https:\/\/comprenowhats.com.br\/anacaprimacae\/wp-json\/wp\/v2\/product\/1240"}],"collection":[{"href":"https:\/\/comprenowhats.com.br\/anacaprimacae\/wp-json\/wp\/v2\/product"}],"about":[{"href":"https:\/\/comprenowhats.com.br\/anacaprimacae\/wp-json\/wp\/v2\/types\/product"}],"wp:featuredmedia":[{"embeddable":true,"href":"https:\/\/comprenowhats.com.br\/anacaprimacae\/wp-json\/wp\/v2\/media\/1239"}],"wp:attachment":[{"href":"https:\/\/comprenowhats.com.br\/anacaprimacae\/wp-json\/wp\/v2\/media?parent=1240"}],"wp:term":[{"taxonomy":"product_cat","embeddable":true,"href":"https:\/\/comprenowhats.com.br\/anacaprimacae\/wp-json\/wp\/v2\/product_cat?post=1240"},{"taxonomy":"product_tag","embeddable":true,"href":"https:\/\/comprenowhats.com.br\/anacaprimacae\/wp-json\/wp\/v2\/product_tag?post=1240"}],"curies":[{"name":"wp","href":"https:\/\/api.w.org\/{rel}","templated":true}]}}