{"id":1236,"date":"2020-12-11T14:43:34","date_gmt":"2020-12-11T17:43:34","guid":{"rendered":"https:\/\/comprenowhats.com.br\/anacaprimacae\/produto\/sandalia-preta-flatform-palha\/"},"modified":"2022-05-18T11:34:49","modified_gmt":"2022-05-18T14:34:49","slug":"sandalia-preta-flatform-palha","status":"publish","type":"product","link":"https:\/\/comprenowhats.com.br\/anacaprimacae\/produto\/sandalia-preta-flatform-palha\/","title":{"rendered":"Sand\u00e1lia Preta Flatform Palha"},"content":{"rendered":"<p>Sand\u00e1lia preta. O modelo tem bico redondo e salto baixo flatform emborrachado preto, com risca branca e detalhe em palha. Traz cabedal em tiras finas bombadas sobre os dedos e o peito do p\u00e9, conectadas por n\u00f3s. Com fecho em tira fina afivelada no calcanhar e palmilha na mesma cor da sand\u00e1lia. Aberta, deixa todo o p\u00e9 \u00e0 mostra.<\/p>\n<p><b>Porque Apostar<\/b><\/br><\/br>Sabe aquele dia que tudo que a gente quer \u00e9 um look mara sem esfor\u00e7o? Ent\u00e3o, se joga nessa sand\u00e1lia, mana! Confort\u00e1vel e charmosa, fica linda com jeans ou vestido estampado e vai ser sua nova bff! Bolsa bucket estampada completa o mood fresco e alegre da esta\u00e7\u00e3o!<\/p>\n<div style='text-align: center'><img src='https:\/\/secure-static.anacapri.com.br\/medias\/sys_master\/anacapri\/anacapri\/ha2\/h0b\/h00\/h00\/9945268682782\/3012200130010U-03-BASEIMAGE-Midres.jpg' style='max-height: 400px' \/><img src='https:\/\/secure-static.anacapri.com.br\/medias\/sys_master\/anacapri\/anacapri\/h39\/hab\/h00\/h00\/9945269010462\/3012200130010U-04-BASEIMAGE-Midres.jpg' style='max-height: 400px' \/><img src='https:\/\/secure-static.anacapri.com.br\/medias\/sys_master\/anacapri\/anacapri\/h21\/h10\/h00\/h00\/9945269338142\/3012200130010U-05-BASEIMAGE-Midres.jpg' style='max-height: 400px' \/><img src='https:\/\/secure-static.anacapri.com.br\/medias\/sys_master\/anacapri\/anacapri\/h51\/h6e\/h00\/h00\/9945269665822\/3012200130010U-06-BASEIMAGE-Midres.jpg' style='max-height: 400px' \/><img src='https:\/\/secure-static.anacapri.com.br\/medias\/sys_master\/anacapri\/anacapri\/hbc\/h1e\/h00\/h00\/9945269993502\/3012200130010U-07-BASEIMAGE-Midres.jpg' style='max-height: 400px' \/><img src='https:\/\/secure-static.anacapri.com.br\/medias\/sys_master\/anacapri\/anacapri\/hfa\/hbd\/h00\/h00\/9945270321182\/3012200130010U-08-BASEIMAGE-Midres.jpg' style='max-height: 400px' \/><\/div>\n<p>* Entre em contato por WhatsApp para verificar a disponibilidade do produto. Ref.: C3012200130010<\/p>\n","protected":false},"excerpt":{"rendered":"<p>Estoque indispon\u00edvel.<br \/><small>atualizado em 18\/05\/2022.<\/p>\n","protected":false},"featured_media":1235,"template":"","meta":[],"product_cat":[57],"product_tag":[25,26,27],"_links":{"self":[{"href":"https:\/\/comprenowhats.com.br\/anacaprimacae\/wp-json\/wp\/v2\/product\/1236"}],"collection":[{"href":"https:\/\/comprenowhats.com.br\/anacaprimacae\/wp-json\/wp\/v2\/product"}],"about":[{"href":"https:\/\/comprenowhats.com.br\/anacaprimacae\/wp-json\/wp\/v2\/types\/product"}],"wp:featuredmedia":[{"embeddable":true,"href":"https:\/\/comprenowhats.com.br\/anacaprimacae\/wp-json\/wp\/v2\/media\/1235"}],"wp:attachment":[{"href":"https:\/\/comprenowhats.com.br\/anacaprimacae\/wp-json\/wp\/v2\/media?parent=1236"}],"wp:term":[{"taxonomy":"product_cat","embeddable":true,"href":"https:\/\/comprenowhats.com.br\/anacaprimacae\/wp-json\/wp\/v2\/product_cat?post=1236"},{"taxonomy":"product_tag","embeddable":true,"href":"https:\/\/comprenowhats.com.br\/anacaprimacae\/wp-json\/wp\/v2\/product_tag?post=1236"}],"curies":[{"name":"wp","href":"https:\/\/api.w.org\/{rel}","templated":true}]}}