{"id":1234,"date":"2020-12-11T14:43:33","date_gmt":"2020-12-11T17:43:33","guid":{"rendered":"https:\/\/comprenowhats.com.br\/anacaprimacae\/produto\/mule-rosa-blush-bridao-classica\/"},"modified":"2022-05-18T11:33:25","modified_gmt":"2022-05-18T14:33:25","slug":"mule-rosa-blush-bridao-classica","status":"publish","type":"product","link":"https:\/\/comprenowhats.com.br\/anacaprimacae\/produto\/mule-rosa-blush-bridao-classica\/","title":{"rendered":"Mule Rosa Blush Brid\u00e3o Cl\u00e1ssica"},"content":{"rendered":"<p>Mule rosa blush. O modelo tem bico redondo e salto rasteiro. Fechada, traz recorte lateral na g\u00e1spea e aplica\u00e7\u00e3o de tira com brid\u00e3o met\u00e1lico. Aberta no calcanhar, tem costura pesponto no contorno do cabedal.<\/p>\n<p><b>Porque Apostar<\/b><\/br><\/br>A mule \u00e9 aquele sapato que te deixa mega elegante sem esfor\u00e7o! Cl\u00e1ssico, o modelo traz um toque masculino e fica mara com alfaiataria, bem estiloso e trendy! Combine bermuda oversized e camisa soltinha e aposte ainda em acess\u00f3rios em animal print. Vai arrasar real!<\/p>\n<div style='text-align: center'><img src='https:\/\/secure-static.anacapri.com.br\/medias\/sys_master\/anacapri\/anacapri\/he1\/h82\/h00\/h00\/9945048678430\/3007500600014U-04-BASEIMAGE-Midres.jpg' style='max-height: 400px' \/><img src='https:\/\/secure-static.anacapri.com.br\/medias\/sys_master\/anacapri\/anacapri\/h42\/hc6\/h00\/h00\/9945049006110\/3007500600014U-05-BASEIMAGE-Midres.jpg' style='max-height: 400px' \/><img src='https:\/\/secure-static.anacapri.com.br\/medias\/sys_master\/anacapri\/anacapri\/he2\/h93\/h00\/h00\/9945049333790\/3007500600014U-06-BASEIMAGE-Midres.jpg' style='max-height: 400px' \/><img src='https:\/\/secure-static.anacapri.com.br\/medias\/sys_master\/anacapri\/anacapri\/h78\/he3\/h00\/h00\/9945049661470\/3007500600014U-07-BASEIMAGE-Midres.jpg' style='max-height: 400px' \/><img src='https:\/\/secure-static.anacapri.com.br\/medias\/sys_master\/anacapri\/anacapri\/h1c\/h28\/h00\/h00\/9945049989150\/3007500600014U-08-BASEIMAGE-Midres.jpg' style='max-height: 400px' \/><\/div>\n<p>* Entre em contato por WhatsApp para verificar a disponibilidade do produto. Ref.: C3007500600014<\/p>\n","protected":false},"excerpt":{"rendered":"<p>Estoque indispon\u00edvel.<br \/><small>atualizado em 18\/05\/2022.<\/p>\n","protected":false},"featured_media":1233,"template":"","meta":[],"product_cat":[52],"product_tag":[21,22,23,24,25,26,27,28],"_links":{"self":[{"href":"https:\/\/comprenowhats.com.br\/anacaprimacae\/wp-json\/wp\/v2\/product\/1234"}],"collection":[{"href":"https:\/\/comprenowhats.com.br\/anacaprimacae\/wp-json\/wp\/v2\/product"}],"about":[{"href":"https:\/\/comprenowhats.com.br\/anacaprimacae\/wp-json\/wp\/v2\/types\/product"}],"wp:featuredmedia":[{"embeddable":true,"href":"https:\/\/comprenowhats.com.br\/anacaprimacae\/wp-json\/wp\/v2\/media\/1233"}],"wp:attachment":[{"href":"https:\/\/comprenowhats.com.br\/anacaprimacae\/wp-json\/wp\/v2\/media?parent=1234"}],"wp:term":[{"taxonomy":"product_cat","embeddable":true,"href":"https:\/\/comprenowhats.com.br\/anacaprimacae\/wp-json\/wp\/v2\/product_cat?post=1234"},{"taxonomy":"product_tag","embeddable":true,"href":"https:\/\/comprenowhats.com.br\/anacaprimacae\/wp-json\/wp\/v2\/product_tag?post=1234"}],"curies":[{"name":"wp","href":"https:\/\/api.w.org\/{rel}","templated":true}]}}