{"id":1232,"date":"2020-12-11T14:43:31","date_gmt":"2020-12-11T17:43:31","guid":{"rendered":"https:\/\/comprenowhats.com.br\/anacaprimacae\/produto\/mule-palha-bridao-marrom\/"},"modified":"2022-05-18T11:33:21","modified_gmt":"2022-05-18T14:33:21","slug":"mule-palha-bridao-marrom","status":"publish","type":"product","link":"https:\/\/comprenowhats.com.br\/anacaprimacae\/produto\/mule-palha-bridao-marrom\/","title":{"rendered":"Mule Palha Brid\u00e3o Marrom"},"content":{"rendered":"<p>Mule em palha natural e material marrom. O modelo tem bico redondo e salto rasteiro. Fechada, traz recorte lateral na g\u00e1spea e aplica\u00e7\u00e3o de tiras e brid\u00e3o met\u00e1lico. Aberta no calcanhar, tem contorno do cabedal marrom. <\/p>\n<p><b>Porque Apostar<\/b><\/br><\/br>A mule \u00e9 um cl\u00e1ssico do estilo minimal e vem atualizada em vers\u00e3o naturalzinha, misturando palha e detalhes marrons. Do office ao conforto de casa, \u00e9 uma op\u00e7\u00e3o pr\u00e1tica e mega estilosa para o dia a dia. Combine com cal\u00e7a mom, blusa soltinha e crossbody.<\/p>\n<div style='text-align: center'><img src='https:\/\/secure-static.anacapri.com.br\/medias\/sys_master\/anacapri\/anacapri\/h6c\/h1e\/h00\/h00\/9931876270110\/3007500660001U-03-BASEIMAGE-Midres.jpg' style='max-height: 400px' \/><img src='https:\/\/secure-static.anacapri.com.br\/medias\/sys_master\/anacapri\/anacapri\/h9f\/h6d\/h00\/h00\/9931876597790\/3007500660001U-04-BASEIMAGE-Midres.jpg' style='max-height: 400px' \/><img src='https:\/\/secure-static.anacapri.com.br\/medias\/sys_master\/anacapri\/anacapri\/h90\/hef\/h00\/h00\/9931876925470\/3007500660001U-05-BASEIMAGE-Midres.jpg' style='max-height: 400px' \/><img src='https:\/\/secure-static.anacapri.com.br\/medias\/sys_master\/anacapri\/anacapri\/h31\/he5\/h00\/h00\/9931877318686\/3007500660001U-06-BASEIMAGE-Midres.jpg' style='max-height: 400px' \/><img src='https:\/\/secure-static.anacapri.com.br\/medias\/sys_master\/anacapri\/anacapri\/h38\/hcb\/h00\/h00\/9931877646366\/3007500660001U-07-BASEIMAGE-Midres.jpg' style='max-height: 400px' \/><img src='https:\/\/secure-static.anacapri.com.br\/medias\/sys_master\/anacapri\/anacapri\/ha2\/h7b\/h00\/h00\/9931877974046\/3007500660001U-08-BASEIMAGE-Midres.jpg' style='max-height: 400px' \/><\/div>\n<p>* Entre em contato por WhatsApp para verificar a disponibilidade do produto. Ref.: C3007500660001<\/p>\n","protected":false},"excerpt":{"rendered":"<p>Estoque indispon\u00edvel.<br \/><small>atualizado em 18\/05\/2022.<\/p>\n","protected":false},"featured_media":1231,"template":"","meta":[],"product_cat":[52],"product_tag":[21,22,23,24,25,26,27,28],"_links":{"self":[{"href":"https:\/\/comprenowhats.com.br\/anacaprimacae\/wp-json\/wp\/v2\/product\/1232"}],"collection":[{"href":"https:\/\/comprenowhats.com.br\/anacaprimacae\/wp-json\/wp\/v2\/product"}],"about":[{"href":"https:\/\/comprenowhats.com.br\/anacaprimacae\/wp-json\/wp\/v2\/types\/product"}],"wp:featuredmedia":[{"embeddable":true,"href":"https:\/\/comprenowhats.com.br\/anacaprimacae\/wp-json\/wp\/v2\/media\/1231"}],"wp:attachment":[{"href":"https:\/\/comprenowhats.com.br\/anacaprimacae\/wp-json\/wp\/v2\/media?parent=1232"}],"wp:term":[{"taxonomy":"product_cat","embeddable":true,"href":"https:\/\/comprenowhats.com.br\/anacaprimacae\/wp-json\/wp\/v2\/product_cat?post=1232"},{"taxonomy":"product_tag","embeddable":true,"href":"https:\/\/comprenowhats.com.br\/anacaprimacae\/wp-json\/wp\/v2\/product_tag?post=1232"}],"curies":[{"name":"wp","href":"https:\/\/api.w.org\/{rel}","templated":true}]}}