{"id":1228,"date":"2020-12-11T14:43:29","date_gmt":"2020-12-11T17:43:29","guid":{"rendered":"https:\/\/comprenowhats.com.br\/anacaprimacae\/produto\/sandalia-rasteira-animal-print-splash-onca\/"},"modified":"2022-05-18T11:33:51","modified_gmt":"2022-05-18T14:33:51","slug":"sandalia-rasteira-animal-print-splash-onca","status":"publish","type":"product","link":"https:\/\/comprenowhats.com.br\/anacaprimacae\/produto\/sandalia-rasteira-animal-print-splash-onca\/","title":{"rendered":"Sand\u00e1lia Rasteira Animal Print Splash On\u00e7a"},"content":{"rendered":"<p>Sand\u00e1lia rasteira em Splash injetado glossy. O modelo slim tem sola flat preta e bico redondo. Traz tira \u00fanica em estampa animal print de on\u00e7a que passa em torno do calcanhar, sobre o peito do p\u00e9 e entre os dedos, fechando em fivela lateral. Aberta, a sand\u00e1lia exibe todo o p\u00e9.<\/p>\n<p><b>Porque Apostar<\/b><\/br><\/br>Alerta trend: a rasteira traz um mix de estampa de oncinha + Splash injetado que \u00e9 a cara da esta\u00e7\u00e3o! Perfeita para quem curte um cl\u00e1ssico atualizado! Vai do office ao passeio e garante que voc\u00ea vai arrasar no matter what!<\/p>\n<div style='text-align: center'><img src='https:\/\/secure-static.anacapri.com.br\/medias\/sys_master\/anacapri\/anacapri\/h93\/hf2\/h00\/h00\/9996652806174\/3017900120001U-03-BASEIMAGE-Midres.jpg' style='max-height: 400px' \/><img src='https:\/\/secure-static.anacapri.com.br\/medias\/sys_master\/anacapri\/anacapri\/h70\/ha8\/h00\/h00\/9996653133854\/3017900120001U-04-BASEIMAGE-Midres.jpg' style='max-height: 400px' \/><img src='https:\/\/secure-static.anacapri.com.br\/medias\/sys_master\/anacapri\/anacapri\/h05\/hf8\/h00\/h00\/9996653461534\/3017900120001U-05-BASEIMAGE-Midres.jpg' style='max-height: 400px' \/><img src='https:\/\/secure-static.anacapri.com.br\/medias\/sys_master\/anacapri\/anacapri\/haa\/h3c\/h00\/h00\/9996653789214\/3017900120001U-06-BASEIMAGE-Midres.jpg' style='max-height: 400px' \/><img src='https:\/\/secure-static.anacapri.com.br\/medias\/sys_master\/anacapri\/anacapri\/hea\/h01\/h00\/h00\/9996654116894\/3017900120001U-07-BASEIMAGE-Midres.jpg' style='max-height: 400px' \/><img src='https:\/\/secure-static.anacapri.com.br\/medias\/sys_master\/anacapri\/anacapri\/hab\/h4d\/h00\/h00\/9996654444574\/3017900120001U-08-BASEIMAGE-Midres.jpg' style='max-height: 400px' \/><\/div>\n<p>* Entre em contato por WhatsApp para verificar a disponibilidade do produto. Ref.: C3017900120001<\/p>\n","protected":false},"excerpt":{"rendered":"<p>Estoque dispon\u00edvel no tamanho: 34.<br \/><small>atualizado em 18\/05\/2022.<\/p>\n","protected":false},"featured_media":1227,"template":"","meta":[],"product_cat":[49],"product_tag":[22],"_links":{"self":[{"href":"https:\/\/comprenowhats.com.br\/anacaprimacae\/wp-json\/wp\/v2\/product\/1228"}],"collection":[{"href":"https:\/\/comprenowhats.com.br\/anacaprimacae\/wp-json\/wp\/v2\/product"}],"about":[{"href":"https:\/\/comprenowhats.com.br\/anacaprimacae\/wp-json\/wp\/v2\/types\/product"}],"wp:featuredmedia":[{"embeddable":true,"href":"https:\/\/comprenowhats.com.br\/anacaprimacae\/wp-json\/wp\/v2\/media\/1227"}],"wp:attachment":[{"href":"https:\/\/comprenowhats.com.br\/anacaprimacae\/wp-json\/wp\/v2\/media?parent=1228"}],"wp:term":[{"taxonomy":"product_cat","embeddable":true,"href":"https:\/\/comprenowhats.com.br\/anacaprimacae\/wp-json\/wp\/v2\/product_cat?post=1228"},{"taxonomy":"product_tag","embeddable":true,"href":"https:\/\/comprenowhats.com.br\/anacaprimacae\/wp-json\/wp\/v2\/product_tag?post=1228"}],"curies":[{"name":"wp","href":"https:\/\/api.w.org\/{rel}","templated":true}]}}