{"id":1226,"date":"2020-12-11T14:43:26","date_gmt":"2020-12-11T17:43:26","guid":{"rendered":"https:\/\/comprenowhats.com.br\/anacaprimacae\/produto\/mule-bege-tecido-tiras-no\/"},"modified":"2022-05-18T11:34:21","modified_gmt":"2022-05-18T14:34:21","slug":"mule-bege-tecido-tiras-no","status":"publish","type":"product","link":"https:\/\/comprenowhats.com.br\/anacaprimacae\/produto\/mule-bege-tecido-tiras-no\/","title":{"rendered":"Mule Bege Tecido Tiras N\u00f3"},"content":{"rendered":"<p>Mule bege em tecido r\u00fastico. O modelo tem solado rasteiro, palmilha marrom e bico fino. Traz recorte em V no cabedal e tiras bombadas marrons sobre o peito do p\u00e9, entrela\u00e7adas na lateral. \u00c9 aberta no calcanhar.<\/p>\n<p><b>Porque Apostar<\/b><\/br><\/br>A mule traz aquele mix &amp; match r\u00fastico e elegante e \u00e9 um HINO quando o assunto \u00e9 conforto! Pr\u00e1tica e vers\u00e1til, insere informa\u00e7\u00e3o de moda at\u00e9 no look mais b\u00e1sico! Para uma produ\u00e7\u00e3o fresquinha e com pegada retr\u00f4, aposte em bermuda de alfaiataria, regata com gola e bolsa tiracolo. Garanto que vai arrasar!<\/p>\n<div style='text-align: center'><img src='https:\/\/secure-static.anacapri.com.br\/medias\/sys_master\/anacapri\/anacapri\/h69\/h49\/h00\/h00\/9956444700702\/3022900200004U-04-BASEIMAGE-Midres.jpg' style='max-height: 400px' \/><img src='https:\/\/secure-static.anacapri.com.br\/medias\/sys_master\/anacapri\/anacapri\/h91\/ha5\/h00\/h00\/9956445028382\/3022900200004U-05-BASEIMAGE-Midres.jpg' style='max-height: 400px' \/><img src='https:\/\/secure-static.anacapri.com.br\/medias\/sys_master\/anacapri\/anacapri\/hfb\/h55\/h00\/h00\/9956445356062\/3022900200004U-06-BASEIMAGE-Midres.jpg' style='max-height: 400px' \/><img src='https:\/\/secure-static.anacapri.com.br\/medias\/sys_master\/anacapri\/anacapri\/hb0\/h02\/h00\/h00\/9956446011422\/3022900200004U-07-BASEIMAGE-Midres.jpg' style='max-height: 400px' \/><img src='https:\/\/secure-static.anacapri.com.br\/medias\/sys_master\/anacapri\/anacapri\/h2b\/hb4\/h00\/h00\/9956445683742\/3022900200004U-08-BASEIMAGE-Midres.jpg' style='max-height: 400px' \/><\/div>\n<p>* Entre em contato por WhatsApp para verificar a disponibilidade do produto. Ref.: C3022900200004<\/p>\n","protected":false},"excerpt":{"rendered":"<p>Estoque indispon\u00edvel.<br \/><small>atualizado em 18\/05\/2022.<\/p>\n","protected":false},"featured_media":1225,"template":"","meta":[],"product_cat":[52],"product_tag":[23,26],"_links":{"self":[{"href":"https:\/\/comprenowhats.com.br\/anacaprimacae\/wp-json\/wp\/v2\/product\/1226"}],"collection":[{"href":"https:\/\/comprenowhats.com.br\/anacaprimacae\/wp-json\/wp\/v2\/product"}],"about":[{"href":"https:\/\/comprenowhats.com.br\/anacaprimacae\/wp-json\/wp\/v2\/types\/product"}],"wp:featuredmedia":[{"embeddable":true,"href":"https:\/\/comprenowhats.com.br\/anacaprimacae\/wp-json\/wp\/v2\/media\/1225"}],"wp:attachment":[{"href":"https:\/\/comprenowhats.com.br\/anacaprimacae\/wp-json\/wp\/v2\/media?parent=1226"}],"wp:term":[{"taxonomy":"product_cat","embeddable":true,"href":"https:\/\/comprenowhats.com.br\/anacaprimacae\/wp-json\/wp\/v2\/product_cat?post=1226"},{"taxonomy":"product_tag","embeddable":true,"href":"https:\/\/comprenowhats.com.br\/anacaprimacae\/wp-json\/wp\/v2\/product_tag?post=1226"}],"curies":[{"name":"wp","href":"https:\/\/api.w.org\/{rel}","templated":true}]}}