{"id":1224,"date":"2020-12-11T14:43:25","date_gmt":"2020-12-11T17:43:25","guid":{"rendered":"https:\/\/comprenowhats.com.br\/anacaprimacae\/produto\/tenis-bege-juta-cru\/"},"modified":"2022-05-18T11:45:39","modified_gmt":"2022-05-18T14:45:39","slug":"tenis-bege-juta-cru","status":"publish","type":"product","link":"https:\/\/comprenowhats.com.br\/anacaprimacae\/produto\/tenis-bege-juta-cru\/","title":{"rendered":"T\u00eanis Bege Juta Cru"},"content":{"rendered":"<p>T\u00eanis bege em juta de corda. O modelo de amarra\u00e7\u00e3o tem solado baixo flatform emborrachado branco, com frente e biqueira em alto-relevo e duas riscas laterais pretas, al\u00e9m de detalhe ANACAPRI na parte traseira. Traz fita de gorgur\u00e3o no calcanhar e por todo o contorno. De bico redondo, o t\u00eanis tem fecho em cadar\u00e7os brancos e tag marrom discreta do nome da marca na lateral do cabedal.<\/p>\n<p><b>Porque Apostar<\/b><\/br><\/br>Com uma pegada naturalzinha, o t\u00eanis une conforto, estilo e praticidade. A cara da esta\u00e7\u00e3o, fica lindo com vestido longo e estampado, criando um look fresco e despojado! Vers\u00e1til, vai do passeio com as amigas ao visual office descontra\u00eddo. Pode apostar!<\/p>\n<div style='text-align: center'><img src='https:\/\/secure-static.anacapri.com.br\/medias\/sys_master\/anacapri\/anacapri\/h56\/ha6\/h00\/h00\/9931993382942\/3023000010013U-03-BASEIMAGE-Midres.jpg' style='max-height: 400px' \/><img src='https:\/\/secure-static.anacapri.com.br\/medias\/sys_master\/anacapri\/anacapri\/hd9\/hb6\/h00\/h00\/9931993710622\/3023000010013U-04-BASEIMAGE-Midres.jpg' style='max-height: 400px' \/><img src='https:\/\/secure-static.anacapri.com.br\/medias\/sys_master\/anacapri\/anacapri\/hd7\/ha1\/h00\/h00\/9931994038302\/3023000010013U-05-BASEIMAGE-Midres.jpg' style='max-height: 400px' \/><img src='https:\/\/secure-static.anacapri.com.br\/medias\/sys_master\/anacapri\/anacapri\/h03\/h04\/h00\/h00\/9931994365982\/3023000010013U-06-BASEIMAGE-Midres.jpg' style='max-height: 400px' \/><img src='https:\/\/secure-static.anacapri.com.br\/medias\/sys_master\/anacapri\/anacapri\/h91\/h4b\/h00\/h00\/9931994693662\/3023000010013U-07-BASEIMAGE-Midres.jpg' style='max-height: 400px' \/><img src='https:\/\/secure-static.anacapri.com.br\/medias\/sys_master\/anacapri\/anacapri\/h91\/hfd\/h00\/h00\/9931995021342\/3023000010013U-08-BASEIMAGE-Midres.jpg' style='max-height: 400px' \/><\/div>\n<p>* Entre em contato por WhatsApp para verificar a disponibilidade do produto. Ref.: C3023000010013<\/p>\n","protected":false},"excerpt":{"rendered":"<p>Estoque indispon\u00edvel.<br \/><small>atualizado em 18\/05\/2022.<\/p>\n","protected":false},"featured_media":1223,"template":"","meta":[],"product_cat":[50],"product_tag":[23],"_links":{"self":[{"href":"https:\/\/comprenowhats.com.br\/anacaprimacae\/wp-json\/wp\/v2\/product\/1224"}],"collection":[{"href":"https:\/\/comprenowhats.com.br\/anacaprimacae\/wp-json\/wp\/v2\/product"}],"about":[{"href":"https:\/\/comprenowhats.com.br\/anacaprimacae\/wp-json\/wp\/v2\/types\/product"}],"wp:featuredmedia":[{"embeddable":true,"href":"https:\/\/comprenowhats.com.br\/anacaprimacae\/wp-json\/wp\/v2\/media\/1223"}],"wp:attachment":[{"href":"https:\/\/comprenowhats.com.br\/anacaprimacae\/wp-json\/wp\/v2\/media?parent=1224"}],"wp:term":[{"taxonomy":"product_cat","embeddable":true,"href":"https:\/\/comprenowhats.com.br\/anacaprimacae\/wp-json\/wp\/v2\/product_cat?post=1224"},{"taxonomy":"product_tag","embeddable":true,"href":"https:\/\/comprenowhats.com.br\/anacaprimacae\/wp-json\/wp\/v2\/product_tag?post=1224"}],"curies":[{"name":"wp","href":"https:\/\/api.w.org\/{rel}","templated":true}]}}