{"id":1222,"date":"2020-12-11T14:43:23","date_gmt":"2020-12-11T17:43:23","guid":{"rendered":"https:\/\/comprenowhats.com.br\/anacaprimacae\/produto\/slip-on-caramelo-elastico-ale\/"},"modified":"2022-05-18T11:45:40","modified_gmt":"2022-05-18T14:45:40","slug":"slip-on-caramelo-elastico-ale","status":"publish","type":"product","link":"https:\/\/comprenowhats.com.br\/anacaprimacae\/produto\/slip-on-caramelo-elastico-ale\/","title":{"rendered":"Slip On Caramelo El\u00e1stico Al\u00ea"},"content":{"rendered":"<p>T\u00eanis slip on marrom de lona. O modelo tem solado baixo flatform emborrachado branco, com frente e biqueira em alto-relevo e duas riscas laterais marrons, al\u00e9m de detalhe ANACAPRI na parte traseira. Traz fita de gorgur\u00e3o no calcanhar e por todo o contorno. De bico redondo, o t\u00eanis tem el\u00e1stico interno sobre a l\u00edngua, que facilita o calce, e tag marrom discreta do nome da marca na lateral do cabedal.<\/p>\n<p><b>Porque Apostar<\/b><\/br><\/br>Basiquinho, mas mega charmoso, o t\u00eanis tem uma pegada 70s que \u00e9 tend\u00eancia e a gente ama! Em vers\u00e3o slip on, \u00e9 pr\u00e1tico e f\u00e1cil de cal\u00e7ar, perfeito para descomplicar sua rotina! Use com vestido colorido ou jeans para um visual fresco e divertido! E que tal uma mochila para completar? Fica tudo, mana!<\/p>\n<div style='text-align: center'><img src='https:\/\/secure-static.anacapri.com.br\/medias\/sys_master\/anacapri\/anacapri\/ha0\/h96\/h00\/h00\/9932121899038\/3023000060001U-04-BASEIMAGE-Midres.jpg' style='max-height: 400px' \/><img src='https:\/\/secure-static.anacapri.com.br\/medias\/sys_master\/anacapri\/anacapri\/h8a\/h8d\/h00\/h00\/9932122226718\/3023000060001U-05-BASEIMAGE-Midres.jpg' style='max-height: 400px' \/><img src='https:\/\/secure-static.anacapri.com.br\/medias\/sys_master\/anacapri\/anacapri\/h9f\/h85\/h00\/h00\/9932122554398\/3023000060001U-06-BASEIMAGE-Midres.jpg' style='max-height: 400px' \/><img src='https:\/\/secure-static.anacapri.com.br\/medias\/sys_master\/anacapri\/anacapri\/h0a\/h36\/h00\/h00\/9932122882078\/3023000060001U-07-BASEIMAGE-Midres.jpg' style='max-height: 400px' \/><img src='https:\/\/secure-static.anacapri.com.br\/medias\/sys_master\/anacapri\/anacapri\/h1b\/hc8\/h00\/h00\/9932123209758\/3023000060001U-08-BASEIMAGE-Midres.jpg' style='max-height: 400px' \/><\/div>\n<p>* Entre em contato por WhatsApp para verificar a disponibilidade do produto. Ref.: C3023000060001<\/p>\n","protected":false},"excerpt":{"rendered":"<p>Estoque indispon\u00edvel.<br \/><small>atualizado em 18\/05\/2022.<\/p>\n","protected":false},"featured_media":1221,"template":"","meta":[],"product_cat":[50],"product_tag":[23],"_links":{"self":[{"href":"https:\/\/comprenowhats.com.br\/anacaprimacae\/wp-json\/wp\/v2\/product\/1222"}],"collection":[{"href":"https:\/\/comprenowhats.com.br\/anacaprimacae\/wp-json\/wp\/v2\/product"}],"about":[{"href":"https:\/\/comprenowhats.com.br\/anacaprimacae\/wp-json\/wp\/v2\/types\/product"}],"wp:featuredmedia":[{"embeddable":true,"href":"https:\/\/comprenowhats.com.br\/anacaprimacae\/wp-json\/wp\/v2\/media\/1221"}],"wp:attachment":[{"href":"https:\/\/comprenowhats.com.br\/anacaprimacae\/wp-json\/wp\/v2\/media?parent=1222"}],"wp:term":[{"taxonomy":"product_cat","embeddable":true,"href":"https:\/\/comprenowhats.com.br\/anacaprimacae\/wp-json\/wp\/v2\/product_cat?post=1222"},{"taxonomy":"product_tag","embeddable":true,"href":"https:\/\/comprenowhats.com.br\/anacaprimacae\/wp-json\/wp\/v2\/product_tag?post=1222"}],"curies":[{"name":"wp","href":"https:\/\/api.w.org\/{rel}","templated":true}]}}