{"id":1214,"date":"2020-12-11T14:43:20","date_gmt":"2020-12-11T17:43:20","guid":{"rendered":"https:\/\/comprenowhats.com.br\/anacaprimacae\/produto\/rasteira-preta-bico-folha-laco-tornozelo\/"},"modified":"2022-05-18T11:45:51","modified_gmt":"2022-05-18T14:45:51","slug":"rasteira-preta-bico-folha-laco-tornozelo","status":"publish","type":"product","link":"https:\/\/comprenowhats.com.br\/anacaprimacae\/produto\/rasteira-preta-bico-folha-laco-tornozelo\/","title":{"rendered":"Rasteira Preta Bico Folha La\u00e7o Tornozelo"},"content":{"rendered":"<p>Chiqu\u00e9rrima, a flat com shape folha tem tira m\u00e9dia no peito do p\u00e9 e fechamento em la\u00e7o no tornozelo. O revestimento todo metalizado traz o mood disco pra jogo e o tom escuro opaco brinca com a mistura entre moderno e cl\u00e1ssico. Super vers\u00e1teis, respeite a sua hist\u00f3ria e monte aquele look que \u00e9 a sua cara \ud83d\ude42<\/p>\n<div style='text-align: center'><img src='https:\/\/secure-static.anacapri.com.br\/medias\/sys_master\/anacapri\/anacapri\/h5c\/h61\/h00\/h00\/9868682461214\/3019300060004U-03-BASEIMAGE-Midres.jpg' style='max-height: 400px' \/><img src='https:\/\/secure-static.anacapri.com.br\/medias\/sys_master\/anacapri\/anacapri\/h8f\/hb0\/h00\/h00\/9868682788894\/3019300060004U-04-BASEIMAGE-Midres.jpg' style='max-height: 400px' \/><img src='https:\/\/secure-static.anacapri.com.br\/medias\/sys_master\/anacapri\/anacapri\/h93\/h98\/h00\/h00\/9868683116574\/3019300060004U-05-BASEIMAGE-Midres.jpg' style='max-height: 400px' \/><img src='https:\/\/secure-static.anacapri.com.br\/medias\/sys_master\/anacapri\/anacapri\/h8e\/hd5\/h00\/h00\/9868683509790\/3019300060004U-06-BASEIMAGE-Midres.jpg' style='max-height: 400px' \/><img src='https:\/\/secure-static.anacapri.com.br\/medias\/sys_master\/anacapri\/anacapri\/hbe\/h0b\/h00\/h00\/9868683968542\/3019300060004U-07-BASEIMAGE-Midres.jpg' style='max-height: 400px' \/><img src='https:\/\/secure-static.anacapri.com.br\/medias\/sys_master\/anacapri\/anacapri\/h61\/h6f\/h00\/h00\/9868684296222\/3019300060004U-08-BASEIMAGE-Midres.jpg' style='max-height: 400px' \/><\/div>\n<p>* Entre em contato por WhatsApp para verificar a disponibilidade do produto. Ref.: C3019300060004<\/p>\n","protected":false},"excerpt":{"rendered":"<p>Estoque indispon\u00edvel.<br \/><small>atualizado em 18\/05\/2022.<\/p>\n","protected":false},"featured_media":1213,"template":"","meta":[],"product_cat":[49],"product_tag":[26],"_links":{"self":[{"href":"https:\/\/comprenowhats.com.br\/anacaprimacae\/wp-json\/wp\/v2\/product\/1214"}],"collection":[{"href":"https:\/\/comprenowhats.com.br\/anacaprimacae\/wp-json\/wp\/v2\/product"}],"about":[{"href":"https:\/\/comprenowhats.com.br\/anacaprimacae\/wp-json\/wp\/v2\/types\/product"}],"wp:featuredmedia":[{"embeddable":true,"href":"https:\/\/comprenowhats.com.br\/anacaprimacae\/wp-json\/wp\/v2\/media\/1213"}],"wp:attachment":[{"href":"https:\/\/comprenowhats.com.br\/anacaprimacae\/wp-json\/wp\/v2\/media?parent=1214"}],"wp:term":[{"taxonomy":"product_cat","embeddable":true,"href":"https:\/\/comprenowhats.com.br\/anacaprimacae\/wp-json\/wp\/v2\/product_cat?post=1214"},{"taxonomy":"product_tag","embeddable":true,"href":"https:\/\/comprenowhats.com.br\/anacaprimacae\/wp-json\/wp\/v2\/product_tag?post=1214"}],"curies":[{"name":"wp","href":"https:\/\/api.w.org\/{rel}","templated":true}]}}