{"id":1210,"date":"2020-12-11T14:43:17","date_gmt":"2020-12-11T17:43:17","guid":{"rendered":"https:\/\/comprenowhats.com.br\/anacaprimacae\/produto\/rasteira-dourada-tira-manta-brilhosa\/"},"modified":"2023-08-18T11:34:24","modified_gmt":"2023-08-18T14:34:24","slug":"rasteira-dourada-tira-manta-brilhosa","status":"publish","type":"product","link":"https:\/\/comprenowhats.com.br\/anacaprimacae\/produto\/rasteira-dourada-tira-manta-brilhosa\/","title":{"rendered":"Rasteira Dourada Tira Manta Brilhosa"},"content":{"rendered":"<p>Sand\u00e1lia rasteira metalizada dourada. O modelo tem palmilha bege e bico folha. Traz tira m\u00e9dia em suede, coberta por cristais hotfix, sobre os dedos. Fechada no calcanhar, traz tira fina em torno do tornozelo com fivela met\u00e1lica lateral.<\/p>\n<p><b>Porque Apostar<\/b><\/br><\/br>Shine bright like a diamond! A sand\u00e1lia \u00e9 a uni\u00e3o perfeita entre conforto e eleg\u00e2ncia, acrescentando glamour at\u00e9 no look mais b\u00e1sico! Use com alfaiataria total black ou white para uma produ\u00e7\u00e3o sofisticada e trendy.<\/p>\n<div style='text-align: center'><img src='https:\/\/secure-static.anacapri.com.br\/medias\/sys_master\/anacapri\/anacapri\/h98\/h40\/h00\/h00\/9956582457374\/3019300090002U-03-BASEIMAGE-Midres.jpg' style='max-height: 400px' \/><img src='https:\/\/secure-static.anacapri.com.br\/medias\/sys_master\/anacapri\/anacapri\/h2d\/h90\/h00\/h00\/9956582785054\/3019300090002U-04-BASEIMAGE-Midres.jpg' style='max-height: 400px' \/><img src='https:\/\/secure-static.anacapri.com.br\/medias\/sys_master\/anacapri\/anacapri\/h44\/h99\/h00\/h00\/9956583112734\/3019300090002U-05-BASEIMAGE-Midres.jpg' style='max-height: 400px' \/><img src='https:\/\/secure-static.anacapri.com.br\/medias\/sys_master\/anacapri\/anacapri\/hda\/he8\/h00\/h00\/9956583440414\/3019300090002U-06-BASEIMAGE-Midres.jpg' style='max-height: 400px' \/><img src='https:\/\/secure-static.anacapri.com.br\/medias\/sys_master\/anacapri\/anacapri\/h2c\/h1a\/h00\/h00\/9956583768094\/3019300090002U-07-BASEIMAGE-Midres.jpg' style='max-height: 400px' \/><img src='https:\/\/secure-static.anacapri.com.br\/medias\/sys_master\/anacapri\/anacapri\/h50\/h64\/h00\/h00\/9956584095774\/3019300090002U-08-BASEIMAGE-Midres.jpg' style='max-height: 400px' \/><img src='https:\/\/secure-static.anacapri.com.br\/medias\/sys_master\/anacapri\/anacapri\/hb0\/h1d\/h00\/h00\/9970197528606\/3019300090002U-10-BASEIMAGE-Midres.png' style='max-height: 400px' \/><\/div>\n<p>* Entre em contato por WhatsApp para verificar a disponibilidade do produto. Ref.: C3019300090002<\/p>\n","protected":false},"excerpt":{"rendered":"<p>Estoque dispon\u00edvel nos tamanhos: ULTIMA_ESTACAO, 38.<br \/><small>atualizado em 18\/08\/2023.<\/p>\n","protected":false},"featured_media":1209,"template":"","meta":[],"product_cat":[49],"product_tag":[26,103],"_links":{"self":[{"href":"https:\/\/comprenowhats.com.br\/anacaprimacae\/wp-json\/wp\/v2\/product\/1210"}],"collection":[{"href":"https:\/\/comprenowhats.com.br\/anacaprimacae\/wp-json\/wp\/v2\/product"}],"about":[{"href":"https:\/\/comprenowhats.com.br\/anacaprimacae\/wp-json\/wp\/v2\/types\/product"}],"wp:featuredmedia":[{"embeddable":true,"href":"https:\/\/comprenowhats.com.br\/anacaprimacae\/wp-json\/wp\/v2\/media\/1209"}],"wp:attachment":[{"href":"https:\/\/comprenowhats.com.br\/anacaprimacae\/wp-json\/wp\/v2\/media?parent=1210"}],"wp:term":[{"taxonomy":"product_cat","embeddable":true,"href":"https:\/\/comprenowhats.com.br\/anacaprimacae\/wp-json\/wp\/v2\/product_cat?post=1210"},{"taxonomy":"product_tag","embeddable":true,"href":"https:\/\/comprenowhats.com.br\/anacaprimacae\/wp-json\/wp\/v2\/product_tag?post=1210"}],"curies":[{"name":"wp","href":"https:\/\/api.w.org\/{rel}","templated":true}]}}