{"id":1208,"date":"2020-12-11T14:43:13","date_gmt":"2020-12-11T17:43:13","guid":{"rendered":"https:\/\/comprenowhats.com.br\/anacaprimacae\/produto\/rasteira-preta-tira-manta-brilhosa\/"},"modified":"2022-05-18T11:33:58","modified_gmt":"2022-05-18T14:33:58","slug":"rasteira-preta-tira-manta-brilhosa","status":"publish","type":"product","link":"https:\/\/comprenowhats.com.br\/anacaprimacae\/produto\/rasteira-preta-tira-manta-brilhosa\/","title":{"rendered":"Rasteira Preta Tira Manta Brilhosa"},"content":{"rendered":"<p>Sand\u00e1lia rasteira preta. O modelo tem palmilha bege e bico folha. Traz tira m\u00e9dia em suede, coberta por cristais hotfix prateados, sobre os dedos. Fechada no calcanhar, traz tira fina em torno do tornozelo com fivela met\u00e1lica lateral.<\/p>\n<p><b>Porque Apostar<\/b><\/br><\/br>Shine bright like a diamond! A sand\u00e1lia \u00e9 a uni\u00e3o perfeita entre conforto e eleg\u00e2ncia, acrescentando glamour at\u00e9 no look mais b\u00e1sico! Use com alfaiataria total black ou white para uma produ\u00e7\u00e3o sofisticada e trendy.<\/p>\n<div style='text-align: center'><img src='https:\/\/secure-static.anacapri.com.br\/medias\/sys_master\/anacapri\/anacapri\/h48\/hba\/h00\/h00\/9956580163614\/3019300090003U-03-BASEIMAGE-Midres.jpg' style='max-height: 400px' \/><img src='https:\/\/secure-static.anacapri.com.br\/medias\/sys_master\/anacapri\/anacapri\/h5e\/hb2\/h00\/h00\/9956580491294\/3019300090003U-04-BASEIMAGE-Midres.jpg' style='max-height: 400px' \/><img src='https:\/\/secure-static.anacapri.com.br\/medias\/sys_master\/anacapri\/anacapri\/hba\/h37\/h00\/h00\/9956580818974\/3019300090003U-05-BASEIMAGE-Midres.jpg' style='max-height: 400px' \/><img src='https:\/\/secure-static.anacapri.com.br\/medias\/sys_master\/anacapri\/anacapri\/h5c\/h9b\/h00\/h00\/9956581146654\/3019300090003U-06-BASEIMAGE-Midres.jpg' style='max-height: 400px' \/><img src='https:\/\/secure-static.anacapri.com.br\/medias\/sys_master\/anacapri\/anacapri\/hf2\/hea\/h00\/h00\/9956581474334\/3019300090003U-07-BASEIMAGE-Midres.jpg' style='max-height: 400px' \/><img src='https:\/\/secure-static.anacapri.com.br\/medias\/sys_master\/anacapri\/anacapri\/h3d\/h72\/h00\/h00\/9956581802014\/3019300090003U-08-BASEIMAGE-Midres.jpg' style='max-height: 400px' \/><\/div>\n<p>* Entre em contato por WhatsApp para verificar a disponibilidade do produto. Ref.: C3019300090003<\/p>\n","protected":false},"excerpt":{"rendered":"<p>Estoque indispon\u00edvel.<br \/><small>atualizado em 18\/05\/2022.<\/p>\n","protected":false},"featured_media":1207,"template":"","meta":[],"product_cat":[49],"product_tag":[26],"_links":{"self":[{"href":"https:\/\/comprenowhats.com.br\/anacaprimacae\/wp-json\/wp\/v2\/product\/1208"}],"collection":[{"href":"https:\/\/comprenowhats.com.br\/anacaprimacae\/wp-json\/wp\/v2\/product"}],"about":[{"href":"https:\/\/comprenowhats.com.br\/anacaprimacae\/wp-json\/wp\/v2\/types\/product"}],"wp:featuredmedia":[{"embeddable":true,"href":"https:\/\/comprenowhats.com.br\/anacaprimacae\/wp-json\/wp\/v2\/media\/1207"}],"wp:attachment":[{"href":"https:\/\/comprenowhats.com.br\/anacaprimacae\/wp-json\/wp\/v2\/media?parent=1208"}],"wp:term":[{"taxonomy":"product_cat","embeddable":true,"href":"https:\/\/comprenowhats.com.br\/anacaprimacae\/wp-json\/wp\/v2\/product_cat?post=1208"},{"taxonomy":"product_tag","embeddable":true,"href":"https:\/\/comprenowhats.com.br\/anacaprimacae\/wp-json\/wp\/v2\/product_tag?post=1208"}],"curies":[{"name":"wp","href":"https:\/\/api.w.org\/{rel}","templated":true}]}}