{"id":1200,"date":"2020-10-28T14:57:46","date_gmt":"2020-10-28T17:57:46","guid":{"rendered":"https:\/\/comprenowhats.com.br\/anacaprimacae\/produto\/rasteira-branca-tiras-comfy\/"},"modified":"2022-05-18T11:33:08","modified_gmt":"2022-05-18T14:33:08","slug":"rasteira-branca-tiras-comfy","status":"publish","type":"product","link":"https:\/\/comprenowhats.com.br\/anacaprimacae\/produto\/rasteira-branca-tiras-comfy\/","title":{"rendered":"Rasteira Branca Tiras Comfy"},"content":{"rendered":"<p>FOF\u00cdSSIMA! Com tiras largas cruzadas e revestidas em faux fur essa lindinha \u00e9 o AUGE da flat fashionista! Super confort\u00e1vel e vers\u00e1til como nenhuma outra, ela vai do-pijama-pra-balada SIM! Quem resiste?<\/p>\n<div style='text-align: center'><img src='https:\/\/secure-static.anacapri.com.br\/medias\/sys_master\/anacapri\/anacapri\/h39\/hb5\/h00\/h00\/9837511245854\/3001401540005U-04-BASEIMAGE-Midres.jpg' style='max-height: 400px' \/><img src='https:\/\/secure-static.anacapri.com.br\/medias\/sys_master\/anacapri\/anacapri\/h52\/h5d\/h00\/h00\/9837511409694\/3001401540005U-05-BASEIMAGE-Midres.jpg' style='max-height: 400px' \/><img src='https:\/\/secure-static.anacapri.com.br\/medias\/sys_master\/anacapri\/anacapri\/h30\/hfb\/h00\/h00\/9837511573534\/3001401540005U-06-BASEIMAGE-Midres.jpg' style='max-height: 400px' \/><\/div>\n<p>* Entre em contato por WhatsApp para verificar a disponibilidade do produto. Ref.: C3001401540005<\/p>\n","protected":false},"excerpt":{"rendered":"<p>Estoque dispon\u00edvel nos tamanhos: 34, 35.<br \/><small>atualizado em 18\/05\/2022.<\/p>\n","protected":false},"featured_media":1199,"template":"","meta":[],"product_cat":[49],"product_tag":[22,23],"_links":{"self":[{"href":"https:\/\/comprenowhats.com.br\/anacaprimacae\/wp-json\/wp\/v2\/product\/1200"}],"collection":[{"href":"https:\/\/comprenowhats.com.br\/anacaprimacae\/wp-json\/wp\/v2\/product"}],"about":[{"href":"https:\/\/comprenowhats.com.br\/anacaprimacae\/wp-json\/wp\/v2\/types\/product"}],"wp:featuredmedia":[{"embeddable":true,"href":"https:\/\/comprenowhats.com.br\/anacaprimacae\/wp-json\/wp\/v2\/media\/1199"}],"wp:attachment":[{"href":"https:\/\/comprenowhats.com.br\/anacaprimacae\/wp-json\/wp\/v2\/media?parent=1200"}],"wp:term":[{"taxonomy":"product_cat","embeddable":true,"href":"https:\/\/comprenowhats.com.br\/anacaprimacae\/wp-json\/wp\/v2\/product_cat?post=1200"},{"taxonomy":"product_tag","embeddable":true,"href":"https:\/\/comprenowhats.com.br\/anacaprimacae\/wp-json\/wp\/v2\/product_tag?post=1200"}],"curies":[{"name":"wp","href":"https:\/\/api.w.org\/{rel}","templated":true}]}}