{"id":1194,"date":"2020-10-28T14:57:43","date_gmt":"2020-10-28T17:57:43","guid":{"rendered":"https:\/\/comprenowhats.com.br\/anacaprimacae\/produto\/rasteira-laranja-color-vibes-trancada\/"},"modified":"2022-05-18T11:32:58","modified_gmt":"2022-05-18T14:32:58","slug":"rasteira-laranja-color-vibes-trancada","status":"publish","type":"product","link":"https:\/\/comprenowhats.com.br\/anacaprimacae\/produto\/rasteira-laranja-color-vibes-trancada\/","title":{"rendered":"Rasteira Laranja Color Vibes Tran\u00e7ada"},"content":{"rendered":"<p>Sand\u00e1lia rasteira laranja. O modelo tem bico redondo e palmilha marrom com nome da marca. Traz duas tiras largas em pl\u00e1stico injetado laranja, cruzadas sobre o peito do p\u00e9, e com textura que imita tran\u00e7ado. Deixa dedos e calcanhar \u00e0 mostra.<\/p>\n<p><b>Porque Apostar<\/b><\/p>\n<p>A rasteira slide que \u00e9 a cara da temporada em vers\u00e3o injetada e colorida, trazendo um toque divertido e cool para os looks do dia a dia! Para criar aquele mood bem despojado e confort\u00e1vel que a gente ama, combine o modelo com vestido soltinho ou jeans. Vai ser sua nova bff, pode apostar!<\/p>\n<div style='text-align: center'><img src='https:\/\/secure-static.anacapri.com.br\/medias\/sys_master\/anacapri\/anacapri\/h65\/hd8\/h00\/h00\/9911365500958\/3001401580002U-05-BASEIMAGE-Midres.jpg' style='max-height: 400px' \/><img src='https:\/\/secure-static.anacapri.com.br\/medias\/sys_master\/anacapri\/anacapri\/h3f\/h6c\/h00\/h00\/9911365828638\/3001401580002U-06-BASEIMAGE-Midres.jpg' style='max-height: 400px' \/><img src='https:\/\/secure-static.anacapri.com.br\/medias\/sys_master\/anacapri\/anacapri\/he1\/hcf\/h00\/h00\/9911366156318\/3001401580002U-07-BASEIMAGE-Midres.jpg' style='max-height: 400px' \/><\/div>\n<p>* Entre em contato por WhatsApp para verificar a disponibilidade do produto. Ref.: C3001401580002<\/p>\n","protected":false},"excerpt":{"rendered":"<p>Estoque indispon\u00edvel.<br \/><small>atualizado em 18\/05\/2022.<\/p>\n","protected":false},"featured_media":1193,"template":"","meta":[],"product_cat":[49],"product_tag":[22],"_links":{"self":[{"href":"https:\/\/comprenowhats.com.br\/anacaprimacae\/wp-json\/wp\/v2\/product\/1194"}],"collection":[{"href":"https:\/\/comprenowhats.com.br\/anacaprimacae\/wp-json\/wp\/v2\/product"}],"about":[{"href":"https:\/\/comprenowhats.com.br\/anacaprimacae\/wp-json\/wp\/v2\/types\/product"}],"wp:featuredmedia":[{"embeddable":true,"href":"https:\/\/comprenowhats.com.br\/anacaprimacae\/wp-json\/wp\/v2\/media\/1193"}],"wp:attachment":[{"href":"https:\/\/comprenowhats.com.br\/anacaprimacae\/wp-json\/wp\/v2\/media?parent=1194"}],"wp:term":[{"taxonomy":"product_cat","embeddable":true,"href":"https:\/\/comprenowhats.com.br\/anacaprimacae\/wp-json\/wp\/v2\/product_cat?post=1194"},{"taxonomy":"product_tag","embeddable":true,"href":"https:\/\/comprenowhats.com.br\/anacaprimacae\/wp-json\/wp\/v2\/product_tag?post=1194"}],"curies":[{"name":"wp","href":"https:\/\/api.w.org\/{rel}","templated":true}]}}