{"id":1182,"date":"2020-10-28T14:57:36","date_gmt":"2020-10-28T17:57:36","guid":{"rendered":"https:\/\/comprenowhats.com.br\/anacaprimacae\/produto\/tenis-branco-new-ana-furadinho\/"},"modified":"2022-05-18T11:33:03","modified_gmt":"2022-05-18T14:33:03","slug":"tenis-branco-new-ana-furadinho","status":"publish","type":"product","link":"https:\/\/comprenowhats.com.br\/anacaprimacae\/produto\/tenis-branco-new-ana-furadinho\/","title":{"rendered":"T\u00eanis Branco New Ana Furadinho"},"content":{"rendered":"<p>T\u00eanis branco. O modelo de amarra\u00e7\u00e3o tem solado baixo flatform emborrachado branco, com frente texturizada e costura pesponto no contorno superior. De bico redondo, traz cabedal com furinhos a laser. Com fecho em cadar\u00e7os brancos, al\u00e9m de terminal do atacador e sobreposi\u00e7\u00e3o no calcanhar em material liso. Nas laterais do cabedal, apresenta tiras lisas e tag marrom discreta do nome da marca.<\/p>\n<p><b>Porque Apostar<\/b><\/br><\/br>O melhor aliado para um look despojado, o t\u00eanis vai do visual office ao passeio com as amigas e \u00e9 garantia de praticidade. Vers\u00e1til e mega comfy, traz ainda o detalhe do cabedal furadinho, super charmoso! Aposte em pe\u00e7as em cores alegres e vibrantes e acess\u00f3rios divertidos para criar aquele mood que \u00e9 a cara da esta\u00e7\u00e3o!<\/p>\n<div style='text-align: center'><img src='https:\/\/secure-static.anacapri.com.br\/medias\/sys_master\/anacapri\/anacapri\/had\/hb6\/h00\/h00\/9911342497822\/3000003660001U-04-BASEIMAGE-Midres.jpg' style='max-height: 400px' \/><img src='https:\/\/secure-static.anacapri.com.br\/medias\/sys_master\/anacapri\/anacapri\/hdd\/h13\/h00\/h00\/9911342825502\/3000003660001U-05-BASEIMAGE-Midres.jpg' style='max-height: 400px' \/><img src='https:\/\/secure-static.anacapri.com.br\/medias\/sys_master\/anacapri\/anacapri\/h1b\/h3f\/h00\/h00\/9911343218718\/3000003660001U-06-BASEIMAGE-Midres.jpg' style='max-height: 400px' \/><\/div>\n<p>* Entre em contato por WhatsApp para verificar a disponibilidade do produto. Ref.: C3000003660001<\/p>\n","protected":false},"excerpt":{"rendered":"<p>Estoque indispon\u00edvel.<br \/><small>atualizado em 18\/05\/2022.<\/p>\n","protected":false},"featured_media":1181,"template":"","meta":[],"product_cat":[50],"product_tag":[26],"_links":{"self":[{"href":"https:\/\/comprenowhats.com.br\/anacaprimacae\/wp-json\/wp\/v2\/product\/1182"}],"collection":[{"href":"https:\/\/comprenowhats.com.br\/anacaprimacae\/wp-json\/wp\/v2\/product"}],"about":[{"href":"https:\/\/comprenowhats.com.br\/anacaprimacae\/wp-json\/wp\/v2\/types\/product"}],"wp:featuredmedia":[{"embeddable":true,"href":"https:\/\/comprenowhats.com.br\/anacaprimacae\/wp-json\/wp\/v2\/media\/1181"}],"wp:attachment":[{"href":"https:\/\/comprenowhats.com.br\/anacaprimacae\/wp-json\/wp\/v2\/media?parent=1182"}],"wp:term":[{"taxonomy":"product_cat","embeddable":true,"href":"https:\/\/comprenowhats.com.br\/anacaprimacae\/wp-json\/wp\/v2\/product_cat?post=1182"},{"taxonomy":"product_tag","embeddable":true,"href":"https:\/\/comprenowhats.com.br\/anacaprimacae\/wp-json\/wp\/v2\/product_tag?post=1182"}],"curies":[{"name":"wp","href":"https:\/\/api.w.org\/{rel}","templated":true}]}}