{"id":1176,"date":"2020-10-28T14:57:31","date_gmt":"2020-10-28T17:57:31","guid":{"rendered":"https:\/\/comprenowhats.com.br\/anacaprimacae\/produto\/mule-marrom-fechada\/"},"modified":"2022-05-18T11:34:34","modified_gmt":"2022-05-18T14:34:34","slug":"mule-marrom-fechada","status":"publish","type":"product","link":"https:\/\/comprenowhats.com.br\/anacaprimacae\/produto\/mule-marrom-fechada\/","title":{"rendered":"Mule Marrom Fechada"},"content":{"rendered":"<p>Mule marrom. O modelo tem salto rasteiro e bico fino. Fechada, traz recorte em V sobre o peito do p\u00e9 e contorno do cabedal marrom-escuro. Aberta no calcanhar, tem palmilha com nome da marca.<\/p>\n<p><b>Porque Apostar<\/b><\/br><\/br>A mule \u00e9 aquele sapato que te deixa elegante sem precisar fazer esfor\u00e7o &#8211; e por isso mesmo que a gente ama, n\u00e9? Use com jeans e pe\u00e7as em tons terrosos para um look bem a cara da esta\u00e7\u00e3o! O detalhe no cabedal garante charme extra. Se joga que n\u00e3o tem erro!<\/p>\n<div style='text-align: center'><img src='https:\/\/secure-static.anacapri.com.br\/medias\/sys_master\/anacapri\/anacapri\/h4c\/hdf\/h00\/h00\/9921730543646\/3002902040022U-03-BASEIMAGE-Midres.jpg' style='max-height: 400px' \/><img src='https:\/\/secure-static.anacapri.com.br\/medias\/sys_master\/anacapri\/anacapri\/hb6\/h8f\/h00\/h00\/9921730871326\/3002902040022U-04-BASEIMAGE-Midres.jpg' style='max-height: 400px' \/><img src='https:\/\/secure-static.anacapri.com.br\/medias\/sys_master\/anacapri\/anacapri\/hfa\/hc8\/h00\/h00\/9921731199006\/3002902040022U-05-BASEIMAGE-Midres.jpg' style='max-height: 400px' \/><img src='https:\/\/secure-static.anacapri.com.br\/medias\/sys_master\/anacapri\/anacapri\/h59\/h76\/h00\/h00\/9921731526686\/3002902040022U-06-BASEIMAGE-Midres.jpg' style='max-height: 400px' \/><img src='https:\/\/secure-static.anacapri.com.br\/medias\/sys_master\/anacapri\/anacapri\/hef\/hc5\/h00\/h00\/9921731854366\/3002902040022U-07-BASEIMAGE-Midres.jpg' style='max-height: 400px' \/><img src='https:\/\/secure-static.anacapri.com.br\/medias\/sys_master\/anacapri\/anacapri\/h6e\/hd6\/h00\/h00\/9921732182046\/3002902040022U-08-BASEIMAGE-Midres.jpg' style='max-height: 400px' \/><\/div>\n<p>* Entre em contato por WhatsApp para verificar a disponibilidade do produto. Ref.: C3002902040022<\/p>\n","protected":false},"excerpt":{"rendered":"<p>Estoque indispon\u00edvel.<br \/><small>atualizado em 18\/05\/2022.<\/p>\n","protected":false},"featured_media":1175,"template":"","meta":[],"product_cat":[52],"product_tag":[22],"_links":{"self":[{"href":"https:\/\/comprenowhats.com.br\/anacaprimacae\/wp-json\/wp\/v2\/product\/1176"}],"collection":[{"href":"https:\/\/comprenowhats.com.br\/anacaprimacae\/wp-json\/wp\/v2\/product"}],"about":[{"href":"https:\/\/comprenowhats.com.br\/anacaprimacae\/wp-json\/wp\/v2\/types\/product"}],"wp:featuredmedia":[{"embeddable":true,"href":"https:\/\/comprenowhats.com.br\/anacaprimacae\/wp-json\/wp\/v2\/media\/1175"}],"wp:attachment":[{"href":"https:\/\/comprenowhats.com.br\/anacaprimacae\/wp-json\/wp\/v2\/media?parent=1176"}],"wp:term":[{"taxonomy":"product_cat","embeddable":true,"href":"https:\/\/comprenowhats.com.br\/anacaprimacae\/wp-json\/wp\/v2\/product_cat?post=1176"},{"taxonomy":"product_tag","embeddable":true,"href":"https:\/\/comprenowhats.com.br\/anacaprimacae\/wp-json\/wp\/v2\/product_tag?post=1176"}],"curies":[{"name":"wp","href":"https:\/\/api.w.org\/{rel}","templated":true}]}}