{"id":1174,"date":"2020-10-28T14:57:29","date_gmt":"2020-10-28T17:57:29","guid":{"rendered":"https:\/\/comprenowhats.com.br\/anacaprimacae\/produto\/mule-preta-fechada-grafite\/"},"modified":"2023-08-18T11:30:44","modified_gmt":"2023-08-18T14:30:44","slug":"mule-preta-fechada-grafite","status":"publish","type":"product","link":"https:\/\/comprenowhats.com.br\/anacaprimacae\/produto\/mule-preta-fechada-grafite\/","title":{"rendered":"Mule Preta Fechada Grafite"},"content":{"rendered":"<p>Mule preta. O modelo tem salto rasteiro e bico fino. Fechada, traz recorte em V sobre o peito do p\u00e9 e contorno do cabedal metalizado grafite. Aberta no calcanhar, tem palmilha com nome da marca.<\/p>\n<p><b>Porque Apostar<\/b><\/br><\/br>A mule \u00e9 aquele sapato que te deixa elegante sem precisar fazer esfor\u00e7o &#8211; e por isso mesmo que a gente ama, n\u00e9? Use com jeans e pe\u00e7as em tons terrosos para um look bem a cara da esta\u00e7\u00e3o! O detalhe no cabedal garante charme extra. Se joga que n\u00e3o tem erro!<\/p>\n<div style='text-align: center'><img src='https:\/\/secure-static.anacapri.com.br\/medias\/sys_master\/anacapri\/anacapri\/h2e\/h8d\/h00\/h00\/9921725825054\/3002902040024U-03-BASEIMAGE-Midres.jpg' style='max-height: 400px' \/><img src='https:\/\/secure-static.anacapri.com.br\/medias\/sys_master\/anacapri\/anacapri\/h51\/hd7\/h00\/h00\/9921726152734\/3002902040024U-04-BASEIMAGE-Midres.jpg' style='max-height: 400px' \/><img src='https:\/\/secure-static.anacapri.com.br\/medias\/sys_master\/anacapri\/anacapri\/hbb\/h87\/h00\/h00\/9921726480414\/3002902040024U-05-BASEIMAGE-Midres.jpg' style='max-height: 400px' \/><img src='https:\/\/secure-static.anacapri.com.br\/medias\/sys_master\/anacapri\/anacapri\/h77\/hc8\/h00\/h00\/9921726808094\/3002902040024U-06-BASEIMAGE-Midres.jpg' style='max-height: 400px' \/><img src='https:\/\/secure-static.anacapri.com.br\/medias\/sys_master\/anacapri\/anacapri\/h53\/h7e\/h00\/h00\/9921727135774\/3002902040024U-07-BASEIMAGE-Midres.jpg' style='max-height: 400px' \/><img src='https:\/\/secure-static.anacapri.com.br\/medias\/sys_master\/anacapri\/anacapri\/h5e\/ha0\/h00\/h00\/9921727594526\/3002902040024U-08-BASEIMAGE-Midres.jpg' style='max-height: 400px' \/><\/div>\n<p>* Entre em contato por WhatsApp para verificar a disponibilidade do produto. Ref.: C3002902040024<\/p>\n","protected":false},"excerpt":{"rendered":"<p>Estoque dispon\u00edvel nos tamanhos: ULTIMA_ESTACAO, 34.<br \/><small>atualizado em 18\/08\/2023.<\/p>\n","protected":false},"featured_media":1173,"template":"","meta":[],"product_cat":[52],"product_tag":[22,103],"_links":{"self":[{"href":"https:\/\/comprenowhats.com.br\/anacaprimacae\/wp-json\/wp\/v2\/product\/1174"}],"collection":[{"href":"https:\/\/comprenowhats.com.br\/anacaprimacae\/wp-json\/wp\/v2\/product"}],"about":[{"href":"https:\/\/comprenowhats.com.br\/anacaprimacae\/wp-json\/wp\/v2\/types\/product"}],"wp:featuredmedia":[{"embeddable":true,"href":"https:\/\/comprenowhats.com.br\/anacaprimacae\/wp-json\/wp\/v2\/media\/1173"}],"wp:attachment":[{"href":"https:\/\/comprenowhats.com.br\/anacaprimacae\/wp-json\/wp\/v2\/media?parent=1174"}],"wp:term":[{"taxonomy":"product_cat","embeddable":true,"href":"https:\/\/comprenowhats.com.br\/anacaprimacae\/wp-json\/wp\/v2\/product_cat?post=1174"},{"taxonomy":"product_tag","embeddable":true,"href":"https:\/\/comprenowhats.com.br\/anacaprimacae\/wp-json\/wp\/v2\/product_tag?post=1174"}],"curies":[{"name":"wp","href":"https:\/\/api.w.org\/{rel}","templated":true}]}}