{"id":1172,"date":"2020-10-28T14:57:27","date_gmt":"2020-10-28T17:57:27","guid":{"rendered":"https:\/\/comprenowhats.com.br\/anacaprimacae\/produto\/mule-rosa-blush-tresse\/"},"modified":"2022-05-18T11:32:55","modified_gmt":"2022-05-18T14:32:55","slug":"mule-rosa-blush-tresse","status":"publish","type":"product","link":"https:\/\/comprenowhats.com.br\/anacaprimacae\/produto\/mule-rosa-blush-tresse\/","title":{"rendered":"Mule Rosa Blush Tress\u00ea"},"content":{"rendered":"<p>Mule rosa em tress\u00ea. O modelo tem salto rasteiro, bico fino e cabedal em tela e tiras em tress\u00ea. Fechada, traz recorte redondo no cabedal e contorno em tira simples. Aberta atr\u00e1s, deixa o calcanhar \u00e0 mostra. <\/p>\n<p><b>Porque Apostar<\/b><\/br><\/br>Minimal e na trend artesanal da temporada, a mule \u00e9 mega charmosa e perfeita para criar um look com mood natural e fresquinho! Combine com jeans, camisa estampada e se jogue ainda nos acess\u00f3rios em palha, a cara da esta\u00e7\u00e3o! Uma de cada cor, please!<\/p>\n<div style='text-align: center'><img src='https:\/\/secure-static.anacapri.com.br\/medias\/sys_master\/anacapri\/anacapri\/h86\/hda\/h00\/h00\/9911049977886\/3002901330042U-03-BASEIMAGE-Midres.jpg' style='max-height: 400px' \/><img src='https:\/\/secure-static.anacapri.com.br\/medias\/sys_master\/anacapri\/anacapri\/hdb\/h49\/h00\/h00\/9911050305566\/3002901330042U-04-BASEIMAGE-Midres.jpg' style='max-height: 400px' \/><img src='https:\/\/secure-static.anacapri.com.br\/medias\/sys_master\/anacapri\/anacapri\/h71\/h99\/h00\/h00\/9911050633246\/3002901330042U-05-BASEIMAGE-Midres.jpg' style='max-height: 400px' \/><img src='https:\/\/secure-static.anacapri.com.br\/medias\/sys_master\/anacapri\/anacapri\/h41\/h3b\/h00\/h00\/9911050960926\/3002901330042U-06-BASEIMAGE-Midres.jpg' style='max-height: 400px' \/><img src='https:\/\/secure-static.anacapri.com.br\/medias\/sys_master\/anacapri\/anacapri\/h0d\/h6c\/h00\/h00\/9911051288606\/3002901330042U-07-BASEIMAGE-Midres.jpg' style='max-height: 400px' \/><img src='https:\/\/secure-static.anacapri.com.br\/medias\/sys_master\/anacapri\/anacapri\/he9\/h10\/h00\/h00\/9911051616286\/3002901330042U-08-BASEIMAGE-Midres.jpg' style='max-height: 400px' \/><\/div>\n<p>* Entre em contato por WhatsApp para verificar a disponibilidade do produto. Ref.: C3002901330042<\/p>\n","protected":false},"excerpt":{"rendered":"<p>Estoque indispon\u00edvel.<br \/><small>atualizado em 18\/05\/2022.<\/p>\n","protected":false},"featured_media":1171,"template":"","meta":[],"product_cat":[52],"product_tag":[22],"_links":{"self":[{"href":"https:\/\/comprenowhats.com.br\/anacaprimacae\/wp-json\/wp\/v2\/product\/1172"}],"collection":[{"href":"https:\/\/comprenowhats.com.br\/anacaprimacae\/wp-json\/wp\/v2\/product"}],"about":[{"href":"https:\/\/comprenowhats.com.br\/anacaprimacae\/wp-json\/wp\/v2\/types\/product"}],"wp:featuredmedia":[{"embeddable":true,"href":"https:\/\/comprenowhats.com.br\/anacaprimacae\/wp-json\/wp\/v2\/media\/1171"}],"wp:attachment":[{"href":"https:\/\/comprenowhats.com.br\/anacaprimacae\/wp-json\/wp\/v2\/media?parent=1172"}],"wp:term":[{"taxonomy":"product_cat","embeddable":true,"href":"https:\/\/comprenowhats.com.br\/anacaprimacae\/wp-json\/wp\/v2\/product_cat?post=1172"},{"taxonomy":"product_tag","embeddable":true,"href":"https:\/\/comprenowhats.com.br\/anacaprimacae\/wp-json\/wp\/v2\/product_tag?post=1172"}],"curies":[{"name":"wp","href":"https:\/\/api.w.org\/{rel}","templated":true}]}}