{"id":1170,"date":"2020-10-28T14:57:26","date_gmt":"2020-10-28T17:57:26","guid":{"rendered":"https:\/\/comprenowhats.com.br\/anacaprimacae\/produto\/sandalia-branca-color-vibes-tiras-trancada\/"},"modified":"2022-05-18T11:33:12","modified_gmt":"2022-05-18T14:33:12","slug":"sandalia-branca-color-vibes-tiras-trancada","status":"publish","type":"product","link":"https:\/\/comprenowhats.com.br\/anacaprimacae\/produto\/sandalia-branca-color-vibes-tiras-trancada\/","title":{"rendered":"Sand\u00e1lia Branca Color Vibes Tiras Tran\u00e7ada"},"content":{"rendered":"<p>Sand\u00e1lia rasteira branca. O modelo tem bico redondo e palmilha marrom com nome da marca. Traz tiras em pl\u00e1stico injetado texturizado, com efeito tran\u00e7ado, sendo uma tira dividindo os dedos, uma sobre o peito do p\u00e9 e mais uma em torno do calcanhar, todas conectadas. Aberta, a rasteira tem fecho em fivela pl\u00e1stica lateral.<\/p>\n<p><b>Porque Apostar<\/b><\/br><\/br>Minimalista, mas com um toque fun e cool. A rasteirinha \u00e9 super charmosa e valoriza os p\u00e9s com suas tiras injetadas e tran\u00e7adas. Perfeita para criar looks frescos para o dia a dia, \u00e9 confort\u00e1vel e descomplicada. Para ter uma de cada cor!<\/p>\n<div style='text-align: center'><img src='https:\/\/secure-static.anacapri.com.br\/medias\/sys_master\/anacapri\/anacapri\/ha6\/hf3\/h00\/h00\/9910879256606\/3001401590005U-04-BASEIMAGE-Midres.jpg' style='max-height: 400px' \/><img src='https:\/\/secure-static.anacapri.com.br\/medias\/sys_master\/anacapri\/anacapri\/hbc\/heb\/h00\/h00\/9910879584286\/3001401590005U-05-BASEIMAGE-Midres.jpg' style='max-height: 400px' \/><img src='https:\/\/secure-static.anacapri.com.br\/medias\/sys_master\/anacapri\/anacapri\/hb1\/hf6\/h00\/h00\/9910879911966\/3001401590005U-06-BASEIMAGE-Midres.jpg' style='max-height: 400px' \/><\/div>\n<p>* Entre em contato por WhatsApp para verificar a disponibilidade do produto. Ref.: C3001401590005<\/p>\n","protected":false},"excerpt":{"rendered":"<p>Estoque indispon\u00edvel.<br \/><small>atualizado em 18\/05\/2022.<\/p>\n","protected":false},"featured_media":1169,"template":"","meta":[],"product_cat":[49],"product_tag":[22],"_links":{"self":[{"href":"https:\/\/comprenowhats.com.br\/anacaprimacae\/wp-json\/wp\/v2\/product\/1170"}],"collection":[{"href":"https:\/\/comprenowhats.com.br\/anacaprimacae\/wp-json\/wp\/v2\/product"}],"about":[{"href":"https:\/\/comprenowhats.com.br\/anacaprimacae\/wp-json\/wp\/v2\/types\/product"}],"wp:featuredmedia":[{"embeddable":true,"href":"https:\/\/comprenowhats.com.br\/anacaprimacae\/wp-json\/wp\/v2\/media\/1169"}],"wp:attachment":[{"href":"https:\/\/comprenowhats.com.br\/anacaprimacae\/wp-json\/wp\/v2\/media?parent=1170"}],"wp:term":[{"taxonomy":"product_cat","embeddable":true,"href":"https:\/\/comprenowhats.com.br\/anacaprimacae\/wp-json\/wp\/v2\/product_cat?post=1170"},{"taxonomy":"product_tag","embeddable":true,"href":"https:\/\/comprenowhats.com.br\/anacaprimacae\/wp-json\/wp\/v2\/product_tag?post=1170"}],"curies":[{"name":"wp","href":"https:\/\/api.w.org\/{rel}","templated":true}]}}