{"id":1152,"date":"2020-10-28T14:57:13","date_gmt":"2020-10-28T17:57:13","guid":{"rendered":"https:\/\/comprenowhats.com.br\/anacaprimacae\/produto\/rasteira-verde-guacamole-alice\/"},"modified":"2022-05-18T11:45:32","modified_gmt":"2022-05-18T14:45:32","slug":"rasteira-verde-guacamole-alice","status":"publish","type":"product","link":"https:\/\/comprenowhats.com.br\/anacaprimacae\/produto\/rasteira-verde-guacamole-alice\/","title":{"rendered":"Rasteira Verde Guacamole Alice"},"content":{"rendered":"<p>Sand\u00e1lia rasteira verde de lona. O modelo tem bico redondo e cabedal com tiras largas que fecham em n\u00f3 central, formando um la\u00e7o. Aberta, traz tag marrom com nome da marca na palmilha e deixa todo o p\u00e9 \u00e0 mostra. <\/p>\n<p><b>Porque Apostar<\/b><\/br><\/br>Fofa e em um tom alegre, a rasteira \u00e9 a cara da esta\u00e7\u00e3o! Use com shorts jeans ou vestido longo e abuse dos acess\u00f3rios coloridos ou em materiais naturais. Pr\u00e1tica e mega confort\u00e1vel, fica linda nos p\u00e9s e traz aquele mood natural que a gente ama! Para ter uma de cada cor!<\/p>\n<div style='text-align: center'><img src='https:\/\/secure-static.anacapri.com.br\/medias\/sys_master\/anacapri\/anacapri\/h94\/h5c\/h00\/h00\/9911292919838\/0029504930008U-04-BASEIMAGE-Midres.jpg' style='max-height: 400px' \/><img src='https:\/\/secure-static.anacapri.com.br\/medias\/sys_master\/anacapri\/anacapri\/h0e\/h07\/h00\/h00\/9911293247518\/0029504930008U-05-BASEIMAGE-Midres.jpg' style='max-height: 400px' \/><img src='https:\/\/secure-static.anacapri.com.br\/medias\/sys_master\/anacapri\/anacapri\/hf8\/h0e\/h00\/h00\/9911293575198\/0029504930008U-06-BASEIMAGE-Midres.jpg' style='max-height: 400px' \/><\/div>\n<p>* Entre em contato por WhatsApp para verificar a disponibilidade do produto. Ref.: C0029504930008<\/p>\n","protected":false},"excerpt":{"rendered":"<p>Estoque indispon\u00edvel.<br \/><small>atualizado em 18\/05\/2022.<\/p>\n","protected":false},"featured_media":1151,"template":"","meta":[],"product_cat":[49],"product_tag":[24,25,26,27],"_links":{"self":[{"href":"https:\/\/comprenowhats.com.br\/anacaprimacae\/wp-json\/wp\/v2\/product\/1152"}],"collection":[{"href":"https:\/\/comprenowhats.com.br\/anacaprimacae\/wp-json\/wp\/v2\/product"}],"about":[{"href":"https:\/\/comprenowhats.com.br\/anacaprimacae\/wp-json\/wp\/v2\/types\/product"}],"wp:featuredmedia":[{"embeddable":true,"href":"https:\/\/comprenowhats.com.br\/anacaprimacae\/wp-json\/wp\/v2\/media\/1151"}],"wp:attachment":[{"href":"https:\/\/comprenowhats.com.br\/anacaprimacae\/wp-json\/wp\/v2\/media?parent=1152"}],"wp:term":[{"taxonomy":"product_cat","embeddable":true,"href":"https:\/\/comprenowhats.com.br\/anacaprimacae\/wp-json\/wp\/v2\/product_cat?post=1152"},{"taxonomy":"product_tag","embeddable":true,"href":"https:\/\/comprenowhats.com.br\/anacaprimacae\/wp-json\/wp\/v2\/product_tag?post=1152"}],"curies":[{"name":"wp","href":"https:\/\/api.w.org\/{rel}","templated":true}]}}