{"id":1140,"date":"2020-10-28T14:57:05","date_gmt":"2020-10-28T17:57:05","guid":{"rendered":"https:\/\/comprenowhats.com.br\/anacaprimacae\/produto\/rasteira-preta-tiras-bombadas\/"},"modified":"2022-05-18T11:32:40","modified_gmt":"2022-05-18T14:32:40","slug":"rasteira-preta-tiras-bombadas","status":"publish","type":"product","link":"https:\/\/comprenowhats.com.br\/anacaprimacae\/produto\/rasteira-preta-tiras-bombadas\/","title":{"rendered":"Rasteira Preta Tiras Bombadas"},"content":{"rendered":"<p>Sand\u00e1lia rasteira preta. O modelo tem bico redondo e palmilha marrom com o nome da marca. Traz tiras finas bombadas, presas nas laterais e que se entrela\u00e7am no centro, sobre o peito do p\u00e9. Aberta, deixa todo o p\u00e9 \u00e0 mostra.<\/p>\n<p><b>Porque Apostar<\/b><\/br><\/br>Fofa e delicada, a rasteira com tiras bombadas \u00e9 aquele modelo perfeito para criar looks descomplicados para o dia a dia. Aposte em uma produ\u00e7\u00e3o casual chic com bermuda jeans e camisa. Pr\u00e1tica, vai do home office ao passeio descontra\u00eddo e \u00e9 mega confort\u00e1vel. Pode se jogar, mana!<\/p>\n<div style='text-align: center'><img src='https:\/\/secure-static.anacapri.com.br\/medias\/sys_master\/anacapri\/anacapri\/h6d\/h8a\/h00\/h00\/9913208078366\/0029505040005U-04-BASEIMAGE-Midres.jpg' style='max-height: 400px' \/><img src='https:\/\/secure-static.anacapri.com.br\/medias\/sys_master\/anacapri\/anacapri\/h49\/h94\/h00\/h00\/9910929260574\/0029505040005U-05-BASEIMAGE-Midres.jpg' style='max-height: 400px' \/><img src='https:\/\/secure-static.anacapri.com.br\/medias\/sys_master\/anacapri\/anacapri\/h12\/h27\/h00\/h00\/9910929588254\/0029505040005U-06-BASEIMAGE-Midres.jpg' style='max-height: 400px' \/><\/div>\n<p>* Entre em contato por WhatsApp para verificar a disponibilidade do produto. Ref.: C0029505040005<\/p>\n","protected":false},"excerpt":{"rendered":"<p>Estoque indispon\u00edvel.<br \/><small>atualizado em 18\/05\/2022.<\/p>\n","protected":false},"featured_media":1139,"template":"","meta":[],"product_cat":[49],"product_tag":[23],"_links":{"self":[{"href":"https:\/\/comprenowhats.com.br\/anacaprimacae\/wp-json\/wp\/v2\/product\/1140"}],"collection":[{"href":"https:\/\/comprenowhats.com.br\/anacaprimacae\/wp-json\/wp\/v2\/product"}],"about":[{"href":"https:\/\/comprenowhats.com.br\/anacaprimacae\/wp-json\/wp\/v2\/types\/product"}],"wp:featuredmedia":[{"embeddable":true,"href":"https:\/\/comprenowhats.com.br\/anacaprimacae\/wp-json\/wp\/v2\/media\/1139"}],"wp:attachment":[{"href":"https:\/\/comprenowhats.com.br\/anacaprimacae\/wp-json\/wp\/v2\/media?parent=1140"}],"wp:term":[{"taxonomy":"product_cat","embeddable":true,"href":"https:\/\/comprenowhats.com.br\/anacaprimacae\/wp-json\/wp\/v2\/product_cat?post=1140"},{"taxonomy":"product_tag","embeddable":true,"href":"https:\/\/comprenowhats.com.br\/anacaprimacae\/wp-json\/wp\/v2\/product_tag?post=1140"}],"curies":[{"name":"wp","href":"https:\/\/api.w.org\/{rel}","templated":true}]}}