{"id":1136,"date":"2020-10-28T14:57:03","date_gmt":"2020-10-28T17:57:03","guid":{"rendered":"https:\/\/comprenowhats.com.br\/anacaprimacae\/produto\/bolsa-tiracolo-dourada-tramada-ouro-claro\/"},"modified":"2022-05-18T11:34:27","modified_gmt":"2022-05-18T14:34:27","slug":"bolsa-tiracolo-dourada-tramada-ouro-claro","status":"publish","type":"product","link":"https:\/\/comprenowhats.com.br\/anacaprimacae\/produto\/bolsa-tiracolo-dourada-tramada-ouro-claro\/","title":{"rendered":"Bolsa Tiracolo Dourada Tramada Ouro Claro"},"content":{"rendered":"<p>Bolsa crossbody metalizada dourada. O modelo tem formato quadrado e estruturado e al\u00e7a lateral em tira fina. Traz capa frontal em material com efeito tramado e vazado, al\u00e9m de tag com grava\u00e7\u00e3o em baixo-relevo do nome da marca. Com fecho superior em z\u00edper, puxador em tira dupla e argola met\u00e1lica e contorno bombado.<\/p>\n<p><b>Porque Apostar<\/b><\/br><\/br>Uma fofura s\u00f3! A bolsa crossbody com efeito tramado \u00e9 a cara da temporada e \u00e9 perfeita para looks com aquela pegada natural que a gente ama! O formato compacto \u00e9 super pr\u00e1tico e vai bem para um passeio descontra\u00eddo. Combine com mule em tress\u00ea para compor o mood fresquinho da esta\u00e7\u00e3o!<\/p>\n<div style='text-align: center'><img src='https:\/\/secure-static.anacapri.com.br\/medias\/sys_master\/anacapri\/anacapri\/hb6\/he0\/h00\/h00\/9910802907166\/5001200010196U-04-BASEIMAGE-Midres.jpg' style='max-height: 400px' \/><img src='https:\/\/secure-static.anacapri.com.br\/medias\/sys_master\/anacapri\/anacapri\/h93\/h96\/h00\/h00\/9910803234846\/5001200010196U-05-BASEIMAGE-Midres.jpg' style='max-height: 400px' \/><img src='https:\/\/secure-static.anacapri.com.br\/medias\/sys_master\/anacapri\/anacapri\/h29\/he6\/h00\/h00\/9910803562526\/5001200010196U-07-BASEIMAGE-Midres.jpg' style='max-height: 400px' \/><\/div>\n<p>* Entre em contato por WhatsApp para verificar a disponibilidade do produto. Ref.: C5001200010196<\/p>\n","protected":false},"excerpt":{"rendered":"<p>Estoque indispon\u00edvel.<br \/><small>atualizado em 18\/05\/2022.<\/p>\n","protected":false},"featured_media":1135,"template":"","meta":[],"product_cat":[32],"product_tag":[36],"_links":{"self":[{"href":"https:\/\/comprenowhats.com.br\/anacaprimacae\/wp-json\/wp\/v2\/product\/1136"}],"collection":[{"href":"https:\/\/comprenowhats.com.br\/anacaprimacae\/wp-json\/wp\/v2\/product"}],"about":[{"href":"https:\/\/comprenowhats.com.br\/anacaprimacae\/wp-json\/wp\/v2\/types\/product"}],"wp:featuredmedia":[{"embeddable":true,"href":"https:\/\/comprenowhats.com.br\/anacaprimacae\/wp-json\/wp\/v2\/media\/1135"}],"wp:attachment":[{"href":"https:\/\/comprenowhats.com.br\/anacaprimacae\/wp-json\/wp\/v2\/media?parent=1136"}],"wp:term":[{"taxonomy":"product_cat","embeddable":true,"href":"https:\/\/comprenowhats.com.br\/anacaprimacae\/wp-json\/wp\/v2\/product_cat?post=1136"},{"taxonomy":"product_tag","embeddable":true,"href":"https:\/\/comprenowhats.com.br\/anacaprimacae\/wp-json\/wp\/v2\/product_tag?post=1136"}],"curies":[{"name":"wp","href":"https:\/\/api.w.org\/{rel}","templated":true}]}}