{"id":1134,"date":"2020-10-28T14:57:02","date_gmt":"2020-10-28T17:57:02","guid":{"rendered":"https:\/\/comprenowhats.com.br\/anacaprimacae\/produto\/bolsa-tiracolo-caramelo-tramada-whisky\/"},"modified":"2022-05-18T11:33:38","modified_gmt":"2022-05-18T14:33:38","slug":"bolsa-tiracolo-caramelo-tramada-whisky","status":"publish","type":"product","link":"https:\/\/comprenowhats.com.br\/anacaprimacae\/produto\/bolsa-tiracolo-caramelo-tramada-whisky\/","title":{"rendered":"Bolsa Tiracolo Caramelo Tramada Whisky"},"content":{"rendered":"<p>Bolsa crossbody marrom. O modelo tem formato quadrado e estruturado e al\u00e7a lateral em tira fina. Traz capa frontal em material com efeito tramado e vazado, al\u00e9m de tag com grava\u00e7\u00e3o em baixo-relevo do nome da marca. Com fecho superior em z\u00edper, puxador em tira dupla e argola met\u00e1lica e contorno bombado.<\/p>\n<p><b>Porque Apostar<\/b><\/br><\/br>Uma fofura s\u00f3! A bolsa crossbody com efeito tramado \u00e9 a cara da temporada e \u00e9 perfeita para looks com aquela pegada natural que a gente ama! O formato compacto \u00e9 super pr\u00e1tico e vai bem para um passeio descontra\u00eddo. Combine com mule em tress\u00ea para compor o mood fresquinho da esta\u00e7\u00e3o!<\/p>\n<div style='text-align: center'><img src='https:\/\/secure-static.anacapri.com.br\/medias\/sys_master\/anacapri\/anacapri\/he0\/h26\/h00\/h00\/9910805528606\/5001200010197U-04-BASEIMAGE-Midres.jpg' style='max-height: 400px' \/><img src='https:\/\/secure-static.anacapri.com.br\/medias\/sys_master\/anacapri\/anacapri\/hf5\/h1e\/h00\/h00\/9910805856286\/5001200010197U-05-BASEIMAGE-Midres.jpg' style='max-height: 400px' \/><img src='https:\/\/secure-static.anacapri.com.br\/medias\/sys_master\/anacapri\/anacapri\/h19\/h69\/h00\/h00\/9910806183966\/5001200010197U-07-BASEIMAGE-Midres.jpg' style='max-height: 400px' \/><\/div>\n<p>* Entre em contato por WhatsApp para verificar a disponibilidade do produto. Ref.: C5001200010197<\/p>\n","protected":false},"excerpt":{"rendered":"<p>Estoque indispon\u00edvel.<br \/><small>atualizado em 18\/05\/2022.<\/p>\n","protected":false},"featured_media":1133,"template":"","meta":[],"product_cat":[32],"product_tag":[36],"_links":{"self":[{"href":"https:\/\/comprenowhats.com.br\/anacaprimacae\/wp-json\/wp\/v2\/product\/1134"}],"collection":[{"href":"https:\/\/comprenowhats.com.br\/anacaprimacae\/wp-json\/wp\/v2\/product"}],"about":[{"href":"https:\/\/comprenowhats.com.br\/anacaprimacae\/wp-json\/wp\/v2\/types\/product"}],"wp:featuredmedia":[{"embeddable":true,"href":"https:\/\/comprenowhats.com.br\/anacaprimacae\/wp-json\/wp\/v2\/media\/1133"}],"wp:attachment":[{"href":"https:\/\/comprenowhats.com.br\/anacaprimacae\/wp-json\/wp\/v2\/media?parent=1134"}],"wp:term":[{"taxonomy":"product_cat","embeddable":true,"href":"https:\/\/comprenowhats.com.br\/anacaprimacae\/wp-json\/wp\/v2\/product_cat?post=1134"},{"taxonomy":"product_tag","embeddable":true,"href":"https:\/\/comprenowhats.com.br\/anacaprimacae\/wp-json\/wp\/v2\/product_tag?post=1134"}],"curies":[{"name":"wp","href":"https:\/\/api.w.org\/{rel}","templated":true}]}}