{"id":1130,"date":"2020-10-28T14:56:59","date_gmt":"2020-10-28T17:56:59","guid":{"rendered":"https:\/\/comprenowhats.com.br\/anacaprimacae\/produto\/carteira-marrom-alca-media\/"},"modified":"2021-04-14T13:07:12","modified_gmt":"2021-04-14T16:07:12","slug":"carteira-marrom-alca-media","status":"publish","type":"product","link":"https:\/\/comprenowhats.com.br\/anacaprimacae\/produto\/carteira-marrom-alca-media\/","title":{"rendered":"Carteira Marrom Al\u00e7a M\u00e9dia"},"content":{"rendered":"<p>Carteira m\u00e9dia marrom. O acess\u00f3rio tem formato quadrado e fecho envelope com bot\u00e3o de press\u00e3o. Traz inscri\u00e7\u00e3o discreta do nome da marca na capa frontal e bolso externo traseiro em z\u00edper com puxador em al\u00e7a e ilh\u00f3s met\u00e1lico com nome da marca. Acompanha porta-cart\u00f5es interno.<\/p>\n<p><b>Porque Apostar<\/b><\/br><\/br>B\u00e1sica e pr\u00e1tica, a carteira vem com aquela al\u00e7a lateral que a gente ama, perfeita para carregar por a\u00ed ou quando s\u00f3 precisamos dar aquela sa\u00edda rapidinha (para buscar o delivery na portaria, n\u00e3o \u00e9 mesmo?). Compacta, mas com espa\u00e7o suficiente para guardar dinheiro, moedas e cart\u00f5es com facilidade, al\u00e9m de super charmosa!<\/p>\n<div style='text-align: center'><img src='https:\/\/secure-static.anacapri.com.br\/medias\/sys_master\/anacapri\/anacapri\/h26\/h6e\/h00\/h00\/9932069601310\/4001800180003U-04-BASEIMAGE-Midres.jpg' style='max-height: 400px' \/><img src='https:\/\/secure-static.anacapri.com.br\/medias\/sys_master\/anacapri\/anacapri\/hf3\/h1e\/h00\/h00\/9932069928990\/4001800180003U-07-BASEIMAGE-Midres.jpg' style='max-height: 400px' \/><img src='https:\/\/secure-static.anacapri.com.br\/medias\/sys_master\/anacapri\/anacapri\/h34\/hb2\/h00\/h00\/9932070256670\/4001800180003U-08-BASEIMAGE-Midres.jpg' style='max-height: 400px' \/><\/div>\n<p>* Entre em contato por WhatsApp para verificar a disponibilidade do produto. Ref.: C4001800180003<\/p>\n","protected":false},"excerpt":{"rendered":"<p>Estoque indispon\u00edvel.<br \/><small>atualizado em 14\/04\/2021.<\/p>\n","protected":false},"featured_media":1129,"template":"","meta":[],"product_cat":[59],"product_tag":[],"_links":{"self":[{"href":"https:\/\/comprenowhats.com.br\/anacaprimacae\/wp-json\/wp\/v2\/product\/1130"}],"collection":[{"href":"https:\/\/comprenowhats.com.br\/anacaprimacae\/wp-json\/wp\/v2\/product"}],"about":[{"href":"https:\/\/comprenowhats.com.br\/anacaprimacae\/wp-json\/wp\/v2\/types\/product"}],"wp:featuredmedia":[{"embeddable":true,"href":"https:\/\/comprenowhats.com.br\/anacaprimacae\/wp-json\/wp\/v2\/media\/1129"}],"wp:attachment":[{"href":"https:\/\/comprenowhats.com.br\/anacaprimacae\/wp-json\/wp\/v2\/media?parent=1130"}],"wp:term":[{"taxonomy":"product_cat","embeddable":true,"href":"https:\/\/comprenowhats.com.br\/anacaprimacae\/wp-json\/wp\/v2\/product_cat?post=1130"},{"taxonomy":"product_tag","embeddable":true,"href":"https:\/\/comprenowhats.com.br\/anacaprimacae\/wp-json\/wp\/v2\/product_tag?post=1130"}],"curies":[{"name":"wp","href":"https:\/\/api.w.org\/{rel}","templated":true}]}}