{"id":1126,"date":"2020-10-28T14:56:57","date_gmt":"2020-10-28T17:56:57","guid":{"rendered":"https:\/\/comprenowhats.com.br\/anacaprimacae\/produto\/chinelo-de-dedo-amarelo-couro\/"},"modified":"2022-05-18T11:34:08","modified_gmt":"2022-05-18T14:34:08","slug":"chinelo-de-dedo-amarelo-couro","status":"publish","type":"product","link":"https:\/\/comprenowhats.com.br\/anacaprimacae\/produto\/chinelo-de-dedo-amarelo-couro\/","title":{"rendered":"Chinelo de Dedo Amarelo Couro"},"content":{"rendered":"<p>Chinelo de dedo rasteiro amarelo de couro. O modelo tem bico quadrado e palmilha marrom com nome da marca. Traz duas tiras largas dividindo os dedos. Deixa todo o p\u00e9 \u00e0 mostra.<\/p>\n<p><b>Porque Apostar<\/b><\/br><\/br>Despojado, fresco e pr\u00e1tico, o chinelo flat \u00e9 aquele modelo mega vers\u00e1til para usar em casa, na praia, para passear ou at\u00e9 para dar uma sa\u00edda rapidinha. Mais confort\u00e1vel imposs\u00edvel, o chinelo vai bem com tudo! Para ter um de cada cor, n\u00e9?<\/p>\n<div style='text-align: center'><img src='https:\/\/secure-static.anacapri.com.br\/medias\/sys_master\/anacapri\/anacapri\/heb\/h1c\/h00\/h00\/9931884855326\/3024400060001U-03-BASEIMAGE-Midres.jpg' style='max-height: 400px' \/><img src='https:\/\/secure-static.anacapri.com.br\/medias\/sys_master\/anacapri\/anacapri\/hb6\/h46\/h00\/h00\/9931885183006\/3024400060001U-04-BASEIMAGE-Midres.jpg' style='max-height: 400px' \/><img src='https:\/\/secure-static.anacapri.com.br\/medias\/sys_master\/anacapri\/anacapri\/hcc\/h85\/h00\/h00\/9931885641758\/3024400060001U-05-BASEIMAGE-Midres.jpg' style='max-height: 400px' \/><img src='https:\/\/secure-static.anacapri.com.br\/medias\/sys_master\/anacapri\/anacapri\/h8e\/h35\/h00\/h00\/9931885969438\/3024400060001U-06-BASEIMAGE-Midres.jpg' style='max-height: 400px' \/><img src='https:\/\/secure-static.anacapri.com.br\/medias\/sys_master\/anacapri\/anacapri\/h13\/h2e\/h00\/h00\/9931886297118\/3024400060001U-07-BASEIMAGE-Midres.jpg' style='max-height: 400px' \/><img src='https:\/\/secure-static.anacapri.com.br\/medias\/sys_master\/anacapri\/anacapri\/h8d\/h24\/h00\/h00\/9931886624798\/3024400060001U-08-BASEIMAGE-Midres.jpg' style='max-height: 400px' \/><\/div>\n<p>* Entre em contato por WhatsApp para verificar a disponibilidade do produto. Ref.: C3024400060001<\/p>\n","protected":false},"excerpt":{"rendered":"<p>Estoque indispon\u00edvel.<br \/><small>atualizado em 18\/05\/2022.<\/p>\n","protected":false},"featured_media":1125,"template":"","meta":[],"product_cat":[49],"product_tag":[22,23,24,25,27],"_links":{"self":[{"href":"https:\/\/comprenowhats.com.br\/anacaprimacae\/wp-json\/wp\/v2\/product\/1126"}],"collection":[{"href":"https:\/\/comprenowhats.com.br\/anacaprimacae\/wp-json\/wp\/v2\/product"}],"about":[{"href":"https:\/\/comprenowhats.com.br\/anacaprimacae\/wp-json\/wp\/v2\/types\/product"}],"wp:featuredmedia":[{"embeddable":true,"href":"https:\/\/comprenowhats.com.br\/anacaprimacae\/wp-json\/wp\/v2\/media\/1125"}],"wp:attachment":[{"href":"https:\/\/comprenowhats.com.br\/anacaprimacae\/wp-json\/wp\/v2\/media?parent=1126"}],"wp:term":[{"taxonomy":"product_cat","embeddable":true,"href":"https:\/\/comprenowhats.com.br\/anacaprimacae\/wp-json\/wp\/v2\/product_cat?post=1126"},{"taxonomy":"product_tag","embeddable":true,"href":"https:\/\/comprenowhats.com.br\/anacaprimacae\/wp-json\/wp\/v2\/product_tag?post=1126"}],"curies":[{"name":"wp","href":"https:\/\/api.w.org\/{rel}","templated":true}]}}