{"id":1124,"date":"2020-10-28T14:56:55","date_gmt":"2020-10-28T17:56:55","guid":{"rendered":"https:\/\/comprenowhats.com.br\/anacaprimacae\/produto\/chinelo-de-dedo-rosa-blush-couro\/"},"modified":"2022-05-18T11:33:35","modified_gmt":"2022-05-18T14:33:35","slug":"chinelo-de-dedo-rosa-blush-couro","status":"publish","type":"product","link":"https:\/\/comprenowhats.com.br\/anacaprimacae\/produto\/chinelo-de-dedo-rosa-blush-couro\/","title":{"rendered":"Chinelo de Dedo Rosa Blush Couro"},"content":{"rendered":"<p>Chinelo de dedo rasteiro rosa de couro. O modelo tem bico quadrado e palmilha marrom com nome da marca. Traz duas tiras largas dividindo os dedos. Deixa todo o p\u00e9 \u00e0 mostra.<\/p>\n<p><b>Porque Apostar<\/b><\/br><\/br>Despojado, fresco e pr\u00e1tico, o chinelo flat \u00e9 aquele modelo mega vers\u00e1til para usar em casa, na praia, para passear ou at\u00e9 para dar uma sa\u00edda rapidinha. Mais confort\u00e1vel imposs\u00edvel, o chinelo vai bem com tudo! Para ter um de cada cor, n\u00e9?<\/p>\n<div style='text-align: center'><img src='https:\/\/secure-static.anacapri.com.br\/medias\/sys_master\/anacapri\/anacapri\/he1\/h2f\/h00\/h00\/9921694236702\/3024400060002U-03-BASEIMAGE-Midres.jpg' style='max-height: 400px' \/><img src='https:\/\/secure-static.anacapri.com.br\/medias\/sys_master\/anacapri\/anacapri\/hcb\/h37\/h00\/h00\/9921694564382\/3024400060002U-04-BASEIMAGE-Midres.jpg' style='max-height: 400px' \/><img src='https:\/\/secure-static.anacapri.com.br\/medias\/sys_master\/anacapri\/anacapri\/h61\/h87\/h00\/h00\/9921694892062\/3024400060002U-05-BASEIMAGE-Midres.jpg' style='max-height: 400px' \/><img src='https:\/\/secure-static.anacapri.com.br\/medias\/sys_master\/anacapri\/anacapri\/h78\/h7a\/h00\/h00\/9921695219742\/3024400060002U-06-BASEIMAGE-Midres.jpg' style='max-height: 400px' \/><img src='https:\/\/secure-static.anacapri.com.br\/medias\/sys_master\/anacapri\/anacapri\/he3\/h2a\/h00\/h00\/9921695547422\/3024400060002U-07-BASEIMAGE-Midres.jpg' style='max-height: 400px' \/><img src='https:\/\/secure-static.anacapri.com.br\/medias\/sys_master\/anacapri\/anacapri\/hb2\/h24\/h00\/h00\/9921695875102\/3024400060002U-08-BASEIMAGE-Midres.jpg' style='max-height: 400px' \/><\/div>\n<p>* Entre em contato por WhatsApp para verificar a disponibilidade do produto. Ref.: C3024400060002<\/p>\n","protected":false},"excerpt":{"rendered":"<p>Estoque indispon\u00edvel.<br \/><small>atualizado em 18\/05\/2022.<\/p>\n","protected":false},"featured_media":1123,"template":"","meta":[],"product_cat":[49],"product_tag":[22,23,24,25,27],"_links":{"self":[{"href":"https:\/\/comprenowhats.com.br\/anacaprimacae\/wp-json\/wp\/v2\/product\/1124"}],"collection":[{"href":"https:\/\/comprenowhats.com.br\/anacaprimacae\/wp-json\/wp\/v2\/product"}],"about":[{"href":"https:\/\/comprenowhats.com.br\/anacaprimacae\/wp-json\/wp\/v2\/types\/product"}],"wp:featuredmedia":[{"embeddable":true,"href":"https:\/\/comprenowhats.com.br\/anacaprimacae\/wp-json\/wp\/v2\/media\/1123"}],"wp:attachment":[{"href":"https:\/\/comprenowhats.com.br\/anacaprimacae\/wp-json\/wp\/v2\/media?parent=1124"}],"wp:term":[{"taxonomy":"product_cat","embeddable":true,"href":"https:\/\/comprenowhats.com.br\/anacaprimacae\/wp-json\/wp\/v2\/product_cat?post=1124"},{"taxonomy":"product_tag","embeddable":true,"href":"https:\/\/comprenowhats.com.br\/anacaprimacae\/wp-json\/wp\/v2\/product_tag?post=1124"}],"curies":[{"name":"wp","href":"https:\/\/api.w.org\/{rel}","templated":true}]}}