{"id":1122,"date":"2020-10-28T14:56:54","date_gmt":"2020-10-28T17:56:54","guid":{"rendered":"https:\/\/comprenowhats.com.br\/anacaprimacae\/produto\/chinelo-de-dedo-preto-couro\/"},"modified":"2022-08-18T15:23:33","modified_gmt":"2022-08-18T18:23:33","slug":"chinelo-de-dedo-preto-couro","status":"publish","type":"product","link":"https:\/\/comprenowhats.com.br\/anacaprimacae\/produto\/chinelo-de-dedo-preto-couro\/","title":{"rendered":"Chinelo de Dedo Preto Couro"},"content":{"rendered":"<p>Chinelo de dedo rasteiro preto de couro. O modelo tem bico quadrado e palmilha marrom com nome da marca. Traz duas tiras largas dividindo os dedos. Deixa todo o p\u00e9 \u00e0 mostra.<\/p>\n<p><b>Porque Apostar<\/b><\/br><\/br>Despojado, fresco e pr\u00e1tico, o chinelo flat \u00e9 aquele modelo mega vers\u00e1til para usar em casa, na praia, para passear ou at\u00e9 para dar uma sa\u00edda rapidinha. Mais confort\u00e1vel imposs\u00edvel, o chinelo vai bem com tudo! Para ter um de cada cor, n\u00e9?<\/p>\n<div style='text-align: center'><img src='https:\/\/secure-static.anacapri.com.br\/medias\/sys_master\/anacapri\/anacapri\/hcf\/h36\/h00\/h00\/9921691746334\/3024400060003U-03-BASEIMAGE-Midres.jpg' style='max-height: 400px' \/><img src='https:\/\/secure-static.anacapri.com.br\/medias\/sys_master\/anacapri\/anacapri\/h18\/hca\/h00\/h00\/9921692205086\/3024400060003U-04-BASEIMAGE-Midres.jpg' style='max-height: 400px' \/><img src='https:\/\/secure-static.anacapri.com.br\/medias\/sys_master\/anacapri\/anacapri\/h8f\/h81\/h00\/h00\/9921692598302\/3024400060003U-05-BASEIMAGE-Midres.jpg' style='max-height: 400px' \/><img src='https:\/\/secure-static.anacapri.com.br\/medias\/sys_master\/anacapri\/anacapri\/hee\/h2e\/h00\/h00\/9921692925982\/3024400060003U-06-BASEIMAGE-Midres.jpg' style='max-height: 400px' \/><img src='https:\/\/secure-static.anacapri.com.br\/medias\/sys_master\/anacapri\/anacapri\/h90\/h92\/h00\/h00\/9921693253662\/3024400060003U-07-BASEIMAGE-Midres.jpg' style='max-height: 400px' \/><img src='https:\/\/secure-static.anacapri.com.br\/medias\/sys_master\/anacapri\/anacapri\/h26\/he2\/h00\/h00\/9921693581342\/3024400060003U-08-BASEIMAGE-Midres.jpg' style='max-height: 400px' \/><\/div>\n<p>* Entre em contato por WhatsApp para verificar a disponibilidade do produto. Ref.: C3024400060003<\/p>\n","protected":false},"excerpt":{"rendered":"<p>Estoque dispon\u00edvel no tamanho: 35.<br \/><small>atualizado em 18\/08\/2022.<\/p>\n","protected":false},"featured_media":1121,"template":"","meta":[],"product_cat":[49],"product_tag":[23],"_links":{"self":[{"href":"https:\/\/comprenowhats.com.br\/anacaprimacae\/wp-json\/wp\/v2\/product\/1122"}],"collection":[{"href":"https:\/\/comprenowhats.com.br\/anacaprimacae\/wp-json\/wp\/v2\/product"}],"about":[{"href":"https:\/\/comprenowhats.com.br\/anacaprimacae\/wp-json\/wp\/v2\/types\/product"}],"wp:featuredmedia":[{"embeddable":true,"href":"https:\/\/comprenowhats.com.br\/anacaprimacae\/wp-json\/wp\/v2\/media\/1121"}],"wp:attachment":[{"href":"https:\/\/comprenowhats.com.br\/anacaprimacae\/wp-json\/wp\/v2\/media?parent=1122"}],"wp:term":[{"taxonomy":"product_cat","embeddable":true,"href":"https:\/\/comprenowhats.com.br\/anacaprimacae\/wp-json\/wp\/v2\/product_cat?post=1122"},{"taxonomy":"product_tag","embeddable":true,"href":"https:\/\/comprenowhats.com.br\/anacaprimacae\/wp-json\/wp\/v2\/product_tag?post=1122"}],"curies":[{"name":"wp","href":"https:\/\/api.w.org\/{rel}","templated":true}]}}